{"id":1278,"date":"2025-01-28T14:46:19","date_gmt":"2025-01-28T14:46:19","guid":{"rendered":"https:\/\/ezmolalite.com\/?post_type=product&#038;p=1278"},"modified":"2025-12-12T16:24:27","modified_gmt":"2025-12-12T16:24:27","slug":"men-dress-shoes-chaussures-homme-i","status":"publish","type":"product","link":"https:\/\/ezmolalite.com\/fr\/product\/men-dress-shoes-chaussures-homme-i\/","title":{"rendered":"Men Dress Shoes &#8211; Chaussures Homme I"},"content":{"rendered":"<p>Classy Black Men Dress Shoes of high quality leather<\/p>\n<p>Chaussures noires \u00e9l\u00e9gantes pour hommes en cuir de haute qualit\u00e9<\/p>\n","protected":false},"excerpt":{"rendered":"<p>Classy Black Men Dress Shoes of high quality leather Chaussures noires \u00e9l\u00e9gantes pour hommes en cuir de haute qualit\u00e9<\/p>\n","protected":false},"featured_media":1275,"comment_status":"open","ping_status":"closed","template":"","meta":{"_acf_changed":false},"product_brand":[],"product_cat":[274,20],"product_tag":[64,131,34,129,33,128,130],"class_list":{"0":"post-1278","1":"product","2":"type-product","3":"status-publish","4":"has-post-thumbnail","6":"product_cat-chaussures-hoome-mens-shoes","7":"product_cat-men","8":"product_tag-black","9":"product_tag-chaussure","10":"product_tag-fashion","11":"product_tag-homme","12":"product_tag-men","13":"product_tag-men-shoes","14":"product_tag-noir","16":"first","17":"instock","18":"sale","19":"shipping-taxable","20":"purchasable","21":"product-type-simple"},"acf":[],"_links":{"self":[{"href":"https:\/\/ezmolalite.com\/fr\/wp-json\/wp\/v2\/product\/1278","targetHints":{"allow":["GET"]}}],"collection":[{"href":"https:\/\/ezmolalite.com\/fr\/wp-json\/wp\/v2\/product"}],"about":[{"href":"https:\/\/ezmolalite.com\/fr\/wp-json\/wp\/v2\/types\/product"}],"replies":[{"embeddable":true,"href":"https:\/\/ezmolalite.com\/fr\/wp-json\/wp\/v2\/comments?post=1278"}],"version-history":[{"count":1,"href":"https:\/\/ezmolalite.com\/fr\/wp-json\/wp\/v2\/product\/1278\/revisions"}],"predecessor-version":[{"id":6117,"href":"https:\/\/ezmolalite.com\/fr\/wp-json\/wp\/v2\/product\/1278\/revisions\/6117"}],"wp:featuredmedia":[{"embeddable":true,"href":"https:\/\/ezmolalite.com\/fr\/wp-json\/wp\/v2\/media\/1275"}],"wp:attachment":[{"href":"https:\/\/ezmolalite.com\/fr\/wp-json\/wp\/v2\/media?parent=1278"}],"wp:term":[{"taxonomy":"product_brand","embeddable":true,"href":"https:\/\/ezmolalite.com\/fr\/wp-json\/wp\/v2\/product_brand?post=1278"},{"taxonomy":"product_cat","embeddable":true,"href":"https:\/\/ezmolalite.com\/fr\/wp-json\/wp\/v2\/product_cat?post=1278"},{"taxonomy":"product_tag","embeddable":true,"href":"https:\/\/ezmolalite.com\/fr\/wp-json\/wp\/v2\/product_tag?post=1278"}],"curies":[{"name":"wp","href":"https:\/\/api.w.org\/{rel}","templated":true}]}}