{"id":1283,"date":"2025-01-28T14:51:25","date_gmt":"2025-01-28T14:51:25","guid":{"rendered":"https:\/\/ezmolalite.com\/?post_type=product&#038;p=1283"},"modified":"2025-01-28T14:52:15","modified_gmt":"2025-01-28T14:52:15","slug":"men-dress-boots-chaussures-homme-v","status":"publish","type":"product","link":"https:\/\/ezmolalite.com\/fr\/product\/men-dress-boots-chaussures-homme-v\/","title":{"rendered":"Men Dress Boots &#8211; Chaussures Homme V"},"content":{"rendered":"<p>Classy Black Men Dress Shoes of high quality leather<\/p>\n<p>Chaussures noires \u00e9l\u00e9gantes pour hommes en cuir de haute qualit\u00e9<\/p>\n","protected":false},"excerpt":{"rendered":"<p>Classy Black Men Dress Shoes of high quality leather Chaussures noires \u00e9l\u00e9gantes pour hommes en cuir de haute qualit\u00e9<\/p>\n","protected":false},"featured_media":1261,"comment_status":"open","ping_status":"closed","template":"","meta":{"_acf_changed":false},"product_brand":[],"product_cat":[20],"product_tag":[64,131,34,129,33,128,130],"class_list":{"0":"post-1283","1":"product","2":"type-product","3":"status-publish","4":"has-post-thumbnail","6":"product_cat-men","7":"product_tag-black","8":"product_tag-chaussure","9":"product_tag-fashion","10":"product_tag-homme","11":"product_tag-men","12":"product_tag-men-shoes","13":"product_tag-noir","15":"first","16":"instock","17":"shipping-taxable","18":"purchasable","19":"product-type-simple"},"acf":[],"_links":{"self":[{"href":"https:\/\/ezmolalite.com\/fr\/wp-json\/wp\/v2\/product\/1283","targetHints":{"allow":["GET"]}}],"collection":[{"href":"https:\/\/ezmolalite.com\/fr\/wp-json\/wp\/v2\/product"}],"about":[{"href":"https:\/\/ezmolalite.com\/fr\/wp-json\/wp\/v2\/types\/product"}],"replies":[{"embeddable":true,"href":"https:\/\/ezmolalite.com\/fr\/wp-json\/wp\/v2\/comments?post=1283"}],"version-history":[{"count":0,"href":"https:\/\/ezmolalite.com\/fr\/wp-json\/wp\/v2\/product\/1283\/revisions"}],"wp:featuredmedia":[{"embeddable":true,"href":"https:\/\/ezmolalite.com\/fr\/wp-json\/wp\/v2\/media\/1261"}],"wp:attachment":[{"href":"https:\/\/ezmolalite.com\/fr\/wp-json\/wp\/v2\/media?parent=1283"}],"wp:term":[{"taxonomy":"product_brand","embeddable":true,"href":"https:\/\/ezmolalite.com\/fr\/wp-json\/wp\/v2\/product_brand?post=1283"},{"taxonomy":"product_cat","embeddable":true,"href":"https:\/\/ezmolalite.com\/fr\/wp-json\/wp\/v2\/product_cat?post=1283"},{"taxonomy":"product_tag","embeddable":true,"href":"https:\/\/ezmolalite.com\/fr\/wp-json\/wp\/v2\/product_tag?post=1283"}],"curies":[{"name":"wp","href":"https:\/\/api.w.org\/{rel}","templated":true}]}}