{"id":4755,"date":"2025-07-10T17:26:31","date_gmt":"2025-07-10T17:26:31","guid":{"rendered":"https:\/\/ezmolalite.com\/?post_type=product&#038;p=4755"},"modified":"2025-07-10T17:31:12","modified_gmt":"2025-07-10T17:31:12","slug":"sac-a-main-celine","status":"publish","type":"product","link":"https:\/\/ezmolalite.com\/fr\/product\/sac-a-main-celine\/","title":{"rendered":"Sac \u00e0 main C\u00e9line"},"content":{"rendered":"<p>Chic et \u00e9l\u00e9gant pour toutes vos sorties entre amis<\/p>\n","protected":false},"excerpt":{"rendered":"<p>Chic et \u00e9l\u00e9gant pour toutes vos sorties entre amis<\/p>\n","protected":false},"featured_media":4756,"comment_status":"open","ping_status":"closed","template":"","meta":{"_acf_changed":false},"product_brand":[286],"product_cat":[19,61,73,258],"product_tag":[],"class_list":{"0":"post-4755","1":"product","2":"type-product","3":"status-publish","4":"has-post-thumbnail","6":"product_brand-celine","7":"product_cat-women","8":"product_cat-hot-sales","9":"product_cat-new-arrivals","10":"product_cat-women-bags","12":"first","13":"instock","14":"sale","15":"shipping-taxable","16":"purchasable","17":"product-type-variable"},"acf":[],"_links":{"self":[{"href":"https:\/\/ezmolalite.com\/fr\/wp-json\/wp\/v2\/product\/4755","targetHints":{"allow":["GET"]}}],"collection":[{"href":"https:\/\/ezmolalite.com\/fr\/wp-json\/wp\/v2\/product"}],"about":[{"href":"https:\/\/ezmolalite.com\/fr\/wp-json\/wp\/v2\/types\/product"}],"replies":[{"embeddable":true,"href":"https:\/\/ezmolalite.com\/fr\/wp-json\/wp\/v2\/comments?post=4755"}],"version-history":[{"count":1,"href":"https:\/\/ezmolalite.com\/fr\/wp-json\/wp\/v2\/product\/4755\/revisions"}],"predecessor-version":[{"id":4760,"href":"https:\/\/ezmolalite.com\/fr\/wp-json\/wp\/v2\/product\/4755\/revisions\/4760"}],"wp:featuredmedia":[{"embeddable":true,"href":"https:\/\/ezmolalite.com\/fr\/wp-json\/wp\/v2\/media\/4756"}],"wp:attachment":[{"href":"https:\/\/ezmolalite.com\/fr\/wp-json\/wp\/v2\/media?parent=4755"}],"wp:term":[{"taxonomy":"product_brand","embeddable":true,"href":"https:\/\/ezmolalite.com\/fr\/wp-json\/wp\/v2\/product_brand?post=4755"},{"taxonomy":"product_cat","embeddable":true,"href":"https:\/\/ezmolalite.com\/fr\/wp-json\/wp\/v2\/product_cat?post=4755"},{"taxonomy":"product_tag","embeddable":true,"href":"https:\/\/ezmolalite.com\/fr\/wp-json\/wp\/v2\/product_tag?post=4755"}],"curies":[{"name":"wp","href":"https:\/\/api.w.org\/{rel}","templated":true}]}}