{"id":4769,"date":"2025-07-10T17:36:29","date_gmt":"2025-07-10T17:36:29","guid":{"rendered":"https:\/\/ezmolalite.com\/?post_type=product&#038;p=4769"},"modified":"2025-07-10T18:31:49","modified_gmt":"2025-07-10T18:31:49","slug":"sac-a-main-modern-kylie-glamour","status":"publish","type":"product","link":"https:\/\/ezmolalite.com\/fr\/product\/sac-a-main-modern-kylie-glamour\/","title":{"rendered":"Sac \u00e0 main Modern Kylie Glamour"},"content":{"rendered":"<p>Chic et \u00e9l\u00e9gant pour toutes vos sorties entre amis<\/p>\n","protected":false},"excerpt":{"rendered":"<p>Chic et \u00e9l\u00e9gant pour toutes vos sorties entre amis<\/p>\n","protected":false},"featured_media":4770,"comment_status":"open","ping_status":"closed","template":"","meta":{"_acf_changed":false},"product_brand":[287],"product_cat":[19,73,258],"product_tag":[],"class_list":{"0":"post-4769","1":"product","2":"type-product","3":"status-publish","4":"has-post-thumbnail","6":"product_brand-modern-kylie","7":"product_cat-women","8":"product_cat-new-arrivals","9":"product_cat-women-bags","11":"first","12":"instock","13":"shipping-taxable","14":"purchasable","15":"product-type-simple"},"acf":[],"_links":{"self":[{"href":"https:\/\/ezmolalite.com\/fr\/wp-json\/wp\/v2\/product\/4769","targetHints":{"allow":["GET"]}}],"collection":[{"href":"https:\/\/ezmolalite.com\/fr\/wp-json\/wp\/v2\/product"}],"about":[{"href":"https:\/\/ezmolalite.com\/fr\/wp-json\/wp\/v2\/types\/product"}],"replies":[{"embeddable":true,"href":"https:\/\/ezmolalite.com\/fr\/wp-json\/wp\/v2\/comments?post=4769"}],"version-history":[{"count":1,"href":"https:\/\/ezmolalite.com\/fr\/wp-json\/wp\/v2\/product\/4769\/revisions"}],"predecessor-version":[{"id":4771,"href":"https:\/\/ezmolalite.com\/fr\/wp-json\/wp\/v2\/product\/4769\/revisions\/4771"}],"wp:featuredmedia":[{"embeddable":true,"href":"https:\/\/ezmolalite.com\/fr\/wp-json\/wp\/v2\/media\/4770"}],"wp:attachment":[{"href":"https:\/\/ezmolalite.com\/fr\/wp-json\/wp\/v2\/media?parent=4769"}],"wp:term":[{"taxonomy":"product_brand","embeddable":true,"href":"https:\/\/ezmolalite.com\/fr\/wp-json\/wp\/v2\/product_brand?post=4769"},{"taxonomy":"product_cat","embeddable":true,"href":"https:\/\/ezmolalite.com\/fr\/wp-json\/wp\/v2\/product_cat?post=4769"},{"taxonomy":"product_tag","embeddable":true,"href":"https:\/\/ezmolalite.com\/fr\/wp-json\/wp\/v2\/product_tag?post=4769"}],"curies":[{"name":"wp","href":"https:\/\/api.w.org\/{rel}","templated":true}]}}