{"id":4772,"date":"2025-07-10T17:38:43","date_gmt":"2025-07-10T17:38:43","guid":{"rendered":"https:\/\/ezmolalite.com\/?post_type=product&#038;p=4772"},"modified":"2025-07-10T18:31:29","modified_gmt":"2025-07-10T18:31:29","slug":"sac-a-main-fenini","status":"publish","type":"product","link":"https:\/\/ezmolalite.com\/fr\/product\/sac-a-main-fenini\/","title":{"rendered":"Sac \u00e0 main Fenini"},"content":{"rendered":"<p>Chic et \u00e9l\u00e9gant pour toutes vos sorties entre amis<\/p>\n","protected":false},"excerpt":{"rendered":"<p>Chic et \u00e9l\u00e9gant pour toutes vos sorties entre amis<\/p>\n","protected":false},"featured_media":4773,"comment_status":"open","ping_status":"closed","template":"","meta":{"_acf_changed":false},"product_brand":[289],"product_cat":[19,73,258],"product_tag":[],"class_list":{"0":"post-4772","1":"product","2":"type-product","3":"status-publish","4":"has-post-thumbnail","6":"product_brand-fenini","7":"product_cat-women","8":"product_cat-new-arrivals","9":"product_cat-women-bags","11":"first","12":"instock","13":"shipping-taxable","14":"purchasable","15":"product-type-simple"},"acf":[],"_links":{"self":[{"href":"https:\/\/ezmolalite.com\/fr\/wp-json\/wp\/v2\/product\/4772","targetHints":{"allow":["GET"]}}],"collection":[{"href":"https:\/\/ezmolalite.com\/fr\/wp-json\/wp\/v2\/product"}],"about":[{"href":"https:\/\/ezmolalite.com\/fr\/wp-json\/wp\/v2\/types\/product"}],"replies":[{"embeddable":true,"href":"https:\/\/ezmolalite.com\/fr\/wp-json\/wp\/v2\/comments?post=4772"}],"version-history":[{"count":1,"href":"https:\/\/ezmolalite.com\/fr\/wp-json\/wp\/v2\/product\/4772\/revisions"}],"predecessor-version":[{"id":4774,"href":"https:\/\/ezmolalite.com\/fr\/wp-json\/wp\/v2\/product\/4772\/revisions\/4774"}],"wp:featuredmedia":[{"embeddable":true,"href":"https:\/\/ezmolalite.com\/fr\/wp-json\/wp\/v2\/media\/4773"}],"wp:attachment":[{"href":"https:\/\/ezmolalite.com\/fr\/wp-json\/wp\/v2\/media?parent=4772"}],"wp:term":[{"taxonomy":"product_brand","embeddable":true,"href":"https:\/\/ezmolalite.com\/fr\/wp-json\/wp\/v2\/product_brand?post=4772"},{"taxonomy":"product_cat","embeddable":true,"href":"https:\/\/ezmolalite.com\/fr\/wp-json\/wp\/v2\/product_cat?post=4772"},{"taxonomy":"product_tag","embeddable":true,"href":"https:\/\/ezmolalite.com\/fr\/wp-json\/wp\/v2\/product_tag?post=4772"}],"curies":[{"name":"wp","href":"https:\/\/api.w.org\/{rel}","templated":true}]}}