{"id":4789,"date":"2025-07-10T17:59:49","date_gmt":"2025-07-10T17:59:49","guid":{"rendered":"https:\/\/ezmolalite.com\/?post_type=product&#038;p=4789"},"modified":"2025-07-10T18:03:25","modified_gmt":"2025-07-10T18:03:25","slug":"sac-pochette-maliano","status":"publish","type":"product","link":"https:\/\/ezmolalite.com\/fr\/product\/sac-pochette-maliano\/","title":{"rendered":"Sac pochette Maliano"},"content":{"rendered":"<p>Id\u00e9al pour vos soir\u00e9es et mariages, d\u00eeners<\/p>\n","protected":false},"excerpt":{"rendered":"<p>Id\u00e9al pour vos soir\u00e9es et mariages, d\u00eeners<\/p>\n","protected":false},"featured_media":4790,"comment_status":"open","ping_status":"closed","template":"","meta":{"_acf_changed":false},"product_brand":[291],"product_cat":[19,61,73,258],"product_tag":[],"class_list":{"0":"post-4789","1":"product","2":"type-product","3":"status-publish","4":"has-post-thumbnail","6":"product_brand-maliano","7":"product_cat-women","8":"product_cat-hot-sales","9":"product_cat-new-arrivals","10":"product_cat-women-bags","12":"first","13":"instock","14":"sale","15":"shipping-taxable","16":"purchasable","17":"product-type-simple"},"acf":[],"_links":{"self":[{"href":"https:\/\/ezmolalite.com\/fr\/wp-json\/wp\/v2\/product\/4789","targetHints":{"allow":["GET"]}}],"collection":[{"href":"https:\/\/ezmolalite.com\/fr\/wp-json\/wp\/v2\/product"}],"about":[{"href":"https:\/\/ezmolalite.com\/fr\/wp-json\/wp\/v2\/types\/product"}],"replies":[{"embeddable":true,"href":"https:\/\/ezmolalite.com\/fr\/wp-json\/wp\/v2\/comments?post=4789"}],"version-history":[{"count":1,"href":"https:\/\/ezmolalite.com\/fr\/wp-json\/wp\/v2\/product\/4789\/revisions"}],"predecessor-version":[{"id":4791,"href":"https:\/\/ezmolalite.com\/fr\/wp-json\/wp\/v2\/product\/4789\/revisions\/4791"}],"wp:featuredmedia":[{"embeddable":true,"href":"https:\/\/ezmolalite.com\/fr\/wp-json\/wp\/v2\/media\/4790"}],"wp:attachment":[{"href":"https:\/\/ezmolalite.com\/fr\/wp-json\/wp\/v2\/media?parent=4789"}],"wp:term":[{"taxonomy":"product_brand","embeddable":true,"href":"https:\/\/ezmolalite.com\/fr\/wp-json\/wp\/v2\/product_brand?post=4789"},{"taxonomy":"product_cat","embeddable":true,"href":"https:\/\/ezmolalite.com\/fr\/wp-json\/wp\/v2\/product_cat?post=4789"},{"taxonomy":"product_tag","embeddable":true,"href":"https:\/\/ezmolalite.com\/fr\/wp-json\/wp\/v2\/product_tag?post=4789"}],"curies":[{"name":"wp","href":"https:\/\/api.w.org\/{rel}","templated":true}]}}