{"id":4792,"date":"2025-07-10T18:04:06","date_gmt":"2025-07-10T18:04:06","guid":{"rendered":"https:\/\/ezmolalite.com\/?post_type=product&#038;p=4792"},"modified":"2025-07-10T18:30:56","modified_gmt":"2025-07-10T18:30:56","slug":"sac-a-main-charlie-keli","status":"publish","type":"product","link":"https:\/\/ezmolalite.com\/fr\/product\/sac-a-main-charlie-keli\/","title":{"rendered":"Sac \u00e0 main Charlie &#038; Keli"},"content":{"rendered":"<p>Id\u00e9al pour vos soir\u00e9es et mariages, d\u00eeners<\/p>\n","protected":false},"excerpt":{"rendered":"<p>Id\u00e9al pour vos soir\u00e9es et mariages, d\u00eeners<\/p>\n","protected":false},"featured_media":4793,"comment_status":"open","ping_status":"closed","template":"","meta":{"_acf_changed":false},"product_brand":[292],"product_cat":[19,73,258],"product_tag":[],"class_list":{"0":"post-4792","1":"product","2":"type-product","3":"status-publish","4":"has-post-thumbnail","6":"product_brand-charlie-keli","7":"product_cat-women","8":"product_cat-new-arrivals","9":"product_cat-women-bags","11":"first","12":"instock","13":"shipping-taxable","14":"purchasable","15":"product-type-simple"},"acf":[],"_links":{"self":[{"href":"https:\/\/ezmolalite.com\/fr\/wp-json\/wp\/v2\/product\/4792","targetHints":{"allow":["GET"]}}],"collection":[{"href":"https:\/\/ezmolalite.com\/fr\/wp-json\/wp\/v2\/product"}],"about":[{"href":"https:\/\/ezmolalite.com\/fr\/wp-json\/wp\/v2\/types\/product"}],"replies":[{"embeddable":true,"href":"https:\/\/ezmolalite.com\/fr\/wp-json\/wp\/v2\/comments?post=4792"}],"version-history":[{"count":1,"href":"https:\/\/ezmolalite.com\/fr\/wp-json\/wp\/v2\/product\/4792\/revisions"}],"predecessor-version":[{"id":4794,"href":"https:\/\/ezmolalite.com\/fr\/wp-json\/wp\/v2\/product\/4792\/revisions\/4794"}],"wp:featuredmedia":[{"embeddable":true,"href":"https:\/\/ezmolalite.com\/fr\/wp-json\/wp\/v2\/media\/4793"}],"wp:attachment":[{"href":"https:\/\/ezmolalite.com\/fr\/wp-json\/wp\/v2\/media?parent=4792"}],"wp:term":[{"taxonomy":"product_brand","embeddable":true,"href":"https:\/\/ezmolalite.com\/fr\/wp-json\/wp\/v2\/product_brand?post=4792"},{"taxonomy":"product_cat","embeddable":true,"href":"https:\/\/ezmolalite.com\/fr\/wp-json\/wp\/v2\/product_cat?post=4792"},{"taxonomy":"product_tag","embeddable":true,"href":"https:\/\/ezmolalite.com\/fr\/wp-json\/wp\/v2\/product_tag?post=4792"}],"curies":[{"name":"wp","href":"https:\/\/api.w.org\/{rel}","templated":true}]}}