{"id":4825,"date":"2025-07-17T18:15:29","date_gmt":"2025-07-17T18:15:29","guid":{"rendered":"https:\/\/ezmolalite.com\/?post_type=product&#038;p=4825"},"modified":"2025-07-17T19:51:05","modified_gmt":"2025-07-17T19:51:05","slug":"elegant-off-shoulder-midi-dress","status":"publish","type":"product","link":"https:\/\/ezmolalite.com\/fr\/product\/elegant-off-shoulder-midi-dress\/","title":{"rendered":"Elegant Off-Shoulder Midi Dress"},"content":{"rendered":"<p data-start=\"166\" data-end=\"436\">Faites sensation avec cette superbe robe midi \u00e0 \u00e9paules d\u00e9nud\u00e9es, con\u00e7ue pour la femme moderne qui appr\u00e9cie l\u2019\u00e9l\u00e9gance intemporelle. Confectionn\u00e9e dans un tissu de qualit\u00e9 sup\u00e9rieure, cette robe met en valeur la silhouette avec raffinement et sophistication.<\/p>\n<p data-start=\"438\" data-end=\"463\"><strong data-start=\"440\" data-end=\"461\">D\u00e9tails du Design<\/strong> :<\/p>\n<ul data-start=\"464\" data-end=\"873\">\n<li data-start=\"464\" data-end=\"567\">\n<p data-start=\"466\" data-end=\"567\"><strong data-start=\"466\" data-end=\"504\">Encolure Bardot (\u00e9paules d\u00e9nud\u00e9es)<\/strong> avec une finition textur\u00e9e d\u00e9licate pour une touche f\u00e9minine<\/p>\n<\/li>\n<li data-start=\"568\" data-end=\"647\">\n<p data-start=\"570\" data-end=\"647\"><strong data-start=\"570\" data-end=\"608\">Drap\u00e9 asym\u00e9trique et plis \u00e9l\u00e9gants<\/strong> pour sublimer les courbes naturelles<\/p>\n<\/li>\n<li data-start=\"648\" data-end=\"726\">\n<p data-start=\"650\" data-end=\"726\"><strong data-start=\"650\" data-end=\"689\">\u00c9paule orn\u00e9e d\u2019une fleur structur\u00e9e<\/strong> pour une allure unique et raffin\u00e9e<\/p>\n<\/li>\n<li data-start=\"727\" data-end=\"806\">\n<p data-start=\"729\" data-end=\"806\"><strong data-start=\"729\" data-end=\"746\">Longueur midi<\/strong> id\u00e9ale pour les mariages, cocktails et \u00e9v\u00e9nements formels<\/p>\n<\/li>\n<li data-start=\"807\" data-end=\"873\">\n<p data-start=\"809\" data-end=\"873\"><strong data-start=\"809\" data-end=\"836\">Fermeture zipp\u00e9e au dos<\/strong> pour une coupe ajust\u00e9e et discr\u00e8te<\/p>\n<\/li>\n<\/ul>\n<p data-start=\"875\" data-end=\"891\">\u00a0Id\u00e9ale pour :<\/p>\n<ul data-start=\"892\" data-end=\"996\">\n<li data-start=\"892\" data-end=\"940\">\n<p data-start=\"894\" data-end=\"940\">Mariages (invit\u00e9es ou demoiselles d\u2019honneur)<\/p>\n<\/li>\n<li data-start=\"941\" data-end=\"964\">\n<p data-start=\"943\" data-end=\"964\">Occasions sp\u00e9ciales<\/p>\n<\/li>\n<li data-start=\"965\" data-end=\"996\">\n<p data-start=\"967\" data-end=\"996\">Sorties \u00e9l\u00e9gantes en soir\u00e9e<\/p>\n<\/li>\n<\/ul>\n<p data-start=\"998\" data-end=\"1183\"><strong data-start=\"1001\" data-end=\"1012\">Mati\u00e8re<\/strong> : Tissu extensible de haute qualit\u00e9 pour un confort optimal<br data-start=\"1072\" data-end=\"1075\" \/><strong data-start=\"1078\" data-end=\"1089\">Couleur<\/strong> : Rose poudr\u00e9<br data-start=\"1103\" data-end=\"1106\" \/><strong data-start=\"1109\" data-end=\"1132\">Tailles disponibles<\/strong> : S, M, L, XL (tailles personnalis\u00e9es sur demande)<\/p>\n","protected":false},"excerpt":{"rendered":"<p>Faites sensation avec cette superbe robe midi \u00e0 \u00e9paules d\u00e9nud\u00e9es, con\u00e7ue pour la femme moderne qui appr\u00e9cie l\u2019\u00e9l\u00e9gance intemporelle. Confectionn\u00e9e dans un tissu de qualit\u00e9 sup\u00e9rieure, cette robe met en valeur la silhouette avec raffinement et sophistication.<\/p>\n","protected":false},"featured_media":4830,"comment_status":"open","ping_status":"closed","template":"","meta":{"_acf_changed":false},"product_brand":[],"product_cat":[19,301,259],"product_tag":[],"class_list":{"0":"post-4825","1":"product","2":"type-product","3":"status-publish","4":"has-post-thumbnail","6":"product_cat-women","7":"product_cat-women-dresses","8":"product_cat-women-clothes","10":"first","11":"instock","12":"sale","13":"shipping-taxable","14":"purchasable","15":"product-type-variable"},"acf":[],"_links":{"self":[{"href":"https:\/\/ezmolalite.com\/fr\/wp-json\/wp\/v2\/product\/4825","targetHints":{"allow":["GET"]}}],"collection":[{"href":"https:\/\/ezmolalite.com\/fr\/wp-json\/wp\/v2\/product"}],"about":[{"href":"https:\/\/ezmolalite.com\/fr\/wp-json\/wp\/v2\/types\/product"}],"replies":[{"embeddable":true,"href":"https:\/\/ezmolalite.com\/fr\/wp-json\/wp\/v2\/comments?post=4825"}],"version-history":[{"count":2,"href":"https:\/\/ezmolalite.com\/fr\/wp-json\/wp\/v2\/product\/4825\/revisions"}],"predecessor-version":[{"id":4833,"href":"https:\/\/ezmolalite.com\/fr\/wp-json\/wp\/v2\/product\/4825\/revisions\/4833"}],"wp:featuredmedia":[{"embeddable":true,"href":"https:\/\/ezmolalite.com\/fr\/wp-json\/wp\/v2\/media\/4830"}],"wp:attachment":[{"href":"https:\/\/ezmolalite.com\/fr\/wp-json\/wp\/v2\/media?parent=4825"}],"wp:term":[{"taxonomy":"product_brand","embeddable":true,"href":"https:\/\/ezmolalite.com\/fr\/wp-json\/wp\/v2\/product_brand?post=4825"},{"taxonomy":"product_cat","embeddable":true,"href":"https:\/\/ezmolalite.com\/fr\/wp-json\/wp\/v2\/product_cat?post=4825"},{"taxonomy":"product_tag","embeddable":true,"href":"https:\/\/ezmolalite.com\/fr\/wp-json\/wp\/v2\/product_tag?post=4825"}],"curies":[{"name":"wp","href":"https:\/\/api.w.org\/{rel}","templated":true}]}}