{"id":4851,"date":"2025-07-18T23:55:44","date_gmt":"2025-07-18T23:55:44","guid":{"rendered":"https:\/\/ezmolalite.com\/?post_type=product&#038;p=4851"},"modified":"2025-07-19T00:04:48","modified_gmt":"2025-07-19T00:04:48","slug":"sophisticated-bodycon-midi-dress-asymmetrical-neckline","status":"publish","type":"product","link":"https:\/\/ezmolalite.com\/fr\/product\/sophisticated-bodycon-midi-dress-asymmetrical-neckline\/","title":{"rendered":"Sophisticated Bodycon Midi Dress \u2013 Asymmetrical Neckline"},"content":{"rendered":"<p data-start=\"1238\" data-end=\"1617\">Affichez une \u00e9l\u00e9gance intemporelle avec cette superbe robe midi. Con\u00e7ue pour mettre en valeur vos courbes avec raffinement, elle se distingue par son encolure drap\u00e9e unique, ses manches trois-quarts et ses jolis boutons d\u00e9coratifs sur le c\u00f4t\u00e9. Id\u00e9ale pour un d\u00eener formel, un \u00e9v\u00e9nement professionnel ou une occasion sp\u00e9ciale, cette robe garantit un look chic et soign\u00e9.<\/p>\n<p data-start=\"1619\" data-end=\"1644\"><strong data-start=\"1621\" data-end=\"1642\">D\u00e9tails du Design<\/strong> :<\/p>\n<ul data-start=\"1645\" data-end=\"1983\">\n<li data-start=\"1645\" data-end=\"1710\">\n<p data-start=\"1647\" data-end=\"1710\"><strong data-start=\"1647\" data-end=\"1678\">Encolure asym\u00e9trique drap\u00e9e<\/strong> pour une touche d\u2019originalit\u00e9<\/p>\n<\/li>\n<li data-start=\"1711\" data-end=\"1764\">\n<p data-start=\"1713\" data-end=\"1764\"><strong data-start=\"1713\" data-end=\"1736\">Coupe pr\u00e8s du corps<\/strong> qui sublime la silhouette<\/p>\n<\/li>\n<li data-start=\"1765\" data-end=\"1828\">\n<p data-start=\"1767\" data-end=\"1828\"><strong data-start=\"1767\" data-end=\"1791\">Manches trois-quarts<\/strong> pour un style \u00e9l\u00e9gant et \u00e9quilibr\u00e9<\/p>\n<\/li>\n<li data-start=\"1829\" data-end=\"1888\">\n<p data-start=\"1831\" data-end=\"1888\"><strong data-start=\"1831\" data-end=\"1865\">Boutons d\u00e9coratifs sur le c\u00f4t\u00e9<\/strong> pour plus de finesse<\/p>\n<\/li>\n<li data-start=\"1889\" data-end=\"1983\">\n<p data-start=\"1891\" data-end=\"1983\"><strong data-start=\"1891\" data-end=\"1928\">Longueur midi (genou \u00e0 mi-mollet)<\/strong> parfaite pour les \u00e9v\u00e9nements formels et semi-formels<\/p>\n<\/li>\n<\/ul>\n<p data-start=\"1985\" data-end=\"2219\">\n","protected":false},"excerpt":{"rendered":"<p data-start=\"1238\" data-end=\"1617\">Affichez une \u00e9l\u00e9gance intemporelle avec cette superbe robe midi. Con\u00e7ue pour mettre en valeur vos courbes avec raffinement, elle se distingue par son encolure drap\u00e9e unique, ses manches trois-quarts et ses jolis boutons d\u00e9coratifs sur le c\u00f4t\u00e9. Id\u00e9ale pour un d\u00eener formel, un \u00e9v\u00e9nement professionnel ou une occasion sp\u00e9ciale, cette robe garantit un look chic et soign\u00e9.<\/p>\n<p data-start=\"1619\" data-end=\"1644\">\n","protected":false},"featured_media":4857,"comment_status":"open","ping_status":"closed","template":"","meta":{"_acf_changed":false},"product_brand":[],"product_cat":[19,301,259],"product_tag":[],"class_list":{"0":"post-4851","1":"product","2":"type-product","3":"status-publish","4":"has-post-thumbnail","6":"product_cat-women","7":"product_cat-women-dresses","8":"product_cat-women-clothes","10":"first","11":"instock","12":"shipping-taxable","13":"purchasable","14":"product-type-variable"},"acf":[],"_links":{"self":[{"href":"https:\/\/ezmolalite.com\/fr\/wp-json\/wp\/v2\/product\/4851","targetHints":{"allow":["GET"]}}],"collection":[{"href":"https:\/\/ezmolalite.com\/fr\/wp-json\/wp\/v2\/product"}],"about":[{"href":"https:\/\/ezmolalite.com\/fr\/wp-json\/wp\/v2\/types\/product"}],"replies":[{"embeddable":true,"href":"https:\/\/ezmolalite.com\/fr\/wp-json\/wp\/v2\/comments?post=4851"}],"version-history":[{"count":1,"href":"https:\/\/ezmolalite.com\/fr\/wp-json\/wp\/v2\/product\/4851\/revisions"}],"predecessor-version":[{"id":4858,"href":"https:\/\/ezmolalite.com\/fr\/wp-json\/wp\/v2\/product\/4851\/revisions\/4858"}],"wp:featuredmedia":[{"embeddable":true,"href":"https:\/\/ezmolalite.com\/fr\/wp-json\/wp\/v2\/media\/4857"}],"wp:attachment":[{"href":"https:\/\/ezmolalite.com\/fr\/wp-json\/wp\/v2\/media?parent=4851"}],"wp:term":[{"taxonomy":"product_brand","embeddable":true,"href":"https:\/\/ezmolalite.com\/fr\/wp-json\/wp\/v2\/product_brand?post=4851"},{"taxonomy":"product_cat","embeddable":true,"href":"https:\/\/ezmolalite.com\/fr\/wp-json\/wp\/v2\/product_cat?post=4851"},{"taxonomy":"product_tag","embeddable":true,"href":"https:\/\/ezmolalite.com\/fr\/wp-json\/wp\/v2\/product_tag?post=4851"}],"curies":[{"name":"wp","href":"https:\/\/api.w.org\/{rel}","templated":true}]}}