{"id":4886,"date":"2025-07-21T20:47:46","date_gmt":"2025-07-21T20:47:46","guid":{"rendered":"https:\/\/ezmolalite.com\/?post_type=product&#038;p=4886"},"modified":"2025-07-22T16:08:17","modified_gmt":"2025-07-22T16:08:17","slug":"off-shoulder-ribbed-knit-2-piece-set-crop-top-maxi-skirt","status":"publish","type":"product","link":"https:\/\/ezmolalite.com\/fr\/product\/off-shoulder-ribbed-knit-2-piece-set-crop-top-maxi-skirt\/","title":{"rendered":"Off-Shoulder Ribbed Knit 2-Piece Set \u2013 Crop Top &#038; Maxi Skirt"},"content":{"rendered":"<div class=\"flex basis-auto flex-col -mb-(--composer-overlap-px) [--composer-overlap-px:55px] grow overflow-hidden\">\n<div class=\"relative h-full\">\n<div class=\"flex h-full flex-col overflow-y-auto [scrollbar-gutter:stable_both-edges] @[84rem]\/thread:pt-(--header-height)\">\n<div class=\"@thread-xl\/thread:pt-header-height flex flex-col text-sm pb-25\">\n<article class=\"text-token-text-primary w-full\" dir=\"auto\" data-testid=\"conversation-turn-62\" data-scroll-anchor=\"true\">\n<div class=\"text-base my-auto mx-auto py-5 [--thread-content-margin:--spacing(4)] @[37rem]:[--thread-content-margin:--spacing(6)] @[72rem]:[--thread-content-margin:--spacing(16)] px-(--thread-content-margin)\">\n<div class=\"[--thread-content-max-width:32rem] @[34rem]:[--thread-content-max-width:40rem] @[64rem]:[--thread-content-max-width:48rem] mx-auto flex max-w-(--thread-content-max-width) flex-1 text-base gap-4 md:gap-5 lg:gap-6 group\/turn-messages focus-visible:outline-hidden\" tabindex=\"-1\">\n<div class=\"group\/conversation-turn relative flex w-full min-w-0 flex-col agent-turn\">\n<div class=\"relative flex-col gap-1 md:gap-3\">\n<div class=\"flex max-w-full flex-col grow\">\n<div class=\"min-h-8 text-message relative flex w-full flex-col items-end gap-2 text-start break-words whitespace-normal [.text-message+&amp;]:mt-5\" dir=\"auto\" data-message-author-role=\"assistant\" data-message-id=\"92b6e1a4-7407-4e48-847a-61744771ecb0\" data-message-model-slug=\"gpt-4o\">\n<div class=\"flex w-full flex-col gap-1 empty:hidden first:pt-[3px]\">\n<div class=\"markdown prose dark:prose-invert w-full break-words light\">\n<p data-start=\"1329\" data-end=\"1673\"><strong data-start=\"1329\" data-end=\"1383\">Le parfait m\u00e9lange de confort et de sensualit\u00e9.<\/strong><br data-start=\"1383\" data-end=\"1386\" \/>Cet ensemble deux pi\u00e8ces en maille c\u00f4tel\u00e9e est \u00e0 la fois \u00e9l\u00e9gant et confortable. Avec son top court \u00e0 \u00e9paules d\u00e9nud\u00e9es et manches longues, accompagn\u00e9 d&rsquo;une jupe longue taille haute, il sublime les courbes tout en douceur. \u00c0 porter pour un brunch, une sortie ou une soir\u00e9e cocooning chic.<\/p>\n<hr data-start=\"1675\" data-end=\"1678\" \/>\n<p data-start=\"1680\" data-end=\"1697\"><strong data-start=\"1680\" data-end=\"1695\">\u00a0D\u00e9tails :<\/strong><\/p>\n<ul data-start=\"1698\" data-end=\"1880\">\n<li data-start=\"1698\" data-end=\"1733\">\n<p data-start=\"1700\" data-end=\"1733\">Tissu c\u00f4tel\u00e9 doux et extensible<\/p>\n<\/li>\n<li data-start=\"1734\" data-end=\"1778\">\n<p data-start=\"1736\" data-end=\"1778\">Top court \u00e9paules nues \u00e0 manches longues<\/p>\n<\/li>\n<li data-start=\"1779\" data-end=\"1819\">\n<p data-start=\"1781\" data-end=\"1819\">Jupe longue taille haute et moulante<\/p>\n<\/li>\n<li data-start=\"1820\" data-end=\"1848\">\n<p data-start=\"1822\" data-end=\"1848\">Confortable et respirant<\/p>\n<\/li>\n<li data-start=\"1849\" data-end=\"1880\">\n<p data-start=\"1851\" data-end=\"1880\">Coupe flatteuse et f\u00e9minine<\/p>\n<\/li>\n<\/ul>\n<p><strong data-start=\"1887\" data-end=\"1902\">Occasions :<\/strong><br data-start=\"1902\" data-end=\"1905\" \/>Brunch \u2022 Rendez-vous \u2022 D\u00e9tente chic \u2022 Sortie entre amies<\/p>\n<\/div>\n<\/div>\n<\/div>\n<\/div>\n<\/div>\n<\/div>\n<\/div>\n<\/div>\n<\/article>\n<\/div>\n<\/div>\n<\/div>\n<\/div>\n","protected":false},"excerpt":{"rendered":"<p data-start=\"305\" data-end=\"696\">Cet ensemble deux pi\u00e8ces en maille c\u00f4tel\u00e9e est \u00e0 la fois \u00e9l\u00e9gant et confortable. Avec son top court \u00e0 \u00e9paules d\u00e9nud\u00e9es et manches longues, accompagn\u00e9 d&rsquo;une jupe longue taille haute, il sublime les courbes tout en douceur. \u00c0 porter pour un brunch, une sortie ou une soir\u00e9e cocooning chic.<\/p>\n<p data-start=\"1619\" data-end=\"1644\">\n","protected":false},"featured_media":4892,"comment_status":"open","ping_status":"closed","template":"","meta":{"_acf_changed":false},"product_brand":[],"product_cat":[19,61,73,62,259],"product_tag":[311,313,312],"class_list":{"0":"post-4886","1":"product","2":"type-product","3":"status-publish","4":"has-post-thumbnail","6":"product_cat-women","7":"product_cat-hot-sales","8":"product_cat-new-arrivals","9":"product_cat-slider","10":"product_cat-women-clothes","11":"product_tag-2-piece","12":"product_tag-longue-jupe","13":"product_tag-longue-manche","15":"first","16":"instock","17":"sale","18":"shipping-taxable","19":"purchasable","20":"product-type-variable"},"acf":[],"_links":{"self":[{"href":"https:\/\/ezmolalite.com\/fr\/wp-json\/wp\/v2\/product\/4886","targetHints":{"allow":["GET"]}}],"collection":[{"href":"https:\/\/ezmolalite.com\/fr\/wp-json\/wp\/v2\/product"}],"about":[{"href":"https:\/\/ezmolalite.com\/fr\/wp-json\/wp\/v2\/types\/product"}],"replies":[{"embeddable":true,"href":"https:\/\/ezmolalite.com\/fr\/wp-json\/wp\/v2\/comments?post=4886"}],"version-history":[{"count":2,"href":"https:\/\/ezmolalite.com\/fr\/wp-json\/wp\/v2\/product\/4886\/revisions"}],"predecessor-version":[{"id":4896,"href":"https:\/\/ezmolalite.com\/fr\/wp-json\/wp\/v2\/product\/4886\/revisions\/4896"}],"wp:featuredmedia":[{"embeddable":true,"href":"https:\/\/ezmolalite.com\/fr\/wp-json\/wp\/v2\/media\/4892"}],"wp:attachment":[{"href":"https:\/\/ezmolalite.com\/fr\/wp-json\/wp\/v2\/media?parent=4886"}],"wp:term":[{"taxonomy":"product_brand","embeddable":true,"href":"https:\/\/ezmolalite.com\/fr\/wp-json\/wp\/v2\/product_brand?post=4886"},{"taxonomy":"product_cat","embeddable":true,"href":"https:\/\/ezmolalite.com\/fr\/wp-json\/wp\/v2\/product_cat?post=4886"},{"taxonomy":"product_tag","embeddable":true,"href":"https:\/\/ezmolalite.com\/fr\/wp-json\/wp\/v2\/product_tag?post=4886"}],"curies":[{"name":"wp","href":"https:\/\/api.w.org\/{rel}","templated":true}]}}