{"id":4897,"date":"2025-07-22T16:08:30","date_gmt":"2025-07-22T16:08:30","guid":{"rendered":"https:\/\/ezmolalite.com\/?post_type=product&#038;p=4897"},"modified":"2025-07-22T16:19:46","modified_gmt":"2025-07-22T16:19:46","slug":"cozy-knit-lounge-set-hoodie-flared-pants-ralph-lauren","status":"publish","type":"product","link":"https:\/\/ezmolalite.com\/fr\/product\/cozy-knit-lounge-set-hoodie-flared-pants-ralph-lauren\/","title":{"rendered":"Cozy Knit Lounge Set \u2013 Hoodie &#038; Flared Pants &#8211; Ralph Lauren"},"content":{"rendered":"<div class=\"flex basis-auto flex-col -mb-(--composer-overlap-px) [--composer-overlap-px:55px] grow overflow-hidden\">\n<div class=\"relative h-full\">\n<div class=\"flex h-full flex-col overflow-y-auto [scrollbar-gutter:stable_both-edges] @[84rem]\/thread:pt-(--header-height)\">\n<div class=\"@thread-xl\/thread:pt-header-height flex flex-col text-sm pb-25\">\n<article class=\"text-token-text-primary w-full\" dir=\"auto\" data-testid=\"conversation-turn-62\" data-scroll-anchor=\"true\">\n<div class=\"text-base my-auto mx-auto py-5 [--thread-content-margin:--spacing(4)] @[37rem]:[--thread-content-margin:--spacing(6)] @[72rem]:[--thread-content-margin:--spacing(16)] px-(--thread-content-margin)\">\n<div class=\"[--thread-content-max-width:32rem] @[34rem]:[--thread-content-max-width:40rem] @[64rem]:[--thread-content-max-width:48rem] mx-auto flex max-w-(--thread-content-max-width) flex-1 text-base gap-4 md:gap-5 lg:gap-6 group\/turn-messages focus-visible:outline-hidden\" tabindex=\"-1\">\n<div class=\"group\/conversation-turn relative flex w-full min-w-0 flex-col agent-turn\">\n<div class=\"relative flex-col gap-1 md:gap-3\">\n<div class=\"flex max-w-full flex-col grow\">\n<div class=\"min-h-8 text-message relative flex w-full flex-col items-end gap-2 text-start break-words whitespace-normal [.text-message+&amp;]:mt-5\" dir=\"auto\" data-message-author-role=\"assistant\" data-message-id=\"92b6e1a4-7407-4e48-847a-61744771ecb0\" data-message-model-slug=\"gpt-4o\">\n<div class=\"flex w-full flex-col gap-1 empty:hidden first:pt-[3px]\">\n<div class=\"markdown prose dark:prose-invert w-full break-words light\">\n<p data-start=\"1430\" data-end=\"1710\"><strong data-start=\"1430\" data-end=\"1464\">Confort et \u00e9l\u00e9gance r\u00e9unis.<\/strong><br data-start=\"1464\" data-end=\"1467\" \/>Adoptez un style doux et raffin\u00e9 avec cet ensemble en maille ultra-confortable. Compos\u00e9 d\u2019un hoodie zipp\u00e9 \u00e0 capuche et d\u2019un pantalon taille haute \u00e9vas\u00e9, cet ensemble est id\u00e9al pour les journ\u00e9es d\u00e9tente \u00e0 la maison ou les sorties d\u00e9contract\u00e9es.<\/p>\n<p data-start=\"1712\" data-end=\"1833\">Son tissu extensible et respirant \u00e9pouse les formes tout en douceur, et sa teinte claire offre un look \u00e9pur\u00e9 et tendance.<\/p>\n<hr data-start=\"1835\" data-end=\"1838\" \/>\n<p data-start=\"1840\" data-end=\"1857\"><strong data-start=\"1840\" data-end=\"1855\">D\u00e9tails :<\/strong><\/p>\n<ul data-start=\"1858\" data-end=\"2058\">\n<li data-start=\"1858\" data-end=\"1895\">\n<p data-start=\"1860\" data-end=\"1895\">Maille extensible douce et l\u00e9g\u00e8re<\/p>\n<\/li>\n<li data-start=\"1896\" data-end=\"1938\">\n<p data-start=\"1898\" data-end=\"1938\">Hoodie \u00e0 capuche avec fermeture \u00e9clair<\/p>\n<\/li>\n<li data-start=\"1939\" data-end=\"1979\">\n<p data-start=\"1941\" data-end=\"1979\">Pantalon taille haute \u00e0 jambe \u00e9vas\u00e9e<\/p>\n<\/li>\n<li data-start=\"1980\" data-end=\"2008\">\n<p data-start=\"1982\" data-end=\"2008\">Petit logo brod\u00e9 discret<\/p>\n<\/li>\n<li data-start=\"2009\" data-end=\"2058\">\n<p data-start=\"2011\" data-end=\"2058\">Parfait pour le cocooning ou les d\u00e9placements<\/p>\n<\/li>\n<\/ul>\n<p><strong data-start=\"2065\" data-end=\"2081\">Id\u00e9al pour :<\/strong><br data-start=\"2081\" data-end=\"2084\" \/>Journ\u00e9es \u00e0 la maison \u2022 Tenue d\u2019a\u00e9roport \u2022 Sorties d\u00e9contract\u00e9es \u2022 Moments chill<\/p>\n<\/div>\n<\/div>\n<\/div>\n<\/div>\n<\/div>\n<\/div>\n<\/div>\n<\/div>\n<\/article>\n<\/div>\n<\/div>\n<\/div>\n<\/div>\n","protected":false},"excerpt":{"rendered":"<p data-start=\"1430\" data-end=\"1710\">Adoptez un style doux et raffin\u00e9 avec cet ensemble en maille ultra-confortable. Compos\u00e9 d\u2019un hoodie zipp\u00e9 \u00e0 capuche et d\u2019un pantalon taille haute \u00e9vas\u00e9, cet ensemble est id\u00e9al pour les journ\u00e9es d\u00e9tente \u00e0 la maison ou les sorties d\u00e9contract\u00e9es.<\/p>\n<p data-start=\"1712\" data-end=\"1833\">Son tissu extensible et respirant \u00e9pouse les formes tout en douceur, et sa teinte claire offre un look \u00e9pur\u00e9 et tendance.<\/p>\n<p data-start=\"1619\" data-end=\"1644\">\n","protected":false},"featured_media":4906,"comment_status":"open","ping_status":"closed","template":"","meta":{"_acf_changed":false},"product_brand":[314],"product_cat":[19,73,259],"product_tag":[311,312],"class_list":{"0":"post-4897","1":"product","2":"type-product","3":"status-publish","4":"has-post-thumbnail","6":"product_brand-ralph-lauren","7":"product_cat-women","8":"product_cat-new-arrivals","9":"product_cat-women-clothes","10":"product_tag-2-piece","11":"product_tag-longue-manche","13":"first","14":"instock","15":"shipping-taxable","16":"purchasable","17":"product-type-variable"},"acf":[],"_links":{"self":[{"href":"https:\/\/ezmolalite.com\/fr\/wp-json\/wp\/v2\/product\/4897","targetHints":{"allow":["GET"]}}],"collection":[{"href":"https:\/\/ezmolalite.com\/fr\/wp-json\/wp\/v2\/product"}],"about":[{"href":"https:\/\/ezmolalite.com\/fr\/wp-json\/wp\/v2\/types\/product"}],"replies":[{"embeddable":true,"href":"https:\/\/ezmolalite.com\/fr\/wp-json\/wp\/v2\/comments?post=4897"}],"version-history":[{"count":3,"href":"https:\/\/ezmolalite.com\/fr\/wp-json\/wp\/v2\/product\/4897\/revisions"}],"predecessor-version":[{"id":4909,"href":"https:\/\/ezmolalite.com\/fr\/wp-json\/wp\/v2\/product\/4897\/revisions\/4909"}],"wp:featuredmedia":[{"embeddable":true,"href":"https:\/\/ezmolalite.com\/fr\/wp-json\/wp\/v2\/media\/4906"}],"wp:attachment":[{"href":"https:\/\/ezmolalite.com\/fr\/wp-json\/wp\/v2\/media?parent=4897"}],"wp:term":[{"taxonomy":"product_brand","embeddable":true,"href":"https:\/\/ezmolalite.com\/fr\/wp-json\/wp\/v2\/product_brand?post=4897"},{"taxonomy":"product_cat","embeddable":true,"href":"https:\/\/ezmolalite.com\/fr\/wp-json\/wp\/v2\/product_cat?post=4897"},{"taxonomy":"product_tag","embeddable":true,"href":"https:\/\/ezmolalite.com\/fr\/wp-json\/wp\/v2\/product_tag?post=4897"}],"curies":[{"name":"wp","href":"https:\/\/api.w.org\/{rel}","templated":true}]}}