{"id":4920,"date":"2025-07-22T16:30:46","date_gmt":"2025-07-22T16:30:46","guid":{"rendered":"https:\/\/ezmolalite.com\/?post_type=product&#038;p=4920"},"modified":"2025-07-22T17:00:25","modified_gmt":"2025-07-22T17:00:25","slug":"miumiu-inspired-zip-up-loungewear-set-2-piece-soft-knit","status":"publish","type":"product","link":"https:\/\/ezmolalite.com\/fr\/product\/miumiu-inspired-zip-up-loungewear-set-2-piece-soft-knit\/","title":{"rendered":"MIUMIU-Inspired Zip-Up Loungewear Set \u2013 2-Piece Soft Knit"},"content":{"rendered":"<div class=\"flex basis-auto flex-col -mb-(--composer-overlap-px) [--composer-overlap-px:55px] grow overflow-hidden\">\n<div class=\"relative h-full\">\n<div class=\"flex h-full flex-col overflow-y-auto [scrollbar-gutter:stable_both-edges] @[84rem]\/thread:pt-(--header-height)\">\n<div class=\"@thread-xl\/thread:pt-header-height flex flex-col text-sm pb-25\">\n<article class=\"text-token-text-primary w-full\" dir=\"auto\" data-testid=\"conversation-turn-62\" data-scroll-anchor=\"true\">\n<div class=\"text-base my-auto mx-auto py-5 [--thread-content-margin:--spacing(4)] @[37rem]:[--thread-content-margin:--spacing(6)] @[72rem]:[--thread-content-margin:--spacing(16)] px-(--thread-content-margin)\">\n<div class=\"[--thread-content-max-width:32rem] @[34rem]:[--thread-content-max-width:40rem] @[64rem]:[--thread-content-max-width:48rem] mx-auto flex max-w-(--thread-content-max-width) flex-1 text-base gap-4 md:gap-5 lg:gap-6 group\/turn-messages focus-visible:outline-hidden\" tabindex=\"-1\">\n<div class=\"group\/conversation-turn relative flex w-full min-w-0 flex-col agent-turn\">\n<div class=\"relative flex-col gap-1 md:gap-3\">\n<div class=\"flex max-w-full flex-col grow\">\n<div class=\"min-h-8 text-message relative flex w-full flex-col items-end gap-2 text-start break-words whitespace-normal [.text-message+&amp;]:mt-5\" dir=\"auto\" data-message-author-role=\"assistant\" data-message-id=\"92b6e1a4-7407-4e48-847a-61744771ecb0\" data-message-model-slug=\"gpt-4o\">\n<div class=\"flex w-full flex-col gap-1 empty:hidden first:pt-[3px]\">\n<div class=\"markdown prose dark:prose-invert w-full break-words light\">\n<div class=\"flex basis-auto flex-col -mb-(--composer-overlap-px) [--composer-overlap-px:55px] grow overflow-hidden\">\n<div class=\"relative h-full\">\n<div class=\"flex h-full flex-col overflow-y-auto [scrollbar-gutter:stable_both-edges] @[84rem]\/thread:pt-(--header-height)\">\n<div class=\"@thread-xl\/thread:pt-header-height flex flex-col text-sm pb-25\">\n<article class=\"text-token-text-primary w-full\" dir=\"auto\" data-testid=\"conversation-turn-22\" data-scroll-anchor=\"true\">\n<div class=\"text-base my-auto mx-auto pb-10 [--thread-content-margin:--spacing(4)] @[37rem]:[--thread-content-margin:--spacing(6)] @[72rem]:[--thread-content-margin:--spacing(16)] px-(--thread-content-margin)\">\n<div class=\"[--thread-content-max-width:32rem] @[34rem]:[--thread-content-max-width:40rem] @[64rem]:[--thread-content-max-width:48rem] mx-auto max-w-(--thread-content-max-width) flex-1 group\/turn-messages focus-visible:outline-hidden relative flex w-full min-w-0 flex-col agent-turn\" tabindex=\"-1\">\n<div class=\"flex max-w-full flex-col grow\">\n<div class=\"min-h-8 text-message relative flex w-full flex-col items-end gap-2 text-start break-words whitespace-normal [.text-message+&amp;]:mt-5\" dir=\"auto\" data-message-author-role=\"assistant\" data-message-id=\"cbf160c9-bb0c-4a94-bd2c-7f81c8f2192a\" data-message-model-slug=\"gpt-4o\">\n<div class=\"flex w-full flex-col gap-1 empty:hidden first:pt-[3px]\">\n<div class=\"markdown prose dark:prose-invert w-full break-words light\">\n<p data-start=\"1395\" data-end=\"1706\"><strong data-start=\"1395\" data-end=\"1425\">Le confort version chic.<\/strong><br data-start=\"1425\" data-end=\"1428\" \/>Cet ensemble deux pi\u00e8ces en maille douce allie simplicit\u00e9 et \u00e9l\u00e9gance. Le haut zipp\u00e9 \u00e0 bordures contrastantes et broderie \u201cMIU\u201d s\u2019associe \u00e0 un pantalon ample taille \u00e9lastique pour un look d\u00e9contract\u00e9 mais raffin\u00e9. \u00c0 porter \u00e0 la maison, en voyage ou en sortie d\u00e9tente avec style.<\/p>\n<hr data-start=\"1708\" data-end=\"1711\" \/>\n<p data-start=\"1713\" data-end=\"1731\"><strong data-start=\"1713\" data-end=\"1729\">\u00a0D\u00e9tails :<\/strong><\/p>\n<ul data-start=\"1732\" data-end=\"1921\">\n<li data-start=\"1732\" data-end=\"1775\">\n<p data-start=\"1734\" data-end=\"1775\">Veste zipp\u00e9e avec finitions contrast\u00e9es<\/p>\n<\/li>\n<li data-start=\"1776\" data-end=\"1814\">\n<p data-start=\"1778\" data-end=\"1814\">D\u00e9tail brod\u00e9 \u201cMIU\u201d sur la poitrine<\/p>\n<\/li>\n<li data-start=\"1815\" data-end=\"1852\">\n<p data-start=\"1817\" data-end=\"1852\">Pantalon large \u00e0 taille \u00e9lastique<\/p>\n<\/li>\n<li data-start=\"1853\" data-end=\"1888\">\n<p data-start=\"1855\" data-end=\"1888\">Tissu stretch doux et respirant<\/p>\n<\/li>\n<li data-start=\"1889\" data-end=\"1921\">\n<p data-start=\"1891\" data-end=\"1921\">Ensemble facile \u00e0 coordonner<\/p>\n<\/li>\n<\/ul>\n<hr data-start=\"1923\" data-end=\"1926\" \/>\n<p data-start=\"1928\" data-end=\"2028\"><strong data-start=\"1928\" data-end=\"1944\">Id\u00e9al pour :<\/strong><br data-start=\"1944\" data-end=\"1947\" \/>Journ\u00e9es \u00e0 la maison \u2022 Tenue d\u2019a\u00e9roport \u2022 Streetwear chic \u2022 Sorties d\u00e9contract\u00e9es<\/p>\n<\/div>\n<\/div>\n<\/div>\n<\/div>\n<\/div>\n<\/div>\n<\/article>\n<\/div>\n<\/div>\n<\/div>\n<\/div>\n<div id=\"thread-bottom-container\" class=\"content-fade relative isolate z-10 w-full basis-auto has-data-has-thread-error:pt-2 has-data-has-thread-error:[box-shadow:var(--sharp-edge-bottom-shadow)] md:border-transparent md:pt-0 dark:border-white\/20 md:dark:border-transparent flex flex-col\">\n<div id=\"thread-bottom\">\n<div class=\"text-base mx-auto [--thread-content-margin:--spacing(4)] @[37rem]:[--thread-content-margin:--spacing(6)] @[72rem]:[--thread-content-margin:--spacing(16)] px-(--thread-content-margin)\">\n<div class=\"[--thread-content-max-width:32rem] @[34rem]:[--thread-content-max-width:40rem] @[64rem]:[--thread-content-max-width:48rem] mx-auto max-w-(--thread-content-max-width) flex-1\">\n<div class=\"max-xs:[--force-hide-label:none] relative z-1 flex h-full max-w-full flex-1 flex-col\">\n<form class=\"w-full [view-transition-name:var(--vt-composer)]\" data-type=\"unified-composer\">\n<div class=\"bg-token-bg-primary shadow-short flex w-full cursor-text flex-col items-center justify-center overflow-clip bg-clip-padding contain-inline-size dark:bg-[#303030] rounded-[28px]\">\n<div class=\"relative flex min-h-14 w-full items-end\">\n<div class=\"relative flex w-full flex-auto flex-col\">\n<div class=\"relative mx-5 flex min-h-14 flex-auto bg-transparent items-start\">\n<div class=\"_prosemirror-parent_276o5_2 text-token-text-primary max-h-[25dvh] max-h-52 flex-1 overflow-auto [scrollbar-width:thin] default-browser vertical-scroll-fade-mask\">\n<div id=\"prompt-textarea\" class=\"ProseMirror\" contenteditable=\"true\" translate=\"no\" data-virtualkeyboard=\"true\"><\/div>\n<\/div>\n<\/div>\n<\/div>\n<\/div>\n<\/div>\n<\/form>\n<\/div>\n<\/div>\n<\/div>\n<\/div>\n<\/div>\n<\/div>\n<\/div>\n<\/div>\n<\/div>\n<\/div>\n<\/div>\n<\/div>\n<\/div>\n<\/article>\n<\/div>\n<\/div>\n<\/div>\n<\/div>\n","protected":false},"excerpt":{"rendered":"<p data-start=\"1430\" data-end=\"1710\">Cet ensemble deux pi\u00e8ces en maille douce allie simplicit\u00e9 et \u00e9l\u00e9gance. Le haut zipp\u00e9 \u00e0 bordures contrastantes et broderie \u201cMIU\u201d s\u2019associe \u00e0 un pantalon ample taille \u00e9lastique pour un look d\u00e9contract\u00e9 mais raffin\u00e9. \u00c0 porter \u00e0 la maison, en voyage ou en sortie d\u00e9tente avec style.<\/p>\n","protected":false},"featured_media":4930,"comment_status":"open","ping_status":"closed","template":"","meta":{"_acf_changed":false},"product_brand":[315],"product_cat":[19,73,259],"product_tag":[311,312],"class_list":{"0":"post-4920","1":"product","2":"type-product","3":"status-publish","4":"has-post-thumbnail","6":"product_brand-miu-miu","7":"product_cat-women","8":"product_cat-new-arrivals","9":"product_cat-women-clothes","10":"product_tag-2-piece","11":"product_tag-longue-manche","13":"first","14":"instock","15":"shipping-taxable","16":"purchasable","17":"product-type-variable"},"acf":[],"_links":{"self":[{"href":"https:\/\/ezmolalite.com\/fr\/wp-json\/wp\/v2\/product\/4920","targetHints":{"allow":["GET"]}}],"collection":[{"href":"https:\/\/ezmolalite.com\/fr\/wp-json\/wp\/v2\/product"}],"about":[{"href":"https:\/\/ezmolalite.com\/fr\/wp-json\/wp\/v2\/types\/product"}],"replies":[{"embeddable":true,"href":"https:\/\/ezmolalite.com\/fr\/wp-json\/wp\/v2\/comments?post=4920"}],"version-history":[{"count":1,"href":"https:\/\/ezmolalite.com\/fr\/wp-json\/wp\/v2\/product\/4920\/revisions"}],"predecessor-version":[{"id":4931,"href":"https:\/\/ezmolalite.com\/fr\/wp-json\/wp\/v2\/product\/4920\/revisions\/4931"}],"wp:featuredmedia":[{"embeddable":true,"href":"https:\/\/ezmolalite.com\/fr\/wp-json\/wp\/v2\/media\/4930"}],"wp:attachment":[{"href":"https:\/\/ezmolalite.com\/fr\/wp-json\/wp\/v2\/media?parent=4920"}],"wp:term":[{"taxonomy":"product_brand","embeddable":true,"href":"https:\/\/ezmolalite.com\/fr\/wp-json\/wp\/v2\/product_brand?post=4920"},{"taxonomy":"product_cat","embeddable":true,"href":"https:\/\/ezmolalite.com\/fr\/wp-json\/wp\/v2\/product_cat?post=4920"},{"taxonomy":"product_tag","embeddable":true,"href":"https:\/\/ezmolalite.com\/fr\/wp-json\/wp\/v2\/product_tag?post=4920"}],"curies":[{"name":"wp","href":"https:\/\/api.w.org\/{rel}","templated":true}]}}