{"id":4938,"date":"2025-07-22T17:00:40","date_gmt":"2025-07-22T17:00:40","guid":{"rendered":"https:\/\/ezmolalite.com\/?post_type=product&#038;p=4938"},"modified":"2025-07-22T17:11:09","modified_gmt":"2025-07-22T17:11:09","slug":"chanel-inspired-knit-set-buttoned-cardigan-wide-leg-pants","status":"publish","type":"product","link":"https:\/\/ezmolalite.com\/fr\/product\/chanel-inspired-knit-set-buttoned-cardigan-wide-leg-pants\/","title":{"rendered":"Chanel-Inspired Knit Set \u2013 Buttoned Cardigan &#038; Wide-Leg Pants"},"content":{"rendered":"<div class=\"flex basis-auto flex-col -mb-(--composer-overlap-px) [--composer-overlap-px:55px] grow overflow-hidden\">\n<div class=\"relative h-full\">\n<div class=\"flex h-full flex-col overflow-y-auto [scrollbar-gutter:stable_both-edges] @[84rem]\/thread:pt-(--header-height)\">\n<div class=\"@thread-xl\/thread:pt-header-height flex flex-col text-sm pb-25\">\n<article class=\"text-token-text-primary w-full\" dir=\"auto\" data-testid=\"conversation-turn-62\" data-scroll-anchor=\"true\">\n<div class=\"text-base my-auto mx-auto py-5 [--thread-content-margin:--spacing(4)] @[37rem]:[--thread-content-margin:--spacing(6)] @[72rem]:[--thread-content-margin:--spacing(16)] px-(--thread-content-margin)\">\n<div class=\"[--thread-content-max-width:32rem] @[34rem]:[--thread-content-max-width:40rem] @[64rem]:[--thread-content-max-width:48rem] mx-auto flex max-w-(--thread-content-max-width) flex-1 text-base gap-4 md:gap-5 lg:gap-6 group\/turn-messages focus-visible:outline-hidden\" tabindex=\"-1\">\n<div class=\"group\/conversation-turn relative flex w-full min-w-0 flex-col agent-turn\">\n<div class=\"relative flex-col gap-1 md:gap-3\">\n<div class=\"flex max-w-full flex-col grow\">\n<div class=\"min-h-8 text-message relative flex w-full flex-col items-end gap-2 text-start break-words whitespace-normal [.text-message+&amp;]:mt-5\" dir=\"auto\" data-message-author-role=\"assistant\" data-message-id=\"92b6e1a4-7407-4e48-847a-61744771ecb0\" data-message-model-slug=\"gpt-4o\">\n<div class=\"flex w-full flex-col gap-1 empty:hidden first:pt-[3px]\">\n<div class=\"markdown prose dark:prose-invert w-full break-words light\">\n<div class=\"flex basis-auto flex-col -mb-(--composer-overlap-px) [--composer-overlap-px:55px] grow overflow-hidden\">\n<div class=\"relative h-full\">\n<div class=\"flex h-full flex-col overflow-y-auto [scrollbar-gutter:stable_both-edges] @[84rem]\/thread:pt-(--header-height)\">\n<div class=\"@thread-xl\/thread:pt-header-height flex flex-col text-sm pb-25\">\n<article class=\"text-token-text-primary w-full\" dir=\"auto\" data-testid=\"conversation-turn-22\" data-scroll-anchor=\"true\">\n<div class=\"text-base my-auto mx-auto pb-10 [--thread-content-margin:--spacing(4)] @[37rem]:[--thread-content-margin:--spacing(6)] @[72rem]:[--thread-content-margin:--spacing(16)] px-(--thread-content-margin)\">\n<div class=\"[--thread-content-max-width:32rem] @[34rem]:[--thread-content-max-width:40rem] @[64rem]:[--thread-content-max-width:48rem] mx-auto max-w-(--thread-content-max-width) flex-1 group\/turn-messages focus-visible:outline-hidden relative flex w-full min-w-0 flex-col agent-turn\" tabindex=\"-1\">\n<div class=\"flex max-w-full flex-col grow\">\n<div class=\"min-h-8 text-message relative flex w-full flex-col items-end gap-2 text-start break-words whitespace-normal [.text-message+&amp;]:mt-5\" dir=\"auto\" data-message-author-role=\"assistant\" data-message-id=\"cbf160c9-bb0c-4a94-bd2c-7f81c8f2192a\" data-message-model-slug=\"gpt-4o\">\n<div class=\"flex w-full flex-col gap-1 empty:hidden first:pt-[3px]\">\n<div class=\"markdown prose dark:prose-invert w-full break-words light\">\n<p data-start=\"1556\" data-end=\"1930\"><strong data-start=\"1556\" data-end=\"1597\">L\u2019\u00e9l\u00e9gance parisienne, sans effort.<\/strong><br data-start=\"1597\" data-end=\"1600\" \/>Ce superbe ensemble deux pi\u00e8ces en maille comprend un gilet court \u00e0 boutons avec lettrage style CHANEL et poches plaqu\u00e9es, accompagn\u00e9 d\u2019un pantalon taille haute \u00e0 jambes larges pour une allure chic et \u00e9lanc\u00e9e. Les poignets contrast\u00e9s et les boutons dor\u00e9s apportent une touche raffin\u00e9e parfaite pour un look habill\u00e9 ou casual chic.<\/p>\n<hr data-start=\"1932\" data-end=\"1935\" \/>\n<p data-start=\"1937\" data-end=\"1955\"><strong data-start=\"1937\" data-end=\"1953\">\u00a0D\u00e9tails :<\/strong><\/p>\n<ul data-start=\"1956\" data-end=\"2221\">\n<li data-start=\"1956\" data-end=\"1994\">\n<p data-start=\"1958\" data-end=\"1994\">Maille douce, chaude et structur\u00e9e<\/p>\n<\/li>\n<li data-start=\"1995\" data-end=\"2051\">\n<p data-start=\"1997\" data-end=\"2051\">Gilet court \u00e0 manches longues et fermeture boutonn\u00e9e<\/p>\n<\/li>\n<li data-start=\"2052\" data-end=\"2095\">\n<p data-start=\"2054\" data-end=\"2095\">Poches poitrine avec lettrage contrast\u00e9<\/p>\n<\/li>\n<li data-start=\"2096\" data-end=\"2137\">\n<p data-start=\"2098\" data-end=\"2137\">Pantalon taille haute \u00e0 jambes larges<\/p>\n<\/li>\n<li data-start=\"2138\" data-end=\"2178\">\n<p data-start=\"2140\" data-end=\"2178\">Poignets contrast\u00e9s et boutons dor\u00e9s<\/p>\n<\/li>\n<li data-start=\"2179\" data-end=\"2221\">\n<p data-start=\"2181\" data-end=\"2221\">Facile \u00e0 porter ensemble ou s\u00e9par\u00e9ment<\/p>\n<\/li>\n<\/ul>\n<\/div>\n<\/div>\n<\/div>\n<\/div>\n<\/div>\n<\/div>\n<\/article>\n<\/div>\n<\/div>\n<\/div>\n<\/div>\n<div id=\"thread-bottom-container\" class=\"content-fade relative isolate z-10 w-full basis-auto has-data-has-thread-error:pt-2 has-data-has-thread-error:[box-shadow:var(--sharp-edge-bottom-shadow)] md:border-transparent md:pt-0 dark:border-white\/20 md:dark:border-transparent flex flex-col\">\n<div id=\"thread-bottom\">\n<div class=\"text-base mx-auto [--thread-content-margin:--spacing(4)] @[37rem]:[--thread-content-margin:--spacing(6)] @[72rem]:[--thread-content-margin:--spacing(16)] px-(--thread-content-margin)\">\n<div class=\"[--thread-content-max-width:32rem] @[34rem]:[--thread-content-max-width:40rem] @[64rem]:[--thread-content-max-width:48rem] mx-auto max-w-(--thread-content-max-width) flex-1\">\n<div class=\"max-xs:[--force-hide-label:none] relative z-1 flex h-full max-w-full flex-1 flex-col\">\n<form class=\"w-full [view-transition-name:var(--vt-composer)]\" data-type=\"unified-composer\">\n<div class=\"bg-token-bg-primary shadow-short flex w-full cursor-text flex-col items-center justify-center overflow-clip bg-clip-padding contain-inline-size dark:bg-[#303030] rounded-[28px]\">\n<div class=\"relative flex min-h-14 w-full items-end\">\n<div class=\"relative flex w-full flex-auto flex-col\">\n<div class=\"relative mx-5 flex min-h-14 flex-auto bg-transparent items-start\">\n<div class=\"_prosemirror-parent_276o5_2 text-token-text-primary max-h-[25dvh] max-h-52 flex-1 overflow-auto [scrollbar-width:thin] default-browser vertical-scroll-fade-mask\">\n<div id=\"prompt-textarea\" class=\"ProseMirror\" contenteditable=\"true\" translate=\"no\" data-virtualkeyboard=\"true\"><strong data-start=\"2228\" data-end=\"2244\">Id\u00e9al pour :<\/strong><br data-start=\"2244\" data-end=\"2247\" \/>Brunchs \u2022 Tenues de bureau \u2022 Voyages styl\u00e9s \u2022 Sorties \u00e9l\u00e9gantes<\/div>\n<\/div>\n<\/div>\n<\/div>\n<\/div>\n<\/div>\n<\/form>\n<\/div>\n<\/div>\n<\/div>\n<\/div>\n<\/div>\n<\/div>\n<\/div>\n<\/div>\n<\/div>\n<\/div>\n<\/div>\n<\/div>\n<\/div>\n<\/article>\n<\/div>\n<\/div>\n<\/div>\n<\/div>\n","protected":false},"excerpt":{"rendered":"<p data-start=\"1556\" data-end=\"1930\">Ce superbe ensemble deux pi\u00e8ces en maille comprend un gilet court \u00e0 boutons avec lettrage style CHANEL et poches plaqu\u00e9es, accompagn\u00e9 d\u2019un pantalon taille haute \u00e0 jambes larges pour une allure chic et \u00e9lanc\u00e9e. Les poignets contrast\u00e9s et les boutons dor\u00e9s apportent une touche raffin\u00e9e parfaite pour un look habill\u00e9 ou casual chic.<\/p>\n","protected":false},"featured_media":4942,"comment_status":"open","ping_status":"closed","template":"","meta":{"_acf_changed":false},"product_brand":[265],"product_cat":[19,73,259],"product_tag":[311,312],"class_list":{"0":"post-4938","1":"product","2":"type-product","3":"status-publish","4":"has-post-thumbnail","6":"product_brand-chanel","7":"product_cat-women","8":"product_cat-new-arrivals","9":"product_cat-women-clothes","10":"product_tag-2-piece","11":"product_tag-longue-manche","13":"first","14":"instock","15":"shipping-taxable","16":"purchasable","17":"product-type-simple"},"acf":[],"_links":{"self":[{"href":"https:\/\/ezmolalite.com\/fr\/wp-json\/wp\/v2\/product\/4938","targetHints":{"allow":["GET"]}}],"collection":[{"href":"https:\/\/ezmolalite.com\/fr\/wp-json\/wp\/v2\/product"}],"about":[{"href":"https:\/\/ezmolalite.com\/fr\/wp-json\/wp\/v2\/types\/product"}],"replies":[{"embeddable":true,"href":"https:\/\/ezmolalite.com\/fr\/wp-json\/wp\/v2\/comments?post=4938"}],"version-history":[{"count":1,"href":"https:\/\/ezmolalite.com\/fr\/wp-json\/wp\/v2\/product\/4938\/revisions"}],"predecessor-version":[{"id":4943,"href":"https:\/\/ezmolalite.com\/fr\/wp-json\/wp\/v2\/product\/4938\/revisions\/4943"}],"wp:featuredmedia":[{"embeddable":true,"href":"https:\/\/ezmolalite.com\/fr\/wp-json\/wp\/v2\/media\/4942"}],"wp:attachment":[{"href":"https:\/\/ezmolalite.com\/fr\/wp-json\/wp\/v2\/media?parent=4938"}],"wp:term":[{"taxonomy":"product_brand","embeddable":true,"href":"https:\/\/ezmolalite.com\/fr\/wp-json\/wp\/v2\/product_brand?post=4938"},{"taxonomy":"product_cat","embeddable":true,"href":"https:\/\/ezmolalite.com\/fr\/wp-json\/wp\/v2\/product_cat?post=4938"},{"taxonomy":"product_tag","embeddable":true,"href":"https:\/\/ezmolalite.com\/fr\/wp-json\/wp\/v2\/product_tag?post=4938"}],"curies":[{"name":"wp","href":"https:\/\/api.w.org\/{rel}","templated":true}]}}