{"id":4954,"date":"2025-07-22T18:20:41","date_gmt":"2025-07-22T18:20:41","guid":{"rendered":"https:\/\/ezmolalite.com\/?post_type=product&#038;p=4954"},"modified":"2026-03-19T16:26:18","modified_gmt":"2026-03-19T16:26:18","slug":"one-shoulder-contrast-midi-dress-bow-detail-elegance","status":"publish","type":"product","link":"https:\/\/ezmolalite.com\/fr\/product\/one-shoulder-contrast-midi-dress-bow-detail-elegance\/","title":{"rendered":"One-Shoulder Contrast Midi Dress \u2013 Bow Detail Elegance"},"content":{"rendered":"<div class=\"flex basis-auto flex-col -mb-(--composer-overlap-px) [--composer-overlap-px:55px] grow overflow-hidden\">\n<div class=\"relative h-full\">\n<div class=\"flex h-full flex-col overflow-y-auto [scrollbar-gutter:stable_both-edges] @[84rem]\/thread:pt-(--header-height)\">\n<div class=\"@thread-xl\/thread:pt-header-height flex flex-col text-sm pb-25\">\n<article class=\"text-token-text-primary w-full\" dir=\"auto\" data-testid=\"conversation-turn-62\" data-scroll-anchor=\"true\">\n<div class=\"text-base my-auto mx-auto py-5 [--thread-content-margin:--spacing(4)] @[37rem]:[--thread-content-margin:--spacing(6)] @[72rem]:[--thread-content-margin:--spacing(16)] px-(--thread-content-margin)\">\n<div class=\"[--thread-content-max-width:32rem] @[34rem]:[--thread-content-max-width:40rem] @[64rem]:[--thread-content-max-width:48rem] mx-auto flex max-w-(--thread-content-max-width) flex-1 text-base gap-4 md:gap-5 lg:gap-6 group\/turn-messages focus-visible:outline-hidden\" tabindex=\"-1\">\n<div class=\"group\/conversation-turn relative flex w-full min-w-0 flex-col agent-turn\">\n<div class=\"relative flex-col gap-1 md:gap-3\">\n<div class=\"flex max-w-full flex-col grow\">\n<div class=\"min-h-8 text-message relative flex w-full flex-col items-end gap-2 text-start break-words whitespace-normal [.text-message+&amp;]:mt-5\" dir=\"auto\" data-message-author-role=\"assistant\" data-message-id=\"92b6e1a4-7407-4e48-847a-61744771ecb0\" data-message-model-slug=\"gpt-4o\">\n<div class=\"flex w-full flex-col gap-1 empty:hidden first:pt-[3px]\">\n<div class=\"markdown prose dark:prose-invert w-full break-words light\">\n<div class=\"flex basis-auto flex-col -mb-(--composer-overlap-px) [--composer-overlap-px:55px] grow overflow-hidden\">\n<div class=\"relative h-full\">\n<div class=\"flex h-full flex-col overflow-y-auto [scrollbar-gutter:stable_both-edges] @[84rem]\/thread:pt-(--header-height)\">\n<div class=\"@thread-xl\/thread:pt-header-height flex flex-col text-sm pb-25\">\n<article class=\"text-token-text-primary w-full\" dir=\"auto\" data-testid=\"conversation-turn-22\" data-scroll-anchor=\"true\">\n<div class=\"text-base my-auto mx-auto pb-10 [--thread-content-margin:--spacing(4)] @[37rem]:[--thread-content-margin:--spacing(6)] @[72rem]:[--thread-content-margin:--spacing(16)] px-(--thread-content-margin)\">\n<div class=\"[--thread-content-max-width:32rem] @[34rem]:[--thread-content-max-width:40rem] @[64rem]:[--thread-content-max-width:48rem] mx-auto max-w-(--thread-content-max-width) flex-1 group\/turn-messages focus-visible:outline-hidden relative flex w-full min-w-0 flex-col agent-turn\" tabindex=\"-1\">\n<div class=\"flex max-w-full flex-col grow\">\n<div class=\"min-h-8 text-message relative flex w-full flex-col items-end gap-2 text-start break-words whitespace-normal [.text-message+&amp;]:mt-5\" dir=\"auto\" data-message-author-role=\"assistant\" data-message-id=\"cbf160c9-bb0c-4a94-bd2c-7f81c8f2192a\" data-message-model-slug=\"gpt-4o\">\n<div class=\"flex w-full flex-col gap-1 empty:hidden first:pt-[3px]\">\n<div class=\"markdown prose dark:prose-invert w-full break-words light\">\n<div class=\"flex basis-auto flex-col -mb-(--composer-overlap-px) [--composer-overlap-px:55px] grow overflow-hidden\">\n<div class=\"relative h-full\">\n<div class=\"flex h-full flex-col overflow-y-auto [scrollbar-gutter:stable_both-edges] @[84rem]\/thread:pt-(--header-height)\">\n<div class=\"@thread-xl\/thread:pt-header-height flex flex-col text-sm pb-25\">\n<article class=\"text-token-text-primary w-full\" dir=\"auto\" data-testid=\"conversation-turn-22\" data-scroll-anchor=\"true\">\n<div class=\"text-base my-auto mx-auto pb-10 [--thread-content-margin:--spacing(4)] @[37rem]:[--thread-content-margin:--spacing(6)] @[72rem]:[--thread-content-margin:--spacing(16)] px-(--thread-content-margin)\">\n<div class=\"[--thread-content-max-width:32rem] @[34rem]:[--thread-content-max-width:40rem] @[64rem]:[--thread-content-max-width:48rem] mx-auto max-w-(--thread-content-max-width) flex-1 group\/turn-messages focus-visible:outline-hidden relative flex w-full min-w-0 flex-col agent-turn\" tabindex=\"-1\">\n<div class=\"flex max-w-full flex-col grow\">\n<div class=\"min-h-8 text-message relative flex w-full flex-col items-end gap-2 text-start break-words whitespace-normal [.text-message+&amp;]:mt-5\" dir=\"auto\" data-message-author-role=\"assistant\" data-message-id=\"cbf160c9-bb0c-4a94-bd2c-7f81c8f2192a\" data-message-model-slug=\"gpt-4o\">\n<div class=\"flex w-full flex-col gap-1 empty:hidden first:pt-[3px]\">\n<div class=\"markdown prose dark:prose-invert w-full break-words light\">\n<p data-start=\"1470\" data-end=\"1804\"><strong data-start=\"1470\" data-end=\"1505\">\u00c9l\u00e9gante. F\u00e9minine. Affirm\u00e9e.<\/strong><br data-start=\"1505\" data-end=\"1508\" \/>Affichez un style raffin\u00e9 avec cette robe midi \u00e0 une \u00e9paule, dot\u00e9e d\u2019un grand n\u0153ud d\u00e9coratif et d\u2019un design bicolore noir et blanc. Sa coupe ajust\u00e9e sublime la silhouette tout en gardant une allure chic et sophistiqu\u00e9e. Parfaite pour les soir\u00e9es habill\u00e9es, cocktails ou \u00e9v\u00e9nements professionnels.<\/p>\n<hr data-start=\"1806\" data-end=\"1809\" \/>\n<p data-start=\"1811\" data-end=\"1829\"><strong data-start=\"1811\" data-end=\"1827\">\u00a0D\u00e9tails :<\/strong><\/p>\n<ul data-start=\"1830\" data-end=\"2070\">\n<li data-start=\"1830\" data-end=\"1867\">\n<p data-start=\"1832\" data-end=\"1867\">Encolure asym\u00e9trique \u00e0 une \u00e9paule<\/p>\n<\/li>\n<li data-start=\"1868\" data-end=\"1905\">\n<p data-start=\"1870\" data-end=\"1905\">N\u0153ud imposant pour un effet styl\u00e9<\/p>\n<\/li>\n<li data-start=\"1906\" data-end=\"1953\">\n<p data-start=\"1908\" data-end=\"1953\">Haut blanc contrastant avec jupe noire midi<\/p>\n<\/li>\n<li data-start=\"1954\" data-end=\"1985\">\n<p data-start=\"1956\" data-end=\"1985\">Coupe moulante et flatteuse<\/p>\n<\/li>\n<li data-start=\"1986\" data-end=\"2018\">\n<p data-start=\"1988\" data-end=\"2018\">Fermeture lat\u00e9rale invisible<\/p>\n<\/li>\n<li data-start=\"2019\" data-end=\"2070\">\n<p data-start=\"2021\" data-end=\"2070\">Tissu stretch de qualit\u00e9, confortable et ajust\u00e9<\/p>\n<\/li>\n<\/ul>\n<p><strong data-start=\"2077\" data-end=\"2093\">Id\u00e9al pour :<\/strong><br data-start=\"2093\" data-end=\"2096\" \/>Soir\u00e9es \u00e9l\u00e9gantes \u2022 \u00c9v\u00e9nements professionnels \u2022 C\u00e9r\u00e9monies \u2022 Mariages<\/p>\n<\/div>\n<\/div>\n<\/div>\n<\/div>\n<\/div>\n<\/div>\n<\/article>\n<\/div>\n<\/div>\n<\/div>\n<\/div>\n<\/div>\n<\/div>\n<\/div>\n<\/div>\n<\/div>\n<\/div>\n<\/article>\n<\/div>\n<\/div>\n<\/div>\n<\/div>\n<\/div>\n<\/div>\n<\/div>\n<\/div>\n<\/div>\n<\/div>\n<\/div>\n<\/div>\n<\/article>\n<\/div>\n<\/div>\n<\/div>\n<\/div>\n","protected":false},"excerpt":{"rendered":"<p data-start=\"1470\" data-end=\"1804\">Affichez un style raffin\u00e9 avec cette robe midi \u00e0 une \u00e9paule, dot\u00e9e d\u2019un grand n\u0153ud d\u00e9coratif et d\u2019un design bicolore noir et blanc. Sa coupe ajust\u00e9e sublime la silhouette tout en gardant une allure chic et sophistiqu\u00e9e. Parfaite pour les soir\u00e9es habill\u00e9es, cocktails ou \u00e9v\u00e9nements professionnels.<\/p>\n","protected":false},"featured_media":4958,"comment_status":"open","ping_status":"closed","template":"","meta":{"_acf_changed":false},"product_brand":[],"product_cat":[19,61,73,301,259],"product_tag":[316,318],"class_list":{"0":"post-4954","1":"product","2":"type-product","3":"status-publish","4":"has-post-thumbnail","6":"product_cat-women","7":"product_cat-hot-sales","8":"product_cat-new-arrivals","9":"product_cat-women-dresses","10":"product_cat-women-clothes","11":"product_tag-robe","12":"product_tag-soiree","14":"first","15":"instock","16":"sale","17":"shipping-taxable","18":"purchasable","19":"product-type-simple"},"acf":[],"_links":{"self":[{"href":"https:\/\/ezmolalite.com\/fr\/wp-json\/wp\/v2\/product\/4954","targetHints":{"allow":["GET"]}}],"collection":[{"href":"https:\/\/ezmolalite.com\/fr\/wp-json\/wp\/v2\/product"}],"about":[{"href":"https:\/\/ezmolalite.com\/fr\/wp-json\/wp\/v2\/types\/product"}],"replies":[{"embeddable":true,"href":"https:\/\/ezmolalite.com\/fr\/wp-json\/wp\/v2\/comments?post=4954"}],"version-history":[{"count":1,"href":"https:\/\/ezmolalite.com\/fr\/wp-json\/wp\/v2\/product\/4954\/revisions"}],"predecessor-version":[{"id":4959,"href":"https:\/\/ezmolalite.com\/fr\/wp-json\/wp\/v2\/product\/4954\/revisions\/4959"}],"wp:featuredmedia":[{"embeddable":true,"href":"https:\/\/ezmolalite.com\/fr\/wp-json\/wp\/v2\/media\/4958"}],"wp:attachment":[{"href":"https:\/\/ezmolalite.com\/fr\/wp-json\/wp\/v2\/media?parent=4954"}],"wp:term":[{"taxonomy":"product_brand","embeddable":true,"href":"https:\/\/ezmolalite.com\/fr\/wp-json\/wp\/v2\/product_brand?post=4954"},{"taxonomy":"product_cat","embeddable":true,"href":"https:\/\/ezmolalite.com\/fr\/wp-json\/wp\/v2\/product_cat?post=4954"},{"taxonomy":"product_tag","embeddable":true,"href":"https:\/\/ezmolalite.com\/fr\/wp-json\/wp\/v2\/product_tag?post=4954"}],"curies":[{"name":"wp","href":"https:\/\/api.w.org\/{rel}","templated":true}]}}