{"id":4964,"date":"2025-07-22T18:39:13","date_gmt":"2025-07-22T18:39:13","guid":{"rendered":"https:\/\/ezmolalite.com\/?post_type=product&#038;p=4964"},"modified":"2025-07-22T18:59:24","modified_gmt":"2025-07-22T18:59:24","slug":"sweetheart-corset-mini-dress-fit-flare-perfection","status":"publish","type":"product","link":"https:\/\/ezmolalite.com\/fr\/product\/sweetheart-corset-mini-dress-fit-flare-perfection\/","title":{"rendered":"Sweetheart Corset Mini Dress \u2013 Fit &#038; Flare Perfection"},"content":{"rendered":"<div class=\"flex basis-auto flex-col -mb-(--composer-overlap-px) [--composer-overlap-px:55px] grow overflow-hidden\">\n<div class=\"relative h-full\">\n<div class=\"flex h-full flex-col overflow-y-auto [scrollbar-gutter:stable_both-edges] @[84rem]\/thread:pt-(--header-height)\">\n<div class=\"@thread-xl\/thread:pt-header-height flex flex-col text-sm pb-25\">\n<article class=\"text-token-text-primary w-full\" dir=\"auto\" data-testid=\"conversation-turn-62\" data-scroll-anchor=\"true\">\n<div class=\"text-base my-auto mx-auto py-5 [--thread-content-margin:--spacing(4)] @[37rem]:[--thread-content-margin:--spacing(6)] @[72rem]:[--thread-content-margin:--spacing(16)] px-(--thread-content-margin)\">\n<div class=\"[--thread-content-max-width:32rem] @[34rem]:[--thread-content-max-width:40rem] @[64rem]:[--thread-content-max-width:48rem] mx-auto flex max-w-(--thread-content-max-width) flex-1 text-base gap-4 md:gap-5 lg:gap-6 group\/turn-messages focus-visible:outline-hidden\" tabindex=\"-1\">\n<div class=\"group\/conversation-turn relative flex w-full min-w-0 flex-col agent-turn\">\n<div class=\"relative flex-col gap-1 md:gap-3\">\n<div class=\"flex max-w-full flex-col grow\">\n<div class=\"min-h-8 text-message relative flex w-full flex-col items-end gap-2 text-start break-words whitespace-normal [.text-message+&amp;]:mt-5\" dir=\"auto\" data-message-author-role=\"assistant\" data-message-id=\"92b6e1a4-7407-4e48-847a-61744771ecb0\" data-message-model-slug=\"gpt-4o\">\n<div class=\"flex w-full flex-col gap-1 empty:hidden first:pt-[3px]\">\n<div class=\"markdown prose dark:prose-invert w-full break-words light\">\n<div class=\"flex basis-auto flex-col -mb-(--composer-overlap-px) [--composer-overlap-px:55px] grow overflow-hidden\">\n<div class=\"relative h-full\">\n<div class=\"flex h-full flex-col overflow-y-auto [scrollbar-gutter:stable_both-edges] @[84rem]\/thread:pt-(--header-height)\">\n<div class=\"@thread-xl\/thread:pt-header-height flex flex-col text-sm pb-25\">\n<article class=\"text-token-text-primary w-full\" dir=\"auto\" data-testid=\"conversation-turn-22\" data-scroll-anchor=\"true\">\n<div class=\"text-base my-auto mx-auto pb-10 [--thread-content-margin:--spacing(4)] @[37rem]:[--thread-content-margin:--spacing(6)] @[72rem]:[--thread-content-margin:--spacing(16)] px-(--thread-content-margin)\">\n<div class=\"[--thread-content-max-width:32rem] @[34rem]:[--thread-content-max-width:40rem] @[64rem]:[--thread-content-max-width:48rem] mx-auto max-w-(--thread-content-max-width) flex-1 group\/turn-messages focus-visible:outline-hidden relative flex w-full min-w-0 flex-col agent-turn\" tabindex=\"-1\">\n<div class=\"flex max-w-full flex-col grow\">\n<div class=\"min-h-8 text-message relative flex w-full flex-col items-end gap-2 text-start break-words whitespace-normal [.text-message+&amp;]:mt-5\" dir=\"auto\" data-message-author-role=\"assistant\" data-message-id=\"cbf160c9-bb0c-4a94-bd2c-7f81c8f2192a\" data-message-model-slug=\"gpt-4o\">\n<div class=\"flex w-full flex-col gap-1 empty:hidden first:pt-[3px]\">\n<div class=\"markdown prose dark:prose-invert w-full break-words light\">\n<div class=\"flex basis-auto flex-col -mb-(--composer-overlap-px) [--composer-overlap-px:55px] grow overflow-hidden\">\n<div class=\"relative h-full\">\n<div class=\"flex h-full flex-col overflow-y-auto [scrollbar-gutter:stable_both-edges] @[84rem]\/thread:pt-(--header-height)\">\n<div class=\"@thread-xl\/thread:pt-header-height flex flex-col text-sm pb-25\">\n<article class=\"text-token-text-primary w-full\" dir=\"auto\" data-testid=\"conversation-turn-22\" data-scroll-anchor=\"true\">\n<div class=\"text-base my-auto mx-auto pb-10 [--thread-content-margin:--spacing(4)] @[37rem]:[--thread-content-margin:--spacing(6)] @[72rem]:[--thread-content-margin:--spacing(16)] px-(--thread-content-margin)\">\n<div class=\"[--thread-content-max-width:32rem] @[34rem]:[--thread-content-max-width:40rem] @[64rem]:[--thread-content-max-width:48rem] mx-auto max-w-(--thread-content-max-width) flex-1 group\/turn-messages focus-visible:outline-hidden relative flex w-full min-w-0 flex-col agent-turn\" tabindex=\"-1\">\n<div class=\"flex max-w-full flex-col grow\">\n<div class=\"min-h-8 text-message relative flex w-full flex-col items-end gap-2 text-start break-words whitespace-normal [.text-message+&amp;]:mt-5\" dir=\"auto\" data-message-author-role=\"assistant\" data-message-id=\"cbf160c9-bb0c-4a94-bd2c-7f81c8f2192a\" data-message-model-slug=\"gpt-4o\">\n<div class=\"flex w-full flex-col gap-1 empty:hidden first:pt-[3px]\">\n<div class=\"markdown prose dark:prose-invert w-full break-words light\">\n<p data-start=\"1379\" data-end=\"1713\"><strong data-start=\"1379\" data-end=\"1422\">F\u00e9minine, flatteuse et ultra styl\u00e9e.<\/strong><br data-start=\"1422\" data-end=\"1425\" \/>Cette robe courte \u00e0 corsage style bustier et encolure c\u0153ur est un v\u00e9ritable coup de c\u0153ur ! Avec ses bretelles larges, sa taille cintr\u00e9e et sa jupe \u00e9vas\u00e9e, elle sublime la silhouette tout en offrant confort et \u00e9l\u00e9gance. Parfaite pour un rendez-vous, un anniversaire ou une soir\u00e9e estivale.<\/p>\n<hr data-start=\"1715\" data-end=\"1718\" \/>\n<p data-start=\"1720\" data-end=\"1738\"><strong data-start=\"1720\" data-end=\"1736\">\ud83c\udf1f D\u00e9tails :<\/strong><\/p>\n<ul data-start=\"1739\" data-end=\"1968\">\n<li data-start=\"1739\" data-end=\"1780\">\n<p data-start=\"1741\" data-end=\"1780\">D\u00e9collet\u00e9 en c\u0153ur avec lien d\u00e9coratif<\/p>\n<\/li>\n<li data-start=\"1781\" data-end=\"1823\">\n<p data-start=\"1783\" data-end=\"1823\">Bretelles larges pour plus de maintien<\/p>\n<\/li>\n<li data-start=\"1824\" data-end=\"1855\">\n<p data-start=\"1826\" data-end=\"1855\">Corsage ajust\u00e9 style corset<\/p>\n<\/li>\n<li data-start=\"1856\" data-end=\"1901\">\n<p data-start=\"1858\" data-end=\"1901\">Dos smock\u00e9 pour un ajustement confortable<\/p>\n<\/li>\n<li data-start=\"1902\" data-end=\"1939\">\n<p data-start=\"1904\" data-end=\"1939\">Jupe courte \u00e9vas\u00e9e avec du volume<\/p>\n<\/li>\n<li data-start=\"1940\" data-end=\"1968\">\n<p data-start=\"1942\" data-end=\"1968\">Tissu l\u00e9ger et respirant<\/p>\n<\/li>\n<\/ul>\n<p><strong data-start=\"1975\" data-end=\"1992\">Id\u00e9ale pour :<\/strong><br data-start=\"1992\" data-end=\"1995\" \/>Rendez-vous amoureux \u2022 F\u00eates \u2022 S\u00e9ances photo \u2022 \u00c9v\u00e9nements chics<\/p>\n<\/div>\n<\/div>\n<\/div>\n<\/div>\n<\/div>\n<\/div>\n<\/article>\n<\/div>\n<\/div>\n<\/div>\n<\/div>\n<\/div>\n<\/div>\n<\/div>\n<\/div>\n<\/div>\n<\/div>\n<\/article>\n<\/div>\n<\/div>\n<\/div>\n<\/div>\n<\/div>\n<\/div>\n<\/div>\n<\/div>\n<\/div>\n<\/div>\n<\/div>\n<\/div>\n<\/article>\n<\/div>\n<\/div>\n<\/div>\n<\/div>\n","protected":false},"excerpt":{"rendered":"<p data-start=\"1379\" data-end=\"1713\">Cette robe courte \u00e0 corsage style bustier et encolure c\u0153ur est un v\u00e9ritable coup de c\u0153ur ! Avec ses bretelles larges, sa taille cintr\u00e9e et sa jupe \u00e9vas\u00e9e, elle sublime la silhouette tout en offrant confort et \u00e9l\u00e9gance. Parfaite pour un rendez-vous, un anniversaire ou une soir\u00e9e estivale.<\/p>\n<p data-start=\"1720\" data-end=\"1738\">\n","protected":false},"featured_media":4965,"comment_status":"open","ping_status":"closed","template":"","meta":{"_acf_changed":false},"product_brand":[],"product_cat":[19,61,73,301,259],"product_tag":[317,316,318],"class_list":{"0":"post-4964","1":"product","2":"type-product","3":"status-publish","4":"has-post-thumbnail","6":"product_cat-women","7":"product_cat-hot-sales","8":"product_cat-new-arrivals","9":"product_cat-women-dresses","10":"product_cat-women-clothes","11":"product_tag-mini-robe","12":"product_tag-robe","13":"product_tag-soiree","15":"first","16":"instock","17":"sale","18":"shipping-taxable","19":"purchasable","20":"product-type-variable"},"acf":[],"_links":{"self":[{"href":"https:\/\/ezmolalite.com\/fr\/wp-json\/wp\/v2\/product\/4964","targetHints":{"allow":["GET"]}}],"collection":[{"href":"https:\/\/ezmolalite.com\/fr\/wp-json\/wp\/v2\/product"}],"about":[{"href":"https:\/\/ezmolalite.com\/fr\/wp-json\/wp\/v2\/types\/product"}],"replies":[{"embeddable":true,"href":"https:\/\/ezmolalite.com\/fr\/wp-json\/wp\/v2\/comments?post=4964"}],"version-history":[{"count":1,"href":"https:\/\/ezmolalite.com\/fr\/wp-json\/wp\/v2\/product\/4964\/revisions"}],"predecessor-version":[{"id":4967,"href":"https:\/\/ezmolalite.com\/fr\/wp-json\/wp\/v2\/product\/4964\/revisions\/4967"}],"wp:featuredmedia":[{"embeddable":true,"href":"https:\/\/ezmolalite.com\/fr\/wp-json\/wp\/v2\/media\/4965"}],"wp:attachment":[{"href":"https:\/\/ezmolalite.com\/fr\/wp-json\/wp\/v2\/media?parent=4964"}],"wp:term":[{"taxonomy":"product_brand","embeddable":true,"href":"https:\/\/ezmolalite.com\/fr\/wp-json\/wp\/v2\/product_brand?post=4964"},{"taxonomy":"product_cat","embeddable":true,"href":"https:\/\/ezmolalite.com\/fr\/wp-json\/wp\/v2\/product_cat?post=4964"},{"taxonomy":"product_tag","embeddable":true,"href":"https:\/\/ezmolalite.com\/fr\/wp-json\/wp\/v2\/product_tag?post=4964"}],"curies":[{"name":"wp","href":"https:\/\/api.w.org\/{rel}","templated":true}]}}