{"id":4968,"date":"2025-07-22T18:50:57","date_gmt":"2025-07-22T18:50:57","guid":{"rendered":"https:\/\/ezmolalite.com\/?post_type=product&#038;p=4968"},"modified":"2025-07-22T19:07:44","modified_gmt":"2025-07-22T19:07:44","slug":"satin-halter-maxi-dress-elegant-flow-glamour","status":"publish","type":"product","link":"https:\/\/ezmolalite.com\/fr\/product\/satin-halter-maxi-dress-elegant-flow-glamour\/","title":{"rendered":"Satin Halter Maxi Dress \u2013 Elegant Flow &#038; Glamour"},"content":{"rendered":"<div class=\"flex basis-auto flex-col -mb-(--composer-overlap-px) [--composer-overlap-px:55px] grow overflow-hidden\">\n<div class=\"relative h-full\">\n<div class=\"flex h-full flex-col overflow-y-auto [scrollbar-gutter:stable_both-edges] @[84rem]\/thread:pt-(--header-height)\">\n<div class=\"@thread-xl\/thread:pt-header-height flex flex-col text-sm pb-25\">\n<article class=\"text-token-text-primary w-full\" dir=\"auto\" data-testid=\"conversation-turn-62\" data-scroll-anchor=\"true\">\n<div class=\"text-base my-auto mx-auto py-5 [--thread-content-margin:--spacing(4)] @[37rem]:[--thread-content-margin:--spacing(6)] @[72rem]:[--thread-content-margin:--spacing(16)] px-(--thread-content-margin)\">\n<div class=\"[--thread-content-max-width:32rem] @[34rem]:[--thread-content-max-width:40rem] @[64rem]:[--thread-content-max-width:48rem] mx-auto flex max-w-(--thread-content-max-width) flex-1 text-base gap-4 md:gap-5 lg:gap-6 group\/turn-messages focus-visible:outline-hidden\" tabindex=\"-1\">\n<div class=\"group\/conversation-turn relative flex w-full min-w-0 flex-col agent-turn\">\n<div class=\"relative flex-col gap-1 md:gap-3\">\n<div class=\"flex max-w-full flex-col grow\">\n<div class=\"min-h-8 text-message relative flex w-full flex-col items-end gap-2 text-start break-words whitespace-normal [.text-message+&amp;]:mt-5\" dir=\"auto\" data-message-author-role=\"assistant\" data-message-id=\"92b6e1a4-7407-4e48-847a-61744771ecb0\" data-message-model-slug=\"gpt-4o\">\n<div class=\"flex w-full flex-col gap-1 empty:hidden first:pt-[3px]\">\n<div class=\"markdown prose dark:prose-invert w-full break-words light\">\n<div class=\"flex basis-auto flex-col -mb-(--composer-overlap-px) [--composer-overlap-px:55px] grow overflow-hidden\">\n<div class=\"relative h-full\">\n<div class=\"flex h-full flex-col overflow-y-auto [scrollbar-gutter:stable_both-edges] @[84rem]\/thread:pt-(--header-height)\">\n<div class=\"@thread-xl\/thread:pt-header-height flex flex-col text-sm pb-25\">\n<article class=\"text-token-text-primary w-full\" dir=\"auto\" data-testid=\"conversation-turn-22\" data-scroll-anchor=\"true\">\n<div class=\"text-base my-auto mx-auto pb-10 [--thread-content-margin:--spacing(4)] @[37rem]:[--thread-content-margin:--spacing(6)] @[72rem]:[--thread-content-margin:--spacing(16)] px-(--thread-content-margin)\">\n<div class=\"[--thread-content-max-width:32rem] @[34rem]:[--thread-content-max-width:40rem] @[64rem]:[--thread-content-max-width:48rem] mx-auto max-w-(--thread-content-max-width) flex-1 group\/turn-messages focus-visible:outline-hidden relative flex w-full min-w-0 flex-col agent-turn\" tabindex=\"-1\">\n<div class=\"flex max-w-full flex-col grow\">\n<div class=\"min-h-8 text-message relative flex w-full flex-col items-end gap-2 text-start break-words whitespace-normal [.text-message+&amp;]:mt-5\" dir=\"auto\" data-message-author-role=\"assistant\" data-message-id=\"cbf160c9-bb0c-4a94-bd2c-7f81c8f2192a\" data-message-model-slug=\"gpt-4o\">\n<div class=\"flex w-full flex-col gap-1 empty:hidden first:pt-[3px]\">\n<div class=\"markdown prose dark:prose-invert w-full break-words light\">\n<div class=\"flex basis-auto flex-col -mb-(--composer-overlap-px) [--composer-overlap-px:55px] grow overflow-hidden\">\n<div class=\"relative h-full\">\n<div class=\"flex h-full flex-col overflow-y-auto [scrollbar-gutter:stable_both-edges] @[84rem]\/thread:pt-(--header-height)\">\n<div class=\"@thread-xl\/thread:pt-header-height flex flex-col text-sm pb-25\">\n<article class=\"text-token-text-primary w-full\" dir=\"auto\" data-testid=\"conversation-turn-22\" data-scroll-anchor=\"true\">\n<div class=\"text-base my-auto mx-auto pb-10 [--thread-content-margin:--spacing(4)] @[37rem]:[--thread-content-margin:--spacing(6)] @[72rem]:[--thread-content-margin:--spacing(16)] px-(--thread-content-margin)\">\n<div class=\"[--thread-content-max-width:32rem] @[34rem]:[--thread-content-max-width:40rem] @[64rem]:[--thread-content-max-width:48rem] mx-auto max-w-(--thread-content-max-width) flex-1 group\/turn-messages focus-visible:outline-hidden relative flex w-full min-w-0 flex-col agent-turn\" tabindex=\"-1\">\n<div class=\"flex max-w-full flex-col grow\">\n<div class=\"min-h-8 text-message relative flex w-full flex-col items-end gap-2 text-start break-words whitespace-normal [.text-message+&amp;]:mt-5\" dir=\"auto\" data-message-author-role=\"assistant\" data-message-id=\"cbf160c9-bb0c-4a94-bd2c-7f81c8f2192a\" data-message-model-slug=\"gpt-4o\">\n<div class=\"flex w-full flex-col gap-1 empty:hidden first:pt-[3px]\">\n<div class=\"markdown prose dark:prose-invert w-full break-words light\">\n<p data-start=\"1431\" data-end=\"1718\"><strong data-start=\"1431\" data-end=\"1470\">\u00c9l\u00e9gante. Sensuelle. Inoubliable.<\/strong><br data-start=\"1470\" data-end=\"1473\" \/>Faites sensation avec cette robe longue en satin au col dos nu, dot\u00e9e d\u2019un profond d\u00e9collet\u00e9 plongeant, d\u2019une taille marqu\u00e9e et d\u2019une jupe ample et fluide. Sa texture satin\u00e9e moka apporte \u00e9clat et raffinement pour toutes vos occasions sp\u00e9ciales.<\/p>\n<hr data-start=\"1720\" data-end=\"1723\" \/>\n<p data-start=\"1725\" data-end=\"1743\"><strong data-start=\"1725\" data-end=\"1741\">D\u00e9tails :<\/strong><\/p>\n<ul data-start=\"1744\" data-end=\"1955\">\n<li data-start=\"1744\" data-end=\"1789\">\n<p data-start=\"1746\" data-end=\"1789\">D\u00e9collet\u00e9 plongeant \u00e0 nouer autour du cou<\/p>\n<\/li>\n<li data-start=\"1790\" data-end=\"1829\">\n<p data-start=\"1792\" data-end=\"1829\">Haut structur\u00e9 pour un bon maintien<\/p>\n<\/li>\n<li data-start=\"1830\" data-end=\"1858\">\n<p data-start=\"1832\" data-end=\"1858\">Taille cintr\u00e9e flatteuse<\/p>\n<\/li>\n<li data-start=\"1859\" data-end=\"1888\">\n<p data-start=\"1861\" data-end=\"1888\">Jupe longue \u00e9vas\u00e9e fluide<\/p>\n<\/li>\n<li data-start=\"1889\" data-end=\"1919\">\n<p data-start=\"1891\" data-end=\"1919\">Finition satin\u00e9e brillante<\/p>\n<\/li>\n<li data-start=\"1920\" data-end=\"1955\">\n<p data-start=\"1922\" data-end=\"1955\">Fermeture invisible dans le dos<\/p>\n<\/li>\n<\/ul>\n<p><strong data-start=\"1962\" data-end=\"1979\">Id\u00e9ale pour :<\/strong><br data-start=\"1979\" data-end=\"1982\" \/>D\u00eeners habill\u00e9s \u2022 Mariages \u2022 \u00c9v\u00e9nements chics \u2022 S\u00e9ances photo glamour<\/p>\n<\/div>\n<\/div>\n<\/div>\n<\/div>\n<\/div>\n<\/div>\n<\/article>\n<\/div>\n<\/div>\n<\/div>\n<\/div>\n<\/div>\n<\/div>\n<\/div>\n<\/div>\n<\/div>\n<\/div>\n<\/article>\n<\/div>\n<\/div>\n<\/div>\n<\/div>\n<\/div>\n<\/div>\n<\/div>\n<\/div>\n<\/div>\n<\/div>\n<\/div>\n<\/div>\n<\/article>\n<\/div>\n<\/div>\n<\/div>\n<\/div>\n","protected":false},"excerpt":{"rendered":"<p data-start=\"1431\" data-end=\"1718\">Faites sensation avec cette robe longue en satin au col dos nu, dot\u00e9e d\u2019un profond d\u00e9collet\u00e9 plongeant, d\u2019une taille marqu\u00e9e et d\u2019une jupe ample et fluide. Sa texture satin\u00e9e moka apporte \u00e9clat et raffinement pour toutes vos occasions sp\u00e9ciales.<\/p>\n<p data-start=\"1720\" data-end=\"1738\">\n","protected":false},"featured_media":4969,"comment_status":"open","ping_status":"closed","template":"","meta":{"_acf_changed":false},"product_brand":[],"product_cat":[19,61,73,301,259],"product_tag":[320,319,316,318],"class_list":{"0":"post-4968","1":"product","2":"type-product","3":"status-publish","4":"has-post-thumbnail","6":"product_cat-women","7":"product_cat-hot-sales","8":"product_cat-new-arrivals","9":"product_cat-women-dresses","10":"product_cat-women-clothes","11":"product_tag-long","12":"product_tag-longue","13":"product_tag-robe","14":"product_tag-soiree","16":"first","17":"instock","18":"shipping-taxable","19":"purchasable","20":"product-type-simple"},"acf":[],"_links":{"self":[{"href":"https:\/\/ezmolalite.com\/fr\/wp-json\/wp\/v2\/product\/4968","targetHints":{"allow":["GET"]}}],"collection":[{"href":"https:\/\/ezmolalite.com\/fr\/wp-json\/wp\/v2\/product"}],"about":[{"href":"https:\/\/ezmolalite.com\/fr\/wp-json\/wp\/v2\/types\/product"}],"replies":[{"embeddable":true,"href":"https:\/\/ezmolalite.com\/fr\/wp-json\/wp\/v2\/comments?post=4968"}],"version-history":[{"count":2,"href":"https:\/\/ezmolalite.com\/fr\/wp-json\/wp\/v2\/product\/4968\/revisions"}],"predecessor-version":[{"id":4973,"href":"https:\/\/ezmolalite.com\/fr\/wp-json\/wp\/v2\/product\/4968\/revisions\/4973"}],"wp:featuredmedia":[{"embeddable":true,"href":"https:\/\/ezmolalite.com\/fr\/wp-json\/wp\/v2\/media\/4969"}],"wp:attachment":[{"href":"https:\/\/ezmolalite.com\/fr\/wp-json\/wp\/v2\/media?parent=4968"}],"wp:term":[{"taxonomy":"product_brand","embeddable":true,"href":"https:\/\/ezmolalite.com\/fr\/wp-json\/wp\/v2\/product_brand?post=4968"},{"taxonomy":"product_cat","embeddable":true,"href":"https:\/\/ezmolalite.com\/fr\/wp-json\/wp\/v2\/product_cat?post=4968"},{"taxonomy":"product_tag","embeddable":true,"href":"https:\/\/ezmolalite.com\/fr\/wp-json\/wp\/v2\/product_tag?post=4968"}],"curies":[{"name":"wp","href":"https:\/\/api.w.org\/{rel}","templated":true}]}}