{"id":4977,"date":"2025-07-22T19:07:51","date_gmt":"2025-07-22T19:07:51","guid":{"rendered":"https:\/\/ezmolalite.com\/?post_type=product&#038;p=4977"},"modified":"2025-12-12T16:22:47","modified_gmt":"2025-12-12T16:22:47","slug":"vintage-floral-puff-sleeve-mini-dress-soft-girl-romance","status":"publish","type":"product","link":"https:\/\/ezmolalite.com\/fr\/product\/vintage-floral-puff-sleeve-mini-dress-soft-girl-romance\/","title":{"rendered":"Vintage Floral Puff-Sleeve Mini Dress \u2013 Soft Girl Romance"},"content":{"rendered":"<div class=\"flex basis-auto flex-col -mb-(--composer-overlap-px) [--composer-overlap-px:55px] grow overflow-hidden\">\n<div class=\"relative h-full\">\n<div class=\"flex h-full flex-col overflow-y-auto [scrollbar-gutter:stable_both-edges] @[84rem]\/thread:pt-(--header-height)\">\n<div class=\"@thread-xl\/thread:pt-header-height flex flex-col text-sm pb-25\">\n<article class=\"text-token-text-primary w-full\" dir=\"auto\" data-testid=\"conversation-turn-62\" data-scroll-anchor=\"true\">\n<div class=\"text-base my-auto mx-auto py-5 [--thread-content-margin:--spacing(4)] @[37rem]:[--thread-content-margin:--spacing(6)] @[72rem]:[--thread-content-margin:--spacing(16)] px-(--thread-content-margin)\">\n<div class=\"[--thread-content-max-width:32rem] @[34rem]:[--thread-content-max-width:40rem] @[64rem]:[--thread-content-max-width:48rem] mx-auto flex max-w-(--thread-content-max-width) flex-1 text-base gap-4 md:gap-5 lg:gap-6 group\/turn-messages focus-visible:outline-hidden\" tabindex=\"-1\">\n<div class=\"group\/conversation-turn relative flex w-full min-w-0 flex-col agent-turn\">\n<div class=\"relative flex-col gap-1 md:gap-3\">\n<div class=\"flex max-w-full flex-col grow\">\n<div class=\"min-h-8 text-message relative flex w-full flex-col items-end gap-2 text-start break-words whitespace-normal [.text-message+&amp;]:mt-5\" dir=\"auto\" data-message-author-role=\"assistant\" data-message-id=\"92b6e1a4-7407-4e48-847a-61744771ecb0\" data-message-model-slug=\"gpt-4o\">\n<div class=\"flex w-full flex-col gap-1 empty:hidden first:pt-[3px]\">\n<div class=\"markdown prose dark:prose-invert w-full break-words light\">\n<div class=\"flex basis-auto flex-col -mb-(--composer-overlap-px) [--composer-overlap-px:55px] grow overflow-hidden\">\n<div class=\"relative h-full\">\n<div class=\"flex h-full flex-col overflow-y-auto [scrollbar-gutter:stable_both-edges] @[84rem]\/thread:pt-(--header-height)\">\n<div class=\"@thread-xl\/thread:pt-header-height flex flex-col text-sm pb-25\">\n<article class=\"text-token-text-primary w-full\" dir=\"auto\" data-testid=\"conversation-turn-22\" data-scroll-anchor=\"true\">\n<div class=\"text-base my-auto mx-auto pb-10 [--thread-content-margin:--spacing(4)] @[37rem]:[--thread-content-margin:--spacing(6)] @[72rem]:[--thread-content-margin:--spacing(16)] px-(--thread-content-margin)\">\n<div class=\"[--thread-content-max-width:32rem] @[34rem]:[--thread-content-max-width:40rem] @[64rem]:[--thread-content-max-width:48rem] mx-auto max-w-(--thread-content-max-width) flex-1 group\/turn-messages focus-visible:outline-hidden relative flex w-full min-w-0 flex-col agent-turn\" tabindex=\"-1\">\n<div class=\"flex max-w-full flex-col grow\">\n<div class=\"min-h-8 text-message relative flex w-full flex-col items-end gap-2 text-start break-words whitespace-normal [.text-message+&amp;]:mt-5\" dir=\"auto\" data-message-author-role=\"assistant\" data-message-id=\"cbf160c9-bb0c-4a94-bd2c-7f81c8f2192a\" data-message-model-slug=\"gpt-4o\">\n<div class=\"flex w-full flex-col gap-1 empty:hidden first:pt-[3px]\">\n<div class=\"markdown prose dark:prose-invert w-full break-words light\">\n<div class=\"flex basis-auto flex-col -mb-(--composer-overlap-px) [--composer-overlap-px:55px] grow overflow-hidden\">\n<div class=\"relative h-full\">\n<div class=\"flex h-full flex-col overflow-y-auto [scrollbar-gutter:stable_both-edges] @[84rem]\/thread:pt-(--header-height)\">\n<div class=\"@thread-xl\/thread:pt-header-height flex flex-col text-sm pb-25\">\n<article class=\"text-token-text-primary w-full\" dir=\"auto\" data-testid=\"conversation-turn-22\" data-scroll-anchor=\"true\">\n<div class=\"text-base my-auto mx-auto pb-10 [--thread-content-margin:--spacing(4)] @[37rem]:[--thread-content-margin:--spacing(6)] @[72rem]:[--thread-content-margin:--spacing(16)] px-(--thread-content-margin)\">\n<div class=\"[--thread-content-max-width:32rem] @[34rem]:[--thread-content-max-width:40rem] @[64rem]:[--thread-content-max-width:48rem] mx-auto max-w-(--thread-content-max-width) flex-1 group\/turn-messages focus-visible:outline-hidden relative flex w-full min-w-0 flex-col agent-turn\" tabindex=\"-1\">\n<div class=\"flex max-w-full flex-col grow\">\n<div class=\"min-h-8 text-message relative flex w-full flex-col items-end gap-2 text-start break-words whitespace-normal [.text-message+&amp;]:mt-5\" dir=\"auto\" data-message-author-role=\"assistant\" data-message-id=\"cbf160c9-bb0c-4a94-bd2c-7f81c8f2192a\" data-message-model-slug=\"gpt-4o\">\n<div class=\"flex w-full flex-col gap-1 empty:hidden first:pt-[3px]\">\n<div class=\"markdown prose dark:prose-invert w-full break-words light\">\n<p data-start=\"1423\" data-end=\"1732\"><strong data-start=\"1423\" data-end=\"1480\">Romantique, flatteuse et digne d\u2019un conte de f\u00e9es.<\/strong><br data-start=\"1480\" data-end=\"1483\" \/>Adoptez un look tout en douceur avec cette robe courte d\u2019inspiration vintage, dot\u00e9e de manches bouffantes, d\u2019un d\u00e9collet\u00e9 en c\u0153ur et d\u2019un bustier fronc\u00e9. La jupe \u00e0 volants avec doublure en tulle ajoute du volume pour un effet princesse irr\u00e9sistible.<\/p>\n<hr data-start=\"1734\" data-end=\"1737\" \/>\n<p data-start=\"1739\" data-end=\"1756\"><strong data-start=\"1739\" data-end=\"1754\">D\u00e9tails :<\/strong><\/p>\n<ul data-start=\"1757\" data-end=\"2002\">\n<li data-start=\"1757\" data-end=\"1786\">\n<p data-start=\"1759\" data-end=\"1786\">D\u00e9collet\u00e9 en c\u0153ur f\u00e9minin<\/p>\n<\/li>\n<li data-start=\"1787\" data-end=\"1830\">\n<p data-start=\"1789\" data-end=\"1830\">Manches courtes bouffantes avec fronces<\/p>\n<\/li>\n<li data-start=\"1831\" data-end=\"1888\">\n<p data-start=\"1833\" data-end=\"1888\">Bustier ajust\u00e9 avec imprim\u00e9 fleuri et d\u00e9tails fronc\u00e9s<\/p>\n<\/li>\n<li data-start=\"1889\" data-end=\"1937\">\n<p data-start=\"1891\" data-end=\"1937\">Jupe courte \u00e0 volants avec doublure en tulle<\/p>\n<\/li>\n<li data-start=\"1938\" data-end=\"1966\">\n<p data-start=\"1940\" data-end=\"1966\">Tissu l\u00e9ger et respirant<\/p>\n<\/li>\n<li data-start=\"1967\" data-end=\"2002\">\n<p data-start=\"1969\" data-end=\"2002\">Fermeture invisible dans le dos<\/p>\n<\/li>\n<\/ul>\n<p><strong data-start=\"2009\" data-end=\"2028\">Parfaite pour :<\/strong><br data-start=\"2028\" data-end=\"2031\" \/>Brunchs \u2022 F\u00eates printani\u00e8res\u00a0 \u2022 S\u00e9ances photo\u00a0 \u2022 Mariages en ext\u00e9rieur<\/p>\n<\/div>\n<\/div>\n<\/div>\n<\/div>\n<\/div>\n<\/div>\n<\/article>\n<\/div>\n<\/div>\n<\/div>\n<\/div>\n<\/div>\n<\/div>\n<\/div>\n<\/div>\n<\/div>\n<\/div>\n<\/article>\n<\/div>\n<\/div>\n<\/div>\n<\/div>\n<\/div>\n<\/div>\n<\/div>\n<\/div>\n<\/div>\n<\/div>\n<\/div>\n<\/div>\n<\/article>\n<\/div>\n<\/div>\n<\/div>\n<\/div>\n","protected":false},"excerpt":{"rendered":"<p data-start=\"1423\" data-end=\"1732\">Adoptez un look tout en douceur avec cette robe courte d\u2019inspiration vintage, dot\u00e9e de manches bouffantes, d\u2019un d\u00e9collet\u00e9 en c\u0153ur et d\u2019un bustier fronc\u00e9. La jupe \u00e0 volants avec doublure en tulle ajoute du volume pour un effet princesse irr\u00e9sistible.<\/p>\n<p data-start=\"1720\" data-end=\"1738\">\n","protected":false},"featured_media":4978,"comment_status":"open","ping_status":"closed","template":"","meta":{"_acf_changed":false},"product_brand":[],"product_cat":[19,61,301,259],"product_tag":[317,316],"class_list":{"0":"post-4977","1":"product","2":"type-product","3":"status-publish","4":"has-post-thumbnail","6":"product_cat-women","7":"product_cat-hot-sales","8":"product_cat-women-dresses","9":"product_cat-women-clothes","10":"product_tag-mini-robe","11":"product_tag-robe","13":"first","14":"instock","15":"sale","16":"shipping-taxable","17":"purchasable","18":"product-type-simple"},"acf":[],"_links":{"self":[{"href":"https:\/\/ezmolalite.com\/fr\/wp-json\/wp\/v2\/product\/4977","targetHints":{"allow":["GET"]}}],"collection":[{"href":"https:\/\/ezmolalite.com\/fr\/wp-json\/wp\/v2\/product"}],"about":[{"href":"https:\/\/ezmolalite.com\/fr\/wp-json\/wp\/v2\/types\/product"}],"replies":[{"embeddable":true,"href":"https:\/\/ezmolalite.com\/fr\/wp-json\/wp\/v2\/comments?post=4977"}],"version-history":[{"count":1,"href":"https:\/\/ezmolalite.com\/fr\/wp-json\/wp\/v2\/product\/4977\/revisions"}],"predecessor-version":[{"id":4979,"href":"https:\/\/ezmolalite.com\/fr\/wp-json\/wp\/v2\/product\/4977\/revisions\/4979"}],"wp:featuredmedia":[{"embeddable":true,"href":"https:\/\/ezmolalite.com\/fr\/wp-json\/wp\/v2\/media\/4978"}],"wp:attachment":[{"href":"https:\/\/ezmolalite.com\/fr\/wp-json\/wp\/v2\/media?parent=4977"}],"wp:term":[{"taxonomy":"product_brand","embeddable":true,"href":"https:\/\/ezmolalite.com\/fr\/wp-json\/wp\/v2\/product_brand?post=4977"},{"taxonomy":"product_cat","embeddable":true,"href":"https:\/\/ezmolalite.com\/fr\/wp-json\/wp\/v2\/product_cat?post=4977"},{"taxonomy":"product_tag","embeddable":true,"href":"https:\/\/ezmolalite.com\/fr\/wp-json\/wp\/v2\/product_tag?post=4977"}],"curies":[{"name":"wp","href":"https:\/\/api.w.org\/{rel}","templated":true}]}}