{"id":4980,"date":"2025-07-22T19:12:45","date_gmt":"2025-07-22T19:12:45","guid":{"rendered":"https:\/\/ezmolalite.com\/?post_type=product&#038;p=4980"},"modified":"2025-07-22T19:20:14","modified_gmt":"2025-07-22T19:20:14","slug":"elegant-peplum-midi-dress-ruched-perfection","status":"publish","type":"product","link":"https:\/\/ezmolalite.com\/fr\/product\/elegant-peplum-midi-dress-ruched-perfection\/","title":{"rendered":"Elegant Peplum Midi Dress \u2013 Ruched Perfection"},"content":{"rendered":"<div class=\"flex basis-auto flex-col -mb-(--composer-overlap-px) [--composer-overlap-px:55px] grow overflow-hidden\">\n<div class=\"relative h-full\">\n<div class=\"flex h-full flex-col overflow-y-auto [scrollbar-gutter:stable_both-edges] @[84rem]\/thread:pt-(--header-height)\">\n<div class=\"@thread-xl\/thread:pt-header-height flex flex-col text-sm pb-25\">\n<article class=\"text-token-text-primary w-full\" dir=\"auto\" data-testid=\"conversation-turn-62\" data-scroll-anchor=\"true\">\n<div class=\"text-base my-auto mx-auto py-5 [--thread-content-margin:--spacing(4)] @[37rem]:[--thread-content-margin:--spacing(6)] @[72rem]:[--thread-content-margin:--spacing(16)] px-(--thread-content-margin)\">\n<div class=\"[--thread-content-max-width:32rem] @[34rem]:[--thread-content-max-width:40rem] @[64rem]:[--thread-content-max-width:48rem] mx-auto flex max-w-(--thread-content-max-width) flex-1 text-base gap-4 md:gap-5 lg:gap-6 group\/turn-messages focus-visible:outline-hidden\" tabindex=\"-1\">\n<div class=\"group\/conversation-turn relative flex w-full min-w-0 flex-col agent-turn\">\n<div class=\"relative flex-col gap-1 md:gap-3\">\n<div class=\"flex max-w-full flex-col grow\">\n<div class=\"min-h-8 text-message relative flex w-full flex-col items-end gap-2 text-start break-words whitespace-normal [.text-message+&amp;]:mt-5\" dir=\"auto\" data-message-author-role=\"assistant\" data-message-id=\"92b6e1a4-7407-4e48-847a-61744771ecb0\" data-message-model-slug=\"gpt-4o\">\n<div class=\"flex w-full flex-col gap-1 empty:hidden first:pt-[3px]\">\n<div class=\"markdown prose dark:prose-invert w-full break-words light\">\n<div class=\"flex basis-auto flex-col -mb-(--composer-overlap-px) [--composer-overlap-px:55px] grow overflow-hidden\">\n<div class=\"relative h-full\">\n<div class=\"flex h-full flex-col overflow-y-auto [scrollbar-gutter:stable_both-edges] @[84rem]\/thread:pt-(--header-height)\">\n<div class=\"@thread-xl\/thread:pt-header-height flex flex-col text-sm pb-25\">\n<article class=\"text-token-text-primary w-full\" dir=\"auto\" data-testid=\"conversation-turn-22\" data-scroll-anchor=\"true\">\n<div class=\"text-base my-auto mx-auto pb-10 [--thread-content-margin:--spacing(4)] @[37rem]:[--thread-content-margin:--spacing(6)] @[72rem]:[--thread-content-margin:--spacing(16)] px-(--thread-content-margin)\">\n<div class=\"[--thread-content-max-width:32rem] @[34rem]:[--thread-content-max-width:40rem] @[64rem]:[--thread-content-max-width:48rem] mx-auto max-w-(--thread-content-max-width) flex-1 group\/turn-messages focus-visible:outline-hidden relative flex w-full min-w-0 flex-col agent-turn\" tabindex=\"-1\">\n<div class=\"flex max-w-full flex-col grow\">\n<div class=\"min-h-8 text-message relative flex w-full flex-col items-end gap-2 text-start break-words whitespace-normal [.text-message+&amp;]:mt-5\" dir=\"auto\" data-message-author-role=\"assistant\" data-message-id=\"cbf160c9-bb0c-4a94-bd2c-7f81c8f2192a\" data-message-model-slug=\"gpt-4o\">\n<div class=\"flex w-full flex-col gap-1 empty:hidden first:pt-[3px]\">\n<div class=\"markdown prose dark:prose-invert w-full break-words light\">\n<div class=\"flex basis-auto flex-col -mb-(--composer-overlap-px) [--composer-overlap-px:55px] grow overflow-hidden\">\n<div class=\"relative h-full\">\n<div class=\"flex h-full flex-col overflow-y-auto [scrollbar-gutter:stable_both-edges] @[84rem]\/thread:pt-(--header-height)\">\n<div class=\"@thread-xl\/thread:pt-header-height flex flex-col text-sm pb-25\">\n<article class=\"text-token-text-primary w-full\" dir=\"auto\" data-testid=\"conversation-turn-22\" data-scroll-anchor=\"true\">\n<div class=\"text-base my-auto mx-auto pb-10 [--thread-content-margin:--spacing(4)] @[37rem]:[--thread-content-margin:--spacing(6)] @[72rem]:[--thread-content-margin:--spacing(16)] px-(--thread-content-margin)\">\n<div class=\"[--thread-content-max-width:32rem] @[34rem]:[--thread-content-max-width:40rem] @[64rem]:[--thread-content-max-width:48rem] mx-auto max-w-(--thread-content-max-width) flex-1 group\/turn-messages focus-visible:outline-hidden relative flex w-full min-w-0 flex-col agent-turn\" tabindex=\"-1\">\n<div class=\"flex max-w-full flex-col grow\">\n<div class=\"min-h-8 text-message relative flex w-full flex-col items-end gap-2 text-start break-words whitespace-normal [.text-message+&amp;]:mt-5\" dir=\"auto\" data-message-author-role=\"assistant\" data-message-id=\"cbf160c9-bb0c-4a94-bd2c-7f81c8f2192a\" data-message-model-slug=\"gpt-4o\">\n<div class=\"flex w-full flex-col gap-1 empty:hidden first:pt-[3px]\">\n<div class=\"markdown prose dark:prose-invert w-full break-words light\">\n<p data-start=\"1534\" data-end=\"1866\"><strong>\u00c9l\u00e9gance et f\u00e9minit\u00e9 assur\u00e9es.<\/strong><\/p>\n<p data-start=\"1534\" data-end=\"1866\">Cette robe midi \u00e0 basque met en valeur la silhouette avec raffinement. Son encolure orn\u00e9e de perles apporte une touche brillante et d\u00e9licate, tandis que la ceinture peplum structur\u00e9e et les plis drap\u00e9s subliment les courbes. Parfaite pour la messe, les c\u00e9r\u00e9monies, ou les occasions habill\u00e9es.<\/p>\n<hr data-start=\"1868\" data-end=\"1871\" \/>\n<p data-start=\"1873\" data-end=\"1891\"><strong data-start=\"1873\" data-end=\"1889\">\u00a0D\u00e9tails :<\/strong><\/p>\n<ul data-start=\"1892\" data-end=\"2175\">\n<li data-start=\"1892\" data-end=\"1933\">\n<p data-start=\"1894\" data-end=\"1933\">Encolure en V avec perles d\u00e9coratives<\/p>\n<\/li>\n<li data-start=\"1934\" data-end=\"1975\">\n<p data-start=\"1936\" data-end=\"1975\">Manches courtes pour une allure sobre<\/p>\n<\/li>\n<li data-start=\"1976\" data-end=\"2018\">\n<p data-start=\"1978\" data-end=\"2018\">Ceinture peplum structur\u00e9e \u00e0 la taille<\/p>\n<\/li>\n<li data-start=\"2019\" data-end=\"2074\">\n<p data-start=\"2021\" data-end=\"2074\">Jupe midi \u00e0 effet pliss\u00e9 avec fente discr\u00e8te devant<\/p>\n<\/li>\n<li data-start=\"2075\" data-end=\"2122\">\n<p data-start=\"2077\" data-end=\"2122\">Fermeture zipp\u00e9e au dos pour un rendu lisse<\/p>\n<\/li>\n<li data-start=\"2123\" data-end=\"2175\">\n<p data-start=\"2125\" data-end=\"2175\">Tissu stretch de qualit\u00e9, confortable et \u00e9l\u00e9gant<\/p>\n<\/li>\n<\/ul>\n<p data-start=\"2182\" data-end=\"2281\"><strong data-start=\"2182\" data-end=\"2199\">Id\u00e9ale pour :<\/strong><br data-start=\"2199\" data-end=\"2202\" \/>\u00c9glise \u2022 \u00c9v\u00e9nements professionnels \u2022 Mariages \u2022 Occasions habill\u00e9es<\/p>\n<p data-start=\"2283\" data-end=\"2362\">\n<\/div>\n<\/div>\n<\/div>\n<\/div>\n<\/div>\n<\/div>\n<\/article>\n<\/div>\n<\/div>\n<\/div>\n<\/div>\n<\/div>\n<\/div>\n<\/div>\n<\/div>\n<\/div>\n<\/div>\n<\/article>\n<\/div>\n<\/div>\n<\/div>\n<\/div>\n<\/div>\n<\/div>\n<\/div>\n<\/div>\n<\/div>\n<\/div>\n<\/div>\n<\/div>\n<\/article>\n<\/div>\n<\/div>\n<\/div>\n<\/div>\n","protected":false},"excerpt":{"rendered":"<p data-start=\"1534\" data-end=\"1866\">Cette robe midi \u00e0 basque met en valeur la silhouette avec raffinement. Son encolure orn\u00e9e de perles apporte une touche brillante et d\u00e9licate, tandis que la ceinture peplum structur\u00e9e et les plis drap\u00e9s subliment les courbes. Parfaite pour la messe, les c\u00e9r\u00e9monies, ou les occasions habill\u00e9es.<\/p>\n<p data-start=\"1720\" data-end=\"1738\">\n","protected":false},"featured_media":4984,"comment_status":"open","ping_status":"closed","template":"","meta":{"_acf_changed":false},"product_brand":[],"product_cat":[19,73,301,259],"product_tag":[321,316],"class_list":{"0":"post-4980","1":"product","2":"type-product","3":"status-publish","4":"has-post-thumbnail","6":"product_cat-women","7":"product_cat-new-arrivals","8":"product_cat-women-dresses","9":"product_cat-women-clothes","10":"product_tag-elegant","11":"product_tag-robe","13":"first","14":"instock","15":"shipping-taxable","16":"purchasable","17":"product-type-variable"},"acf":[],"_links":{"self":[{"href":"https:\/\/ezmolalite.com\/fr\/wp-json\/wp\/v2\/product\/4980","targetHints":{"allow":["GET"]}}],"collection":[{"href":"https:\/\/ezmolalite.com\/fr\/wp-json\/wp\/v2\/product"}],"about":[{"href":"https:\/\/ezmolalite.com\/fr\/wp-json\/wp\/v2\/types\/product"}],"replies":[{"embeddable":true,"href":"https:\/\/ezmolalite.com\/fr\/wp-json\/wp\/v2\/comments?post=4980"}],"version-history":[{"count":2,"href":"https:\/\/ezmolalite.com\/fr\/wp-json\/wp\/v2\/product\/4980\/revisions"}],"predecessor-version":[{"id":4987,"href":"https:\/\/ezmolalite.com\/fr\/wp-json\/wp\/v2\/product\/4980\/revisions\/4987"}],"wp:featuredmedia":[{"embeddable":true,"href":"https:\/\/ezmolalite.com\/fr\/wp-json\/wp\/v2\/media\/4984"}],"wp:attachment":[{"href":"https:\/\/ezmolalite.com\/fr\/wp-json\/wp\/v2\/media?parent=4980"}],"wp:term":[{"taxonomy":"product_brand","embeddable":true,"href":"https:\/\/ezmolalite.com\/fr\/wp-json\/wp\/v2\/product_brand?post=4980"},{"taxonomy":"product_cat","embeddable":true,"href":"https:\/\/ezmolalite.com\/fr\/wp-json\/wp\/v2\/product_cat?post=4980"},{"taxonomy":"product_tag","embeddable":true,"href":"https:\/\/ezmolalite.com\/fr\/wp-json\/wp\/v2\/product_tag?post=4980"}],"curies":[{"name":"wp","href":"https:\/\/api.w.org\/{rel}","templated":true}]}}