{"id":4986,"date":"2025-07-22T20:09:57","date_gmt":"2025-07-22T20:09:57","guid":{"rendered":"https:\/\/ezmolalite.com\/?post_type=product&#038;p=4986"},"modified":"2025-07-22T20:29:04","modified_gmt":"2025-07-22T20:29:04","slug":"sequin-lace-satin-gown-draped-one-shoulder-elegance","status":"publish","type":"product","link":"https:\/\/ezmolalite.com\/fr\/product\/sequin-lace-satin-gown-draped-one-shoulder-elegance\/","title":{"rendered":"Sequin Lace Satin Gown \u2013 Draped One-Shoulder Elegance"},"content":{"rendered":"<div class=\"flex basis-auto flex-col -mb-(--composer-overlap-px) [--composer-overlap-px:55px] grow overflow-hidden\">\n<div class=\"relative h-full\">\n<div class=\"flex h-full flex-col overflow-y-auto [scrollbar-gutter:stable_both-edges] @[84rem]\/thread:pt-(--header-height)\">\n<div class=\"@thread-xl\/thread:pt-header-height flex flex-col text-sm pb-25\">\n<article class=\"text-token-text-primary w-full\" dir=\"auto\" data-testid=\"conversation-turn-62\" data-scroll-anchor=\"true\">\n<div class=\"text-base my-auto mx-auto py-5 [--thread-content-margin:--spacing(4)] @[37rem]:[--thread-content-margin:--spacing(6)] @[72rem]:[--thread-content-margin:--spacing(16)] px-(--thread-content-margin)\">\n<div class=\"[--thread-content-max-width:32rem] @[34rem]:[--thread-content-max-width:40rem] @[64rem]:[--thread-content-max-width:48rem] mx-auto flex max-w-(--thread-content-max-width) flex-1 text-base gap-4 md:gap-5 lg:gap-6 group\/turn-messages focus-visible:outline-hidden\" tabindex=\"-1\">\n<div class=\"group\/conversation-turn relative flex w-full min-w-0 flex-col agent-turn\">\n<div class=\"relative flex-col gap-1 md:gap-3\">\n<div class=\"flex max-w-full flex-col grow\">\n<div class=\"min-h-8 text-message relative flex w-full flex-col items-end gap-2 text-start break-words whitespace-normal [.text-message+&amp;]:mt-5\" dir=\"auto\" data-message-author-role=\"assistant\" data-message-id=\"92b6e1a4-7407-4e48-847a-61744771ecb0\" data-message-model-slug=\"gpt-4o\">\n<div class=\"flex w-full flex-col gap-1 empty:hidden first:pt-[3px]\">\n<div class=\"markdown prose dark:prose-invert w-full break-words light\">\n<div class=\"flex basis-auto flex-col -mb-(--composer-overlap-px) [--composer-overlap-px:55px] grow overflow-hidden\">\n<div class=\"relative h-full\">\n<div class=\"flex h-full flex-col overflow-y-auto [scrollbar-gutter:stable_both-edges] @[84rem]\/thread:pt-(--header-height)\">\n<div class=\"@thread-xl\/thread:pt-header-height flex flex-col text-sm pb-25\">\n<article class=\"text-token-text-primary w-full\" dir=\"auto\" data-testid=\"conversation-turn-22\" data-scroll-anchor=\"true\">\n<div class=\"text-base my-auto mx-auto pb-10 [--thread-content-margin:--spacing(4)] @[37rem]:[--thread-content-margin:--spacing(6)] @[72rem]:[--thread-content-margin:--spacing(16)] px-(--thread-content-margin)\">\n<div class=\"[--thread-content-max-width:32rem] @[34rem]:[--thread-content-max-width:40rem] @[64rem]:[--thread-content-max-width:48rem] mx-auto max-w-(--thread-content-max-width) flex-1 group\/turn-messages focus-visible:outline-hidden relative flex w-full min-w-0 flex-col agent-turn\" tabindex=\"-1\">\n<div class=\"flex max-w-full flex-col grow\">\n<div class=\"min-h-8 text-message relative flex w-full flex-col items-end gap-2 text-start break-words whitespace-normal [.text-message+&amp;]:mt-5\" dir=\"auto\" data-message-author-role=\"assistant\" data-message-id=\"cbf160c9-bb0c-4a94-bd2c-7f81c8f2192a\" data-message-model-slug=\"gpt-4o\">\n<div class=\"flex w-full flex-col gap-1 empty:hidden first:pt-[3px]\">\n<div class=\"markdown prose dark:prose-invert w-full break-words light\">\n<div class=\"flex basis-auto flex-col -mb-(--composer-overlap-px) [--composer-overlap-px:55px] grow overflow-hidden\">\n<div class=\"relative h-full\">\n<div class=\"flex h-full flex-col overflow-y-auto [scrollbar-gutter:stable_both-edges] @[84rem]\/thread:pt-(--header-height)\">\n<div class=\"@thread-xl\/thread:pt-header-height flex flex-col text-sm pb-25\">\n<article class=\"text-token-text-primary w-full\" dir=\"auto\" data-testid=\"conversation-turn-22\" data-scroll-anchor=\"true\">\n<div class=\"text-base my-auto mx-auto pb-10 [--thread-content-margin:--spacing(4)] @[37rem]:[--thread-content-margin:--spacing(6)] @[72rem]:[--thread-content-margin:--spacing(16)] px-(--thread-content-margin)\">\n<div class=\"[--thread-content-max-width:32rem] @[34rem]:[--thread-content-max-width:40rem] @[64rem]:[--thread-content-max-width:48rem] mx-auto max-w-(--thread-content-max-width) flex-1 group\/turn-messages focus-visible:outline-hidden relative flex w-full min-w-0 flex-col agent-turn\" tabindex=\"-1\">\n<div class=\"flex max-w-full flex-col grow\">\n<div class=\"min-h-8 text-message relative flex w-full flex-col items-end gap-2 text-start break-words whitespace-normal [.text-message+&amp;]:mt-5\" dir=\"auto\" data-message-author-role=\"assistant\" data-message-id=\"cbf160c9-bb0c-4a94-bd2c-7f81c8f2192a\" data-message-model-slug=\"gpt-4o\">\n<div class=\"flex w-full flex-col gap-1 empty:hidden first:pt-[3px]\">\n<div class=\"markdown prose dark:prose-invert w-full break-words light\">\n<p data-start=\"1517\" data-end=\"1877\"><strong data-start=\"1517\" data-end=\"1562\">\u00c9l\u00e9gance absolue et charme intemporel.<\/strong><br data-start=\"1562\" data-end=\"1565\" \/>Cette somptueuse robe de soir\u00e9e se distingue par sa coupe sir\u00e8ne satin\u00e9e, son drap\u00e9 majestueux et ses manches longues en dentelle paillet\u00e9e. L\u2019encolure asym\u00e9trique avec effet portefeuille souligne la silhouette avec raffinement. Parfaite pour les mariages, galas ou tenues de c\u00e9r\u00e9monie pour la m\u00e8re de la mari\u00e9e.<\/p>\n<hr data-start=\"1879\" data-end=\"1882\" \/>\n<p data-start=\"1884\" data-end=\"1902\"><strong data-start=\"1884\" data-end=\"1900\">\u00a0D\u00e9tails :<\/strong><\/p>\n<ul data-start=\"1903\" data-end=\"2168\">\n<li data-start=\"1903\" data-end=\"1948\">\n<p data-start=\"1905\" data-end=\"1948\">D\u00e9collet\u00e9 asym\u00e9trique avec drap\u00e9 en satin<\/p>\n<\/li>\n<li data-start=\"1949\" data-end=\"1998\">\n<p data-start=\"1951\" data-end=\"1998\">Haut et manches en dentelle brod\u00e9e de sequins<\/p>\n<\/li>\n<li data-start=\"1999\" data-end=\"2043\">\n<p data-start=\"2001\" data-end=\"2043\">Manches longues bouffantes transparentes<\/p>\n<\/li>\n<li data-start=\"2044\" data-end=\"2087\">\n<p data-start=\"2046\" data-end=\"2087\">Coupe sir\u00e8ne ajust\u00e9e avec effet gainant<\/p>\n<\/li>\n<li data-start=\"2088\" data-end=\"2125\">\n<p data-start=\"2090\" data-end=\"2125\">Drape lat\u00e9ral fluide jusqu\u2019au sol<\/p>\n<\/li>\n<li data-start=\"2126\" data-end=\"2168\">\n<p data-start=\"2128\" data-end=\"2168\">Fermeture zipp\u00e9e invisible dans le dos<\/p>\n<\/li>\n<\/ul>\n<p><strong data-start=\"2175\" data-end=\"2192\">Id\u00e9ale pour :<\/strong><br data-start=\"2192\" data-end=\"2195\" \/>Mariages \u2022 Galas \u2022 Soir\u00e9es d\u2019honneur \u2022 M\u00e8re de la mari\u00e9e<\/p>\n<p data-start=\"2283\" data-end=\"2362\">\n<\/div>\n<\/div>\n<\/div>\n<\/div>\n<\/div>\n<\/div>\n<\/article>\n<\/div>\n<\/div>\n<\/div>\n<\/div>\n<\/div>\n<\/div>\n<\/div>\n<\/div>\n<\/div>\n<\/div>\n<\/article>\n<\/div>\n<\/div>\n<\/div>\n<\/div>\n<\/div>\n<\/div>\n<\/div>\n<\/div>\n<\/div>\n<\/div>\n<\/div>\n<\/div>\n<\/article>\n<\/div>\n<\/div>\n<\/div>\n<\/div>\n","protected":false},"excerpt":{"rendered":"<p data-start=\"1534\" data-end=\"1866\">Cette somptueuse robe de soir\u00e9e se distingue par sa coupe sir\u00e8ne satin\u00e9e, son drap\u00e9 majestueux et ses manches longues en dentelle paillet\u00e9e. L\u2019encolure asym\u00e9trique avec effet portefeuille souligne la silhouette avec raffinement. Parfaite pour les mariages, galas ou tenues de c\u00e9r\u00e9monie pour la m\u00e8re de la mari\u00e9e.<\/p>\n<p data-start=\"1720\" data-end=\"1738\">\n","protected":false},"featured_media":4990,"comment_status":"open","ping_status":"closed","template":"","meta":{"_acf_changed":false},"product_brand":[],"product_cat":[19,73,301,259],"product_tag":[321,316,318],"class_list":{"0":"post-4986","1":"product","2":"type-product","3":"status-publish","4":"has-post-thumbnail","6":"product_cat-women","7":"product_cat-new-arrivals","8":"product_cat-women-dresses","9":"product_cat-women-clothes","10":"product_tag-elegant","11":"product_tag-robe","12":"product_tag-soiree","14":"first","15":"instock","16":"shipping-taxable","17":"purchasable","18":"product-type-simple"},"acf":[],"_links":{"self":[{"href":"https:\/\/ezmolalite.com\/fr\/wp-json\/wp\/v2\/product\/4986","targetHints":{"allow":["GET"]}}],"collection":[{"href":"https:\/\/ezmolalite.com\/fr\/wp-json\/wp\/v2\/product"}],"about":[{"href":"https:\/\/ezmolalite.com\/fr\/wp-json\/wp\/v2\/types\/product"}],"replies":[{"embeddable":true,"href":"https:\/\/ezmolalite.com\/fr\/wp-json\/wp\/v2\/comments?post=4986"}],"version-history":[{"count":3,"href":"https:\/\/ezmolalite.com\/fr\/wp-json\/wp\/v2\/product\/4986\/revisions"}],"predecessor-version":[{"id":4998,"href":"https:\/\/ezmolalite.com\/fr\/wp-json\/wp\/v2\/product\/4986\/revisions\/4998"}],"wp:featuredmedia":[{"embeddable":true,"href":"https:\/\/ezmolalite.com\/fr\/wp-json\/wp\/v2\/media\/4990"}],"wp:attachment":[{"href":"https:\/\/ezmolalite.com\/fr\/wp-json\/wp\/v2\/media?parent=4986"}],"wp:term":[{"taxonomy":"product_brand","embeddable":true,"href":"https:\/\/ezmolalite.com\/fr\/wp-json\/wp\/v2\/product_brand?post=4986"},{"taxonomy":"product_cat","embeddable":true,"href":"https:\/\/ezmolalite.com\/fr\/wp-json\/wp\/v2\/product_cat?post=4986"},{"taxonomy":"product_tag","embeddable":true,"href":"https:\/\/ezmolalite.com\/fr\/wp-json\/wp\/v2\/product_tag?post=4986"}],"curies":[{"name":"wp","href":"https:\/\/api.w.org\/{rel}","templated":true}]}}