{"id":4997,"date":"2025-07-22T20:44:10","date_gmt":"2025-07-22T20:44:10","guid":{"rendered":"https:\/\/ezmolalite.com\/?post_type=product&#038;p=4997"},"modified":"2025-07-22T20:48:03","modified_gmt":"2025-07-22T20:48:03","slug":"tailored-blazer-mini-dress-chic-power-look","status":"publish","type":"product","link":"https:\/\/ezmolalite.com\/fr\/product\/tailored-blazer-mini-dress-chic-power-look\/","title":{"rendered":"Tailored Blazer Mini Dress \u2013 Chic Power Look"},"content":{"rendered":"<div class=\"flex basis-auto flex-col -mb-(--composer-overlap-px) [--composer-overlap-px:55px] grow overflow-hidden\">\n<div class=\"relative h-full\">\n<div class=\"flex h-full flex-col overflow-y-auto [scrollbar-gutter:stable_both-edges] @[84rem]\/thread:pt-(--header-height)\">\n<div class=\"@thread-xl\/thread:pt-header-height flex flex-col text-sm pb-25\">\n<article class=\"text-token-text-primary w-full\" dir=\"auto\" data-testid=\"conversation-turn-62\" data-scroll-anchor=\"true\">\n<div class=\"text-base my-auto mx-auto py-5 [--thread-content-margin:--spacing(4)] @[37rem]:[--thread-content-margin:--spacing(6)] @[72rem]:[--thread-content-margin:--spacing(16)] px-(--thread-content-margin)\">\n<div class=\"[--thread-content-max-width:32rem] @[34rem]:[--thread-content-max-width:40rem] @[64rem]:[--thread-content-max-width:48rem] mx-auto flex max-w-(--thread-content-max-width) flex-1 text-base gap-4 md:gap-5 lg:gap-6 group\/turn-messages focus-visible:outline-hidden\" tabindex=\"-1\">\n<div class=\"group\/conversation-turn relative flex w-full min-w-0 flex-col agent-turn\">\n<div class=\"relative flex-col gap-1 md:gap-3\">\n<div class=\"flex max-w-full flex-col grow\">\n<div class=\"min-h-8 text-message relative flex w-full flex-col items-end gap-2 text-start break-words whitespace-normal [.text-message+&amp;]:mt-5\" dir=\"auto\" data-message-author-role=\"assistant\" data-message-id=\"92b6e1a4-7407-4e48-847a-61744771ecb0\" data-message-model-slug=\"gpt-4o\">\n<div class=\"flex w-full flex-col gap-1 empty:hidden first:pt-[3px]\">\n<div class=\"markdown prose dark:prose-invert w-full break-words light\">\n<div class=\"flex basis-auto flex-col -mb-(--composer-overlap-px) [--composer-overlap-px:55px] grow overflow-hidden\">\n<div class=\"relative h-full\">\n<div class=\"flex h-full flex-col overflow-y-auto [scrollbar-gutter:stable_both-edges] @[84rem]\/thread:pt-(--header-height)\">\n<div class=\"@thread-xl\/thread:pt-header-height flex flex-col text-sm pb-25\">\n<article class=\"text-token-text-primary w-full\" dir=\"auto\" data-testid=\"conversation-turn-22\" data-scroll-anchor=\"true\">\n<div class=\"text-base my-auto mx-auto pb-10 [--thread-content-margin:--spacing(4)] @[37rem]:[--thread-content-margin:--spacing(6)] @[72rem]:[--thread-content-margin:--spacing(16)] px-(--thread-content-margin)\">\n<div class=\"[--thread-content-max-width:32rem] @[34rem]:[--thread-content-max-width:40rem] @[64rem]:[--thread-content-max-width:48rem] mx-auto max-w-(--thread-content-max-width) flex-1 group\/turn-messages focus-visible:outline-hidden relative flex w-full min-w-0 flex-col agent-turn\" tabindex=\"-1\">\n<div class=\"flex max-w-full flex-col grow\">\n<div class=\"min-h-8 text-message relative flex w-full flex-col items-end gap-2 text-start break-words whitespace-normal [.text-message+&amp;]:mt-5\" dir=\"auto\" data-message-author-role=\"assistant\" data-message-id=\"cbf160c9-bb0c-4a94-bd2c-7f81c8f2192a\" data-message-model-slug=\"gpt-4o\">\n<div class=\"flex w-full flex-col gap-1 empty:hidden first:pt-[3px]\">\n<div class=\"markdown prose dark:prose-invert w-full break-words light\">\n<div class=\"flex basis-auto flex-col -mb-(--composer-overlap-px) [--composer-overlap-px:55px] grow overflow-hidden\">\n<div class=\"relative h-full\">\n<div class=\"flex h-full flex-col overflow-y-auto [scrollbar-gutter:stable_both-edges] @[84rem]\/thread:pt-(--header-height)\">\n<div class=\"@thread-xl\/thread:pt-header-height flex flex-col text-sm pb-25\">\n<article class=\"text-token-text-primary w-full\" dir=\"auto\" data-testid=\"conversation-turn-22\" data-scroll-anchor=\"true\">\n<div class=\"text-base my-auto mx-auto pb-10 [--thread-content-margin:--spacing(4)] @[37rem]:[--thread-content-margin:--spacing(6)] @[72rem]:[--thread-content-margin:--spacing(16)] px-(--thread-content-margin)\">\n<div class=\"[--thread-content-max-width:32rem] @[34rem]:[--thread-content-max-width:40rem] @[64rem]:[--thread-content-max-width:48rem] mx-auto max-w-(--thread-content-max-width) flex-1 group\/turn-messages focus-visible:outline-hidden relative flex w-full min-w-0 flex-col agent-turn\" tabindex=\"-1\">\n<div class=\"flex max-w-full flex-col grow\">\n<div class=\"min-h-8 text-message relative flex w-full flex-col items-end gap-2 text-start break-words whitespace-normal [.text-message+&amp;]:mt-5\" dir=\"auto\" data-message-author-role=\"assistant\" data-message-id=\"cbf160c9-bb0c-4a94-bd2c-7f81c8f2192a\" data-message-model-slug=\"gpt-4o\">\n<div class=\"flex w-full flex-col gap-1 empty:hidden first:pt-[3px]\">\n<div class=\"markdown prose dark:prose-invert w-full break-words light\">\n<p data-start=\"1425\" data-end=\"1764\"><strong data-start=\"1425\" data-end=\"1482\">Charismatique, audacieuse et parfaitement taill\u00e9e.<\/strong><br data-start=\"1482\" data-end=\"1485\" \/>Cette robe blazer courte \u00e0 double boutonnage allie structure et sensualit\u00e9. Avec ses \u00e9paules marqu\u00e9es, sa taille cintr\u00e9e et ses boutons dor\u00e9s \u00e9l\u00e9gants, elle vous offre une allure de femme puissante et raffin\u00e9e. Id\u00e9ale pour vos d\u00eeners professionnels, cocktails ou soir\u00e9es styl\u00e9es.<\/p>\n<hr data-start=\"1766\" data-end=\"1769\" \/>\n<p data-start=\"1771\" data-end=\"1788\"><strong data-start=\"1771\" data-end=\"1786\">\u00a0D\u00e9tails :<\/strong><\/p>\n<ul data-start=\"1789\" data-end=\"2004\">\n<li data-start=\"1789\" data-end=\"1831\">\n<p data-start=\"1791\" data-end=\"1831\">Coupe ajust\u00e9e et silhouette structur\u00e9e<\/p>\n<\/li>\n<li data-start=\"1832\" data-end=\"1882\">\n<p data-start=\"1834\" data-end=\"1882\">Fermeture double boutonnage avec boutons dor\u00e9s<\/p>\n<\/li>\n<li data-start=\"1883\" data-end=\"1912\">\n<p data-start=\"1885\" data-end=\"1912\">Manches longues \u00e9l\u00e9gantes<\/p>\n<\/li>\n<li data-start=\"1913\" data-end=\"1947\">\n<p data-start=\"1915\" data-end=\"1947\">Longueur mini chic et tendance<\/p>\n<\/li>\n<li data-start=\"1948\" data-end=\"2004\">\n<p data-start=\"1950\" data-end=\"2004\">Doublure int\u00e9gr\u00e9e avec fermeture int\u00e9rieure discr\u00e8te<\/p>\n<\/li>\n<\/ul>\n<p data-start=\"2011\" data-end=\"2121\"><strong data-start=\"2011\" data-end=\"2030\">Parfaite pour :<\/strong><br data-start=\"2030\" data-end=\"2033\" \/>D\u00eeners d\u2019affaires \u2022 Looks professionnels \u2022 Soir\u00e9es cocktails \u2022 Sorties chics<\/p>\n<p data-start=\"2283\" data-end=\"2362\">\n<\/div>\n<\/div>\n<\/div>\n<\/div>\n<\/div>\n<\/div>\n<\/article>\n<\/div>\n<\/div>\n<\/div>\n<\/div>\n<\/div>\n<\/div>\n<\/div>\n<\/div>\n<\/div>\n<\/div>\n<\/article>\n<\/div>\n<\/div>\n<\/div>\n<\/div>\n<\/div>\n<\/div>\n<\/div>\n<\/div>\n<\/div>\n<\/div>\n<\/div>\n<\/div>\n<\/article>\n<\/div>\n<\/div>\n<\/div>\n<\/div>\n","protected":false},"excerpt":{"rendered":"<p data-start=\"1425\" data-end=\"1764\">Cette robe blazer courte \u00e0 double boutonnage allie structure et sensualit\u00e9. Avec ses \u00e9paules marqu\u00e9es, sa taille cintr\u00e9e et ses boutons dor\u00e9s \u00e9l\u00e9gants, elle vous offre une allure de femme puissante et raffin\u00e9e. Id\u00e9ale pour vos d\u00eeners professionnels, cocktails ou soir\u00e9es styl\u00e9es.<\/p>\n<p data-start=\"1771\" data-end=\"1788\">\n<p data-start=\"1720\" data-end=\"1738\">\n","protected":false},"featured_media":4999,"comment_status":"open","ping_status":"closed","template":"","meta":{"_acf_changed":false},"product_brand":[],"product_cat":[19,61,73,301,259],"product_tag":[321,316,318],"class_list":{"0":"post-4997","1":"product","2":"type-product","3":"status-publish","4":"has-post-thumbnail","6":"product_cat-women","7":"product_cat-hot-sales","8":"product_cat-new-arrivals","9":"product_cat-women-dresses","10":"product_cat-women-clothes","11":"product_tag-elegant","12":"product_tag-robe","13":"product_tag-soiree","15":"first","16":"instock","17":"sale","18":"shipping-taxable","19":"purchasable","20":"product-type-simple"},"acf":[],"_links":{"self":[{"href":"https:\/\/ezmolalite.com\/fr\/wp-json\/wp\/v2\/product\/4997","targetHints":{"allow":["GET"]}}],"collection":[{"href":"https:\/\/ezmolalite.com\/fr\/wp-json\/wp\/v2\/product"}],"about":[{"href":"https:\/\/ezmolalite.com\/fr\/wp-json\/wp\/v2\/types\/product"}],"replies":[{"embeddable":true,"href":"https:\/\/ezmolalite.com\/fr\/wp-json\/wp\/v2\/comments?post=4997"}],"version-history":[{"count":1,"href":"https:\/\/ezmolalite.com\/fr\/wp-json\/wp\/v2\/product\/4997\/revisions"}],"predecessor-version":[{"id":5008,"href":"https:\/\/ezmolalite.com\/fr\/wp-json\/wp\/v2\/product\/4997\/revisions\/5008"}],"wp:featuredmedia":[{"embeddable":true,"href":"https:\/\/ezmolalite.com\/fr\/wp-json\/wp\/v2\/media\/4999"}],"wp:attachment":[{"href":"https:\/\/ezmolalite.com\/fr\/wp-json\/wp\/v2\/media?parent=4997"}],"wp:term":[{"taxonomy":"product_brand","embeddable":true,"href":"https:\/\/ezmolalite.com\/fr\/wp-json\/wp\/v2\/product_brand?post=4997"},{"taxonomy":"product_cat","embeddable":true,"href":"https:\/\/ezmolalite.com\/fr\/wp-json\/wp\/v2\/product_cat?post=4997"},{"taxonomy":"product_tag","embeddable":true,"href":"https:\/\/ezmolalite.com\/fr\/wp-json\/wp\/v2\/product_tag?post=4997"}],"curies":[{"name":"wp","href":"https:\/\/api.w.org\/{rel}","templated":true}]}}