{"id":5036,"date":"2025-07-25T17:04:18","date_gmt":"2025-07-25T17:04:18","guid":{"rendered":"https:\/\/ezmolalite.com\/?post_type=product&#038;p=5036"},"modified":"2025-07-25T17:04:22","modified_gmt":"2025-07-25T17:04:22","slug":"ethereal-elegance-maxi-dress","status":"publish","type":"product","link":"https:\/\/ezmolalite.com\/fr\/product\/ethereal-elegance-maxi-dress\/","title":{"rendered":"Ethereal Elegance Maxi Dress"},"content":{"rendered":"<p data-start=\"105\" data-end=\"477\">Laissez parler votre \u00e9l\u00e9gance naturelle avec cette <strong data-start=\"156\" data-end=\"188\">Robe Longue \u00c9l\u00e9gance \u00c9th\u00e9r\u00e9e<\/strong>, \u00e0 la fois fluide, f\u00e9minine et pleine de charme. Son tissu l\u00e9ger \u00e9pouse la silhouette avec douceur, tandis que son d\u00e9collet\u00e9 crois\u00e9 en V met en valeur le buste avec subtilit\u00e9. L\u2019imprim\u00e9 aquarelle dans des tons verts, beiges et charbon ajoute une touche artistique et moderne irr\u00e9sistible.<\/p>\n<p data-start=\"479\" data-end=\"492\">Id\u00e9ale pour :<\/p>\n<ul data-start=\"493\" data-end=\"608\">\n<li data-start=\"493\" data-end=\"521\">\n<p data-start=\"495\" data-end=\"521\">Un brunch entre amies<\/p>\n<\/li>\n<li data-start=\"522\" data-end=\"552\">\n<p data-start=\"524\" data-end=\"552\">Une escapade \u00e0 la plage<\/p>\n<\/li>\n<li data-start=\"553\" data-end=\"579\">\n<p data-start=\"555\" data-end=\"579\">Un d\u00eener en vacances<\/p>\n<\/li>\n<li data-start=\"580\" data-end=\"608\">\n<p data-start=\"582\" data-end=\"608\">Un mariage en plein air<\/p>\n<\/li>\n<\/ul>\n<p data-start=\"610\" data-end=\"628\"><strong data-start=\"610\" data-end=\"628\">D\u00e9tails cl\u00e9s :<\/strong><\/p>\n<ul data-start=\"629\" data-end=\"839\">\n<li data-start=\"629\" data-end=\"646\">\n<p data-start=\"631\" data-end=\"646\">Longueur maxi<\/p>\n<\/li>\n<li data-start=\"647\" data-end=\"682\">\n<p data-start=\"649\" data-end=\"682\">D\u00e9collet\u00e9 crois\u00e9 en V plongeant<\/p>\n<\/li>\n<li data-start=\"683\" data-end=\"715\">\n<p data-start=\"685\" data-end=\"715\">Sans manches, taille ajust\u00e9e<\/p>\n<\/li>\n<li data-start=\"716\" data-end=\"744\">\n<p data-start=\"718\" data-end=\"744\">Tissu l\u00e9ger et respirant<\/p>\n<\/li>\n<li data-start=\"745\" data-end=\"775\">\n<p data-start=\"747\" data-end=\"775\">Motif aquarelle artistique<\/p>\n<\/li>\n<li data-start=\"776\" data-end=\"821\">\n<p data-start=\"778\" data-end=\"821\">Ceinture nou\u00e9e pour un ajustement parfait<\/p>\n<\/li>\n<li data-start=\"822\" data-end=\"839\">\n<p data-start=\"824\" data-end=\"839\">Taille conforme<\/p>\n<\/li>\n<\/ul>\n<ul data-start=\"629\" data-end=\"839\">\n<li style=\"list-style-type: none;\" data-start=\"716\" data-end=\"744\">\n<p data-start=\"841\" data-end=\"1003\">Astuce style : Associez-la \u00e0 des sandales \u00e0 talons ou plates et une pochette color\u00e9e (comme le sac vert \u00e9clatant pr\u00e9sent\u00e9 sur la photo) pour un look impeccable !<\/p>\n<\/li>\n<\/ul>\n","protected":false},"excerpt":{"rendered":"<p data-start=\"105\" data-end=\"477\">Laissez parler votre \u00e9l\u00e9gance naturelle avec cette <strong data-start=\"156\" data-end=\"188\">Robe Longue \u00c9l\u00e9gance \u00c9th\u00e9r\u00e9e<\/strong>, \u00e0 la fois fluide, f\u00e9minine et pleine de charme. Son tissu l\u00e9ger \u00e9pouse la silhouette avec douceur, tandis que son d\u00e9collet\u00e9 crois\u00e9 en V met en valeur le buste avec subtilit\u00e9. L\u2019imprim\u00e9 aquarelle dans des tons verts, beiges et charbon ajoute une touche artistique et moderne irr\u00e9sistible.<\/p>\n<p data-start=\"479\" data-end=\"492\">\n","protected":false},"featured_media":5040,"comment_status":"open","ping_status":"closed","template":"","meta":{"_acf_changed":false},"product_brand":[],"product_cat":[19,61,73,301,259],"product_tag":[],"class_list":{"0":"post-5036","1":"product","2":"type-product","3":"status-publish","4":"has-post-thumbnail","6":"product_cat-women","7":"product_cat-hot-sales","8":"product_cat-new-arrivals","9":"product_cat-women-dresses","10":"product_cat-women-clothes","12":"first","13":"instock","14":"shipping-taxable","15":"product-type-simple"},"acf":[],"_links":{"self":[{"href":"https:\/\/ezmolalite.com\/fr\/wp-json\/wp\/v2\/product\/5036","targetHints":{"allow":["GET"]}}],"collection":[{"href":"https:\/\/ezmolalite.com\/fr\/wp-json\/wp\/v2\/product"}],"about":[{"href":"https:\/\/ezmolalite.com\/fr\/wp-json\/wp\/v2\/types\/product"}],"replies":[{"embeddable":true,"href":"https:\/\/ezmolalite.com\/fr\/wp-json\/wp\/v2\/comments?post=5036"}],"version-history":[{"count":1,"href":"https:\/\/ezmolalite.com\/fr\/wp-json\/wp\/v2\/product\/5036\/revisions"}],"predecessor-version":[{"id":5037,"href":"https:\/\/ezmolalite.com\/fr\/wp-json\/wp\/v2\/product\/5036\/revisions\/5037"}],"wp:featuredmedia":[{"embeddable":true,"href":"https:\/\/ezmolalite.com\/fr\/wp-json\/wp\/v2\/media\/5040"}],"wp:attachment":[{"href":"https:\/\/ezmolalite.com\/fr\/wp-json\/wp\/v2\/media?parent=5036"}],"wp:term":[{"taxonomy":"product_brand","embeddable":true,"href":"https:\/\/ezmolalite.com\/fr\/wp-json\/wp\/v2\/product_brand?post=5036"},{"taxonomy":"product_cat","embeddable":true,"href":"https:\/\/ezmolalite.com\/fr\/wp-json\/wp\/v2\/product_cat?post=5036"},{"taxonomy":"product_tag","embeddable":true,"href":"https:\/\/ezmolalite.com\/fr\/wp-json\/wp\/v2\/product_tag?post=5036"}],"curies":[{"name":"wp","href":"https:\/\/api.w.org\/{rel}","templated":true}]}}