{"id":5042,"date":"2025-07-25T17:04:32","date_gmt":"2025-07-25T17:04:32","guid":{"rendered":"https:\/\/ezmolalite.com\/?post_type=product&#038;p=5042"},"modified":"2025-07-25T17:13:15","modified_gmt":"2025-07-25T17:13:15","slug":"sophisticated-grace-floral-sash-midi-dress","status":"publish","type":"product","link":"https:\/\/ezmolalite.com\/fr\/product\/sophisticated-grace-floral-sash-midi-dress\/","title":{"rendered":"Sophisticated Grace \u2013 Floral Sash Midi Dress"},"content":{"rendered":"<p data-start=\"115\" data-end=\"450\">Affirmez votre style avec gr\u00e2ce gr\u00e2ce \u00e0 cette <strong data-start=\"161\" data-end=\"192\">robe midi \u00c9l\u00e9gance Raffin\u00e9e<\/strong>, disponible en rouge \u00e9clatant ou bleu marine profond. Cette pi\u00e8ce chic et f\u00e9minine \u00e9pouse parfaitement les courbes et se distingue par son design structur\u00e9, ses manches trois-quarts et son \u00e9charpe florale drap\u00e9e qui ajoute une touche romantique et \u00e9l\u00e9gante.<\/p>\n<p data-start=\"452\" data-end=\"469\">Parfaite pour :<\/p>\n<ul data-start=\"470\" data-end=\"617\">\n<li data-start=\"470\" data-end=\"502\">\n<p data-start=\"472\" data-end=\"502\">R\u00e9unions professionnelles<\/p>\n<\/li>\n<li data-start=\"503\" data-end=\"526\">\n<p data-start=\"505\" data-end=\"526\">Brunchs \u00e9l\u00e9gants<\/p>\n<\/li>\n<li data-start=\"527\" data-end=\"578\">\n<p data-start=\"529\" data-end=\"578\">C\u00e9r\u00e9monies religieuses ou occasions formelles<\/p>\n<\/li>\n<li data-start=\"579\" data-end=\"617\">\n<p data-start=\"581\" data-end=\"617\">Mariages ou \u00e9v\u00e9nements sp\u00e9ciaux<\/p>\n<\/li>\n<\/ul>\n<p data-start=\"619\" data-end=\"634\"><strong data-start=\"619\" data-end=\"632\">D\u00e9tails :<\/strong><\/p>\n<ul data-start=\"635\" data-end=\"880\">\n<li data-start=\"635\" data-end=\"660\">\n<p data-start=\"637\" data-end=\"660\">Longueur midi ajust\u00e9e<\/p>\n<\/li>\n<li data-start=\"661\" data-end=\"713\">\n<p data-start=\"663\" data-end=\"713\">Encolure asym\u00e9trique avec \u00e9charpe florale drap\u00e9e<\/p>\n<\/li>\n<li data-start=\"714\" data-end=\"752\">\n<p data-start=\"716\" data-end=\"752\">Disponible en rouge ou bleu marine<\/p>\n<\/li>\n<li data-start=\"753\" data-end=\"777\">\n<p data-start=\"755\" data-end=\"777\">Manches trois-quarts<\/p>\n<\/li>\n<li data-start=\"778\" data-end=\"815\">\n<p data-start=\"780\" data-end=\"815\">Fermeture zipp\u00e9e invisible au dos<\/p>\n<\/li>\n<li data-start=\"816\" data-end=\"860\">\n<p data-start=\"818\" data-end=\"860\">Tissu extensible pour un confort optimal<\/p>\n<\/li>\n<li data-start=\"861\" data-end=\"880\">\n<p data-start=\"863\" data-end=\"880\">Taille conforme<\/p>\n<\/li>\n<\/ul>\n<p data-start=\"882\" data-end=\"1023\"><strong data-start=\"885\" data-end=\"903\">Conseil mode :<\/strong> Associez-la \u00e0 des talons neutres ou pastel avec des bijoux discrets pour laisser l\u2019\u00e9charpe florale sublimer votre look.<\/p>\n","protected":false},"excerpt":{"rendered":"<p data-start=\"105\" data-end=\"477\">Affirmez votre style avec gr\u00e2ce gr\u00e2ce \u00e0 cette <strong data-start=\"161\" data-end=\"192\">robe midi \u00c9l\u00e9gance Raffin\u00e9e<\/strong>, disponible en rouge \u00e9clatant ou bleu marine profond. Cette pi\u00e8ce chic et f\u00e9minine \u00e9pouse parfaitement les courbes et se distingue par son design structur\u00e9, ses manches trois-quarts et son \u00e9charpe florale drap\u00e9e qui ajoute une touche romantique et \u00e9l\u00e9gante.<\/p>\n<p data-start=\"479\" data-end=\"492\">\n","protected":false},"featured_media":5044,"comment_status":"open","ping_status":"closed","template":"","meta":{"_acf_changed":false},"product_brand":[],"product_cat":[19,61,73,301,259],"product_tag":[],"class_list":{"0":"post-5042","1":"product","2":"type-product","3":"status-publish","4":"has-post-thumbnail","6":"product_cat-women","7":"product_cat-hot-sales","8":"product_cat-new-arrivals","9":"product_cat-women-dresses","10":"product_cat-women-clothes","12":"first","13":"instock","14":"shipping-taxable","15":"purchasable","16":"product-type-variable"},"acf":[],"_links":{"self":[{"href":"https:\/\/ezmolalite.com\/fr\/wp-json\/wp\/v2\/product\/5042","targetHints":{"allow":["GET"]}}],"collection":[{"href":"https:\/\/ezmolalite.com\/fr\/wp-json\/wp\/v2\/product"}],"about":[{"href":"https:\/\/ezmolalite.com\/fr\/wp-json\/wp\/v2\/types\/product"}],"replies":[{"embeddable":true,"href":"https:\/\/ezmolalite.com\/fr\/wp-json\/wp\/v2\/comments?post=5042"}],"version-history":[{"count":1,"href":"https:\/\/ezmolalite.com\/fr\/wp-json\/wp\/v2\/product\/5042\/revisions"}],"predecessor-version":[{"id":5047,"href":"https:\/\/ezmolalite.com\/fr\/wp-json\/wp\/v2\/product\/5042\/revisions\/5047"}],"wp:featuredmedia":[{"embeddable":true,"href":"https:\/\/ezmolalite.com\/fr\/wp-json\/wp\/v2\/media\/5044"}],"wp:attachment":[{"href":"https:\/\/ezmolalite.com\/fr\/wp-json\/wp\/v2\/media?parent=5042"}],"wp:term":[{"taxonomy":"product_brand","embeddable":true,"href":"https:\/\/ezmolalite.com\/fr\/wp-json\/wp\/v2\/product_brand?post=5042"},{"taxonomy":"product_cat","embeddable":true,"href":"https:\/\/ezmolalite.com\/fr\/wp-json\/wp\/v2\/product_cat?post=5042"},{"taxonomy":"product_tag","embeddable":true,"href":"https:\/\/ezmolalite.com\/fr\/wp-json\/wp\/v2\/product_tag?post=5042"}],"curies":[{"name":"wp","href":"https:\/\/api.w.org\/{rel}","templated":true}]}}