{"id":5048,"date":"2025-07-25T17:13:29","date_gmt":"2025-07-25T17:13:29","guid":{"rendered":"https:\/\/ezmolalite.com\/?post_type=product&#038;p=5048"},"modified":"2025-07-25T17:22:34","modified_gmt":"2025-07-25T17:22:34","slug":"red-velvet-open-back-mini-dress","status":"publish","type":"product","link":"https:\/\/ezmolalite.com\/fr\/product\/red-velvet-open-back-mini-dress\/","title":{"rendered":"Red Velvet Open-Back Mini Dress"},"content":{"rendered":"<p data-start=\"837\" data-end=\"1233\">Faites sensation avec cette <strong data-start=\"865\" data-end=\"904\">robe courte rouge dos nu en velours<\/strong>, irr\u00e9sistiblement glamour. Confectionn\u00e9e dans un tissu velours doux et extensible avec un motif floral discret, elle \u00e9pouse parfaitement la silhouette. Son dos nu audacieux avec cordon ajustable et ses manches \u00e9vas\u00e9es en font une pi\u00e8ce sensuelle et \u00e9l\u00e9gante \u2013 id\u00e9ale pour une soir\u00e9e, un \u00e9v\u00e9nement ou un rendez-vous romantique.<\/p>\n<p data-start=\"1235\" data-end=\"1250\"><strong data-start=\"1235\" data-end=\"1248\">D\u00e9tails :<\/strong><\/p>\n<ul data-start=\"1251\" data-end=\"1426\">\n<li data-start=\"1251\" data-end=\"1268\">\n<p data-start=\"1253\" data-end=\"1268\">Coupe ajust\u00e9e<\/p>\n<\/li>\n<li data-start=\"1269\" data-end=\"1306\">\n<p data-start=\"1271\" data-end=\"1306\">Tissu velours doux \u00e0 motif floral<\/p>\n<\/li>\n<li data-start=\"1307\" data-end=\"1334\">\n<p data-start=\"1309\" data-end=\"1334\">Manches longues \u00e9vas\u00e9es<\/p>\n<\/li>\n<li data-start=\"1335\" data-end=\"1369\">\n<p data-start=\"1337\" data-end=\"1369\">Dos \u00e9chancr\u00e9 avec lien \u00e0 nouer<\/p>\n<\/li>\n<li data-start=\"1370\" data-end=\"1406\">\n<p data-start=\"1372\" data-end=\"1406\">Longueur mini \u2013 sexy et raffin\u00e9e<\/p>\n<\/li>\n<li data-start=\"1407\" data-end=\"1426\">\n<p data-start=\"1409\" data-end=\"1426\">Taille conforme<\/p>\n<\/li>\n<\/ul>\n<p data-start=\"1428\" data-end=\"1510\">\u00c0 porter avec des talons et un rouge \u00e0 l\u00e8vres vibrant pour un look irr\u00e9sistible.<\/p>\n","protected":false},"excerpt":{"rendered":"<p data-start=\"105\" data-end=\"477\">Faites sensation avec cette <strong data-start=\"865\" data-end=\"904\">robe courte rouge dos nu en velours<\/strong>, irr\u00e9sistiblement glamour. Confectionn\u00e9e dans un tissu velours doux et extensible avec un motif floral discret, elle \u00e9pouse parfaitement la silhouette. Son dos nu audacieux avec cordon ajustable et ses manches \u00e9vas\u00e9es en font une pi\u00e8ce sensuelle et \u00e9l\u00e9gante \u2013 id\u00e9ale pour une soir\u00e9e, un \u00e9v\u00e9nement ou un rendez-vous romantique.<\/p>\n<p data-start=\"479\" data-end=\"492\">\n","protected":false},"featured_media":5051,"comment_status":"open","ping_status":"closed","template":"","meta":{"_acf_changed":false},"product_brand":[],"product_cat":[19,61,73,301,259],"product_tag":[],"class_list":{"0":"post-5048","1":"product","2":"type-product","3":"status-publish","4":"has-post-thumbnail","6":"product_cat-women","7":"product_cat-hot-sales","8":"product_cat-new-arrivals","9":"product_cat-women-dresses","10":"product_cat-women-clothes","12":"first","13":"instock","14":"sale","15":"shipping-taxable","16":"purchasable","17":"product-type-simple"},"acf":[],"_links":{"self":[{"href":"https:\/\/ezmolalite.com\/fr\/wp-json\/wp\/v2\/product\/5048","targetHints":{"allow":["GET"]}}],"collection":[{"href":"https:\/\/ezmolalite.com\/fr\/wp-json\/wp\/v2\/product"}],"about":[{"href":"https:\/\/ezmolalite.com\/fr\/wp-json\/wp\/v2\/types\/product"}],"replies":[{"embeddable":true,"href":"https:\/\/ezmolalite.com\/fr\/wp-json\/wp\/v2\/comments?post=5048"}],"version-history":[{"count":1,"href":"https:\/\/ezmolalite.com\/fr\/wp-json\/wp\/v2\/product\/5048\/revisions"}],"predecessor-version":[{"id":5053,"href":"https:\/\/ezmolalite.com\/fr\/wp-json\/wp\/v2\/product\/5048\/revisions\/5053"}],"wp:featuredmedia":[{"embeddable":true,"href":"https:\/\/ezmolalite.com\/fr\/wp-json\/wp\/v2\/media\/5051"}],"wp:attachment":[{"href":"https:\/\/ezmolalite.com\/fr\/wp-json\/wp\/v2\/media?parent=5048"}],"wp:term":[{"taxonomy":"product_brand","embeddable":true,"href":"https:\/\/ezmolalite.com\/fr\/wp-json\/wp\/v2\/product_brand?post=5048"},{"taxonomy":"product_cat","embeddable":true,"href":"https:\/\/ezmolalite.com\/fr\/wp-json\/wp\/v2\/product_cat?post=5048"},{"taxonomy":"product_tag","embeddable":true,"href":"https:\/\/ezmolalite.com\/fr\/wp-json\/wp\/v2\/product_tag?post=5048"}],"curies":[{"name":"wp","href":"https:\/\/api.w.org\/{rel}","templated":true}]}}