{"id":5054,"date":"2025-07-25T17:23:06","date_gmt":"2025-07-25T17:23:06","guid":{"rendered":"https:\/\/ezmolalite.com\/?post_type=product&#038;p=5054"},"modified":"2025-12-12T16:21:13","modified_gmt":"2025-12-12T16:21:13","slug":"vintage-high-waisted-flare-jeans","status":"publish","type":"product","link":"https:\/\/ezmolalite.com\/fr\/product\/vintage-high-waisted-flare-jeans\/","title":{"rendered":"Vintage High-Waisted Flare Jeans"},"content":{"rendered":"<p data-start=\"945\" data-end=\"1249\">Adoptez un look audacieux avec ce <strong data-start=\"979\" data-end=\"1020\">jean \u00e9vas\u00e9 taille haute style vintage<\/strong>. Avec ses coutures apparentes, son effet us\u00e9 subtil et sa coupe flatteuse, il marie parfaitement esprit r\u00e9tro et tendances actuelles. Sa taille haute affine la silhouette et son d\u00e9lav\u00e9 clair donne un charme vintage irr\u00e9sistible.<\/p>\n<p data-start=\"1251\" data-end=\"1275\"><strong data-start=\"1251\" data-end=\"1273\">Caract\u00e9ristiques :<\/strong><\/p>\n<ul data-start=\"1276\" data-end=\"1523\">\n<li data-start=\"1276\" data-end=\"1326\">\n<p data-start=\"1278\" data-end=\"1326\">Taille haute pour mettre en valeur les courbes<\/p>\n<\/li>\n<li data-start=\"1327\" data-end=\"1362\">\n<p data-start=\"1329\" data-end=\"1362\">Coupe \u00e9vas\u00e9e \u2013 allonge la jambe<\/p>\n<\/li>\n<li data-start=\"1363\" data-end=\"1400\">\n<p data-start=\"1365\" data-end=\"1400\">Coutures contrast\u00e9es et effet us\u00e9<\/p>\n<\/li>\n<li data-start=\"1401\" data-end=\"1439\">\n<p data-start=\"1403\" data-end=\"1439\">Denim stretch pour plus de confort<\/p>\n<\/li>\n<li data-start=\"1440\" data-end=\"1468\">\n<p data-start=\"1442\" data-end=\"1468\">Finition brute \u00e0 la mode<\/p>\n<\/li>\n<li data-start=\"1469\" data-end=\"1523\">\n<p data-start=\"1471\" data-end=\"1523\">Id\u00e9al pour un look festival, urbain ou casual chic<\/p>\n<\/li>\n<\/ul>\n<p data-start=\"1525\" data-end=\"1620\">\u00a0Associez-le \u00e0 un crop top, un chapeau et des bottines pour un style cowgirl moderne assur\u00e9\u202f!<\/p>\n","protected":false},"excerpt":{"rendered":"<p data-start=\"945\" data-end=\"1249\">Adoptez un look audacieux avec ce <strong data-start=\"979\" data-end=\"1020\">jean \u00e9vas\u00e9 taille haute style vintage<\/strong>. Avec ses coutures apparentes, son effet us\u00e9 subtil et sa coupe flatteuse, il marie parfaitement esprit r\u00e9tro et tendances actuelles. Sa taille haute affine la silhouette et son d\u00e9lav\u00e9 clair donne un charme vintage irr\u00e9sistible.<\/p>\n<p data-start=\"1251\" data-end=\"1275\">\n<p data-start=\"479\" data-end=\"492\">\n","protected":false},"featured_media":5056,"comment_status":"open","ping_status":"closed","template":"","meta":{"_acf_changed":false},"product_brand":[],"product_cat":[19,61,62,259],"product_tag":[],"class_list":{"0":"post-5054","1":"product","2":"type-product","3":"status-publish","4":"has-post-thumbnail","6":"product_cat-women","7":"product_cat-hot-sales","8":"product_cat-slider","9":"product_cat-women-clothes","11":"first","12":"instock","13":"sale","14":"shipping-taxable","15":"purchasable","16":"product-type-simple"},"acf":[],"_links":{"self":[{"href":"https:\/\/ezmolalite.com\/fr\/wp-json\/wp\/v2\/product\/5054","targetHints":{"allow":["GET"]}}],"collection":[{"href":"https:\/\/ezmolalite.com\/fr\/wp-json\/wp\/v2\/product"}],"about":[{"href":"https:\/\/ezmolalite.com\/fr\/wp-json\/wp\/v2\/types\/product"}],"replies":[{"embeddable":true,"href":"https:\/\/ezmolalite.com\/fr\/wp-json\/wp\/v2\/comments?post=5054"}],"version-history":[{"count":2,"href":"https:\/\/ezmolalite.com\/fr\/wp-json\/wp\/v2\/product\/5054\/revisions"}],"predecessor-version":[{"id":5059,"href":"https:\/\/ezmolalite.com\/fr\/wp-json\/wp\/v2\/product\/5054\/revisions\/5059"}],"wp:featuredmedia":[{"embeddable":true,"href":"https:\/\/ezmolalite.com\/fr\/wp-json\/wp\/v2\/media\/5056"}],"wp:attachment":[{"href":"https:\/\/ezmolalite.com\/fr\/wp-json\/wp\/v2\/media?parent=5054"}],"wp:term":[{"taxonomy":"product_brand","embeddable":true,"href":"https:\/\/ezmolalite.com\/fr\/wp-json\/wp\/v2\/product_brand?post=5054"},{"taxonomy":"product_cat","embeddable":true,"href":"https:\/\/ezmolalite.com\/fr\/wp-json\/wp\/v2\/product_cat?post=5054"},{"taxonomy":"product_tag","embeddable":true,"href":"https:\/\/ezmolalite.com\/fr\/wp-json\/wp\/v2\/product_tag?post=5054"}],"curies":[{"name":"wp","href":"https:\/\/api.w.org\/{rel}","templated":true}]}}