{"id":5058,"date":"2025-07-25T17:35:52","date_gmt":"2025-07-25T17:35:52","guid":{"rendered":"https:\/\/ezmolalite.com\/?post_type=product&#038;p=5058"},"modified":"2025-07-25T18:09:27","modified_gmt":"2025-07-25T18:09:27","slug":"striped-polo-flare-mini-dress","status":"publish","type":"product","link":"https:\/\/ezmolalite.com\/fr\/product\/striped-polo-flare-mini-dress\/","title":{"rendered":"Striped Polo Flare Mini Dress"},"content":{"rendered":"<p data-start=\"888\" data-end=\"1155\">Affirmez votre style avec cette <strong data-start=\"920\" data-end=\"964\">robe courte \u00e9vas\u00e9e \u00e0 rayures et col polo<\/strong>\u202f! Ses rayures verticales noires et blanches allongent la silhouette tandis que la jupe \u00e9vas\u00e9e apporte une touche f\u00e9minine. Le col polo et le d\u00e9collet\u00e9 en V cr\u00e9ent un look \u00e9l\u00e9gant et moderne.<\/p>\n<p data-start=\"1157\" data-end=\"1181\"><strong data-start=\"1157\" data-end=\"1179\">Caract\u00e9ristiques :<\/strong><\/p>\n<ul data-start=\"1182\" data-end=\"1375\">\n<li data-start=\"1182\" data-end=\"1215\">\n<p data-start=\"1184\" data-end=\"1215\">Rayures verticales flatteuses<\/p>\n<\/li>\n<li data-start=\"1216\" data-end=\"1244\">\n<p data-start=\"1218\" data-end=\"1244\">Tissu doux et extensible<\/p>\n<\/li>\n<li data-start=\"1245\" data-end=\"1281\">\n<p data-start=\"1247\" data-end=\"1281\">Col polo chic avec encolure en V<\/p>\n<\/li>\n<li data-start=\"1282\" data-end=\"1323\">\n<p data-start=\"1284\" data-end=\"1323\">Jupe \u00e9vas\u00e9e qui \u00e9pouse les mouvements<\/p>\n<\/li>\n<li data-start=\"1324\" data-end=\"1375\">\n<p data-start=\"1326\" data-end=\"1375\">Id\u00e9ale pour une sortie de jour comme une soir\u00e9e<\/p>\n<\/li>\n<\/ul>\n<p data-start=\"1377\" data-end=\"1456\">Portez-la avec des bottines ou des talons pour un look raffin\u00e9 et tendance !<\/p>\n","protected":false},"excerpt":{"rendered":"<p data-start=\"945\" data-end=\"1249\">Affirmez votre style avec cette <strong data-start=\"920\" data-end=\"964\">robe courte \u00e9vas\u00e9e \u00e0 rayures et col polo<\/strong>\u202f! Ses rayures verticales noires et blanches allongent la silhouette tandis que la jupe \u00e9vas\u00e9e apporte une touche f\u00e9minine. Le col polo et le d\u00e9collet\u00e9 en V cr\u00e9ent un look \u00e9l\u00e9gant et moderne.<\/p>\n<p data-start=\"479\" data-end=\"492\">\n","protected":false},"featured_media":5061,"comment_status":"open","ping_status":"closed","template":"","meta":{"_acf_changed":false},"product_brand":[],"product_cat":[19,61,73,301,259],"product_tag":[],"class_list":{"0":"post-5058","1":"product","2":"type-product","3":"status-publish","4":"has-post-thumbnail","6":"product_cat-women","7":"product_cat-hot-sales","8":"product_cat-new-arrivals","9":"product_cat-women-dresses","10":"product_cat-women-clothes","12":"first","13":"instock","14":"sale","15":"shipping-taxable","16":"purchasable","17":"product-type-simple"},"acf":[],"_links":{"self":[{"href":"https:\/\/ezmolalite.com\/fr\/wp-json\/wp\/v2\/product\/5058","targetHints":{"allow":["GET"]}}],"collection":[{"href":"https:\/\/ezmolalite.com\/fr\/wp-json\/wp\/v2\/product"}],"about":[{"href":"https:\/\/ezmolalite.com\/fr\/wp-json\/wp\/v2\/types\/product"}],"replies":[{"embeddable":true,"href":"https:\/\/ezmolalite.com\/fr\/wp-json\/wp\/v2\/comments?post=5058"}],"version-history":[{"count":1,"href":"https:\/\/ezmolalite.com\/fr\/wp-json\/wp\/v2\/product\/5058\/revisions"}],"predecessor-version":[{"id":5062,"href":"https:\/\/ezmolalite.com\/fr\/wp-json\/wp\/v2\/product\/5058\/revisions\/5062"}],"wp:featuredmedia":[{"embeddable":true,"href":"https:\/\/ezmolalite.com\/fr\/wp-json\/wp\/v2\/media\/5061"}],"wp:attachment":[{"href":"https:\/\/ezmolalite.com\/fr\/wp-json\/wp\/v2\/media?parent=5058"}],"wp:term":[{"taxonomy":"product_brand","embeddable":true,"href":"https:\/\/ezmolalite.com\/fr\/wp-json\/wp\/v2\/product_brand?post=5058"},{"taxonomy":"product_cat","embeddable":true,"href":"https:\/\/ezmolalite.com\/fr\/wp-json\/wp\/v2\/product_cat?post=5058"},{"taxonomy":"product_tag","embeddable":true,"href":"https:\/\/ezmolalite.com\/fr\/wp-json\/wp\/v2\/product_tag?post=5058"}],"curies":[{"name":"wp","href":"https:\/\/api.w.org\/{rel}","templated":true}]}}