{"id":5063,"date":"2025-07-25T18:09:51","date_gmt":"2025-07-25T18:09:51","guid":{"rendered":"https:\/\/ezmolalite.com\/?post_type=product&#038;p=5063"},"modified":"2025-12-12T16:20:56","modified_gmt":"2025-12-12T16:20:56","slug":"bold-buttoned-bodycon-dress","status":"publish","type":"product","link":"https:\/\/ezmolalite.com\/fr\/product\/bold-buttoned-bodycon-dress\/","title":{"rendered":"Bold Buttoned Bodycon Dress"},"content":{"rendered":"<p data-start=\"836\" data-end=\"1079\">Faites tourner les t\u00eates avec cette <strong data-start=\"872\" data-end=\"905\">robe moulante \u00e9clatante<\/strong>, con\u00e7ue pour sublimer vos courbes et illuminer votre allure. Sa coupe ajust\u00e9e et son col \u00e0 d\u00e9coupe orn\u00e9 de jolis boutons dor\u00e9s ajoutent une touche sophistiqu\u00e9e et originale.<\/p>\n<p data-start=\"1081\" data-end=\"1105\"><strong data-start=\"1081\" data-end=\"1103\">Caract\u00e9ristiques :<\/strong><\/p>\n<ul data-start=\"1106\" data-end=\"1357\">\n<li data-start=\"1106\" data-end=\"1131\">\n<p data-start=\"1108\" data-end=\"1131\">Jaune vif et \u00e9clatant<\/p>\n<\/li>\n<li data-start=\"1132\" data-end=\"1167\">\n<p data-start=\"1134\" data-end=\"1167\">Silhouette moulante et f\u00e9minine<\/p>\n<\/li>\n<li data-start=\"1168\" data-end=\"1200\">\n<p data-start=\"1170\" data-end=\"1200\">D\u00e9tail encolure ajour\u00e9e chic<\/p>\n<\/li>\n<li data-start=\"1201\" data-end=\"1245\">\n<p data-start=\"1203\" data-end=\"1245\">Boutons d\u00e9coratifs dor\u00e9s sur les manches<\/p>\n<\/li>\n<li data-start=\"1246\" data-end=\"1295\">\n<p data-start=\"1248\" data-end=\"1295\">Tissu doux et extensible pour plus de confort<\/p>\n<\/li>\n<li data-start=\"1296\" data-end=\"1357\">\n<p data-start=\"1298\" data-end=\"1357\">Id\u00e9ale pour un look de jour styl\u00e9 ou une sortie en soir\u00e9e<\/p>\n<\/li>\n<\/ul>\n","protected":false},"excerpt":{"rendered":"<p data-start=\"836\" data-end=\"1079\">Faites tourner les t\u00eates avec cette <strong data-start=\"872\" data-end=\"905\">robe moulante \u00e9clatante<\/strong>, con\u00e7ue pour sublimer vos courbes et illuminer votre allure. Sa coupe ajust\u00e9e et son col \u00e0 d\u00e9coupe orn\u00e9 de jolis boutons dor\u00e9s ajoutent une touche sophistiqu\u00e9e et originale.<\/p>\n<p data-start=\"1081\" data-end=\"1105\">\n<p data-start=\"479\" data-end=\"492\">\n","protected":false},"featured_media":5065,"comment_status":"open","ping_status":"closed","template":"","meta":{"_acf_changed":false},"product_brand":[],"product_cat":[19,61,301,259],"product_tag":[],"class_list":{"0":"post-5063","1":"product","2":"type-product","3":"status-publish","4":"has-post-thumbnail","6":"product_cat-women","7":"product_cat-hot-sales","8":"product_cat-women-dresses","9":"product_cat-women-clothes","11":"first","12":"instock","13":"shipping-taxable","14":"purchasable","15":"product-type-variable"},"acf":[],"_links":{"self":[{"href":"https:\/\/ezmolalite.com\/fr\/wp-json\/wp\/v2\/product\/5063","targetHints":{"allow":["GET"]}}],"collection":[{"href":"https:\/\/ezmolalite.com\/fr\/wp-json\/wp\/v2\/product"}],"about":[{"href":"https:\/\/ezmolalite.com\/fr\/wp-json\/wp\/v2\/types\/product"}],"replies":[{"embeddable":true,"href":"https:\/\/ezmolalite.com\/fr\/wp-json\/wp\/v2\/comments?post=5063"}],"version-history":[{"count":1,"href":"https:\/\/ezmolalite.com\/fr\/wp-json\/wp\/v2\/product\/5063\/revisions"}],"predecessor-version":[{"id":5068,"href":"https:\/\/ezmolalite.com\/fr\/wp-json\/wp\/v2\/product\/5063\/revisions\/5068"}],"wp:featuredmedia":[{"embeddable":true,"href":"https:\/\/ezmolalite.com\/fr\/wp-json\/wp\/v2\/media\/5065"}],"wp:attachment":[{"href":"https:\/\/ezmolalite.com\/fr\/wp-json\/wp\/v2\/media?parent=5063"}],"wp:term":[{"taxonomy":"product_brand","embeddable":true,"href":"https:\/\/ezmolalite.com\/fr\/wp-json\/wp\/v2\/product_brand?post=5063"},{"taxonomy":"product_cat","embeddable":true,"href":"https:\/\/ezmolalite.com\/fr\/wp-json\/wp\/v2\/product_cat?post=5063"},{"taxonomy":"product_tag","embeddable":true,"href":"https:\/\/ezmolalite.com\/fr\/wp-json\/wp\/v2\/product_tag?post=5063"}],"curies":[{"name":"wp","href":"https:\/\/api.w.org\/{rel}","templated":true}]}}