{"id":5084,"date":"2025-07-25T18:39:52","date_gmt":"2025-07-25T18:39:52","guid":{"rendered":"https:\/\/ezmolalite.com\/?post_type=product&#038;p=5084"},"modified":"2025-12-12T16:20:32","modified_gmt":"2025-12-12T16:20:32","slug":"elegant-one-shoulder-floral-statement-dress","status":"publish","type":"product","link":"https:\/\/ezmolalite.com\/fr\/product\/elegant-one-shoulder-floral-statement-dress\/","title":{"rendered":"Elegant One-Shoulder Floral Statement Dress"},"content":{"rendered":"<p data-start=\"780\" data-end=\"1021\">Ajoutez une touche d&rsquo;\u00e9l\u00e9gance \u00e0 votre dressing avec ce <strong data-start=\"835\" data-end=\"882\">haut boutonn\u00e9 \u00e0 manches courtes et col en V<\/strong>. Son design \u00e9pur\u00e9, ses boutons raffin\u00e9s et son logo brod\u00e9 discret en font un incontournable, \u00e0 porter aussi bien avec un jean qu\u2019une jupe.<\/p>\n<p data-start=\"780\" data-end=\"1021\"><strong data-start=\"1097\" data-end=\"1119\">Caract\u00e9ristiques :<\/strong><\/p>\n<ul data-start=\"1122\" data-end=\"1322\">\n<li data-start=\"1122\" data-end=\"1174\">\n<p data-start=\"1124\" data-end=\"1174\">Tissu doux et extensible pour un confort optimal<\/p>\n<\/li>\n<li data-start=\"1175\" data-end=\"1202\">\n<p data-start=\"1177\" data-end=\"1202\">Encolure en V flatteuse<\/p>\n<\/li>\n<li data-start=\"1203\" data-end=\"1231\">\n<p data-start=\"1205\" data-end=\"1231\">Boutonnage frontal styl\u00e9<\/p>\n<\/li>\n<li data-start=\"1232\" data-end=\"1270\">\n<p data-start=\"1234\" data-end=\"1270\">Logo brod\u00e9 discret sur la poitrine<\/p>\n<\/li>\n<li data-start=\"1271\" data-end=\"1322\">\n<p data-start=\"1273\" data-end=\"1322\">Id\u00e9al pour un look d\u00e9contract\u00e9 ou professionnel<\/p>\n<\/li>\n<\/ul>\n","protected":false},"excerpt":{"rendered":"<p data-start=\"836\" data-end=\"1079\">Ajoutez une touche d&rsquo;\u00e9l\u00e9gance \u00e0 votre dressing avec ce <strong data-start=\"835\" data-end=\"882\">haut boutonn\u00e9 \u00e0 manches courtes et col en V<\/strong>. Son design \u00e9pur\u00e9, ses boutons raffin\u00e9s et son logo brod\u00e9 discret en font un incontournable, \u00e0 porter aussi bien avec un jean qu\u2019une jupe.<\/p>\n<p data-start=\"479\" data-end=\"492\">\n","protected":false},"featured_media":5089,"comment_status":"open","ping_status":"closed","template":"","meta":{"_acf_changed":false},"product_brand":[],"product_cat":[19,61,301,347,259],"product_tag":[],"class_list":{"0":"post-5084","1":"product","2":"type-product","3":"status-publish","4":"has-post-thumbnail","6":"product_cat-women","7":"product_cat-hot-sales","8":"product_cat-women-dresses","9":"product_cat-speciale-fete","10":"product_cat-women-clothes","12":"first","13":"instock","14":"shipping-taxable","15":"purchasable","16":"product-type-variable"},"acf":[],"_links":{"self":[{"href":"https:\/\/ezmolalite.com\/fr\/wp-json\/wp\/v2\/product\/5084","targetHints":{"allow":["GET"]}}],"collection":[{"href":"https:\/\/ezmolalite.com\/fr\/wp-json\/wp\/v2\/product"}],"about":[{"href":"https:\/\/ezmolalite.com\/fr\/wp-json\/wp\/v2\/types\/product"}],"replies":[{"embeddable":true,"href":"https:\/\/ezmolalite.com\/fr\/wp-json\/wp\/v2\/comments?post=5084"}],"version-history":[{"count":2,"href":"https:\/\/ezmolalite.com\/fr\/wp-json\/wp\/v2\/product\/5084\/revisions"}],"predecessor-version":[{"id":5098,"href":"https:\/\/ezmolalite.com\/fr\/wp-json\/wp\/v2\/product\/5084\/revisions\/5098"}],"wp:featuredmedia":[{"embeddable":true,"href":"https:\/\/ezmolalite.com\/fr\/wp-json\/wp\/v2\/media\/5089"}],"wp:attachment":[{"href":"https:\/\/ezmolalite.com\/fr\/wp-json\/wp\/v2\/media?parent=5084"}],"wp:term":[{"taxonomy":"product_brand","embeddable":true,"href":"https:\/\/ezmolalite.com\/fr\/wp-json\/wp\/v2\/product_brand?post=5084"},{"taxonomy":"product_cat","embeddable":true,"href":"https:\/\/ezmolalite.com\/fr\/wp-json\/wp\/v2\/product_cat?post=5084"},{"taxonomy":"product_tag","embeddable":true,"href":"https:\/\/ezmolalite.com\/fr\/wp-json\/wp\/v2\/product_tag?post=5084"}],"curies":[{"name":"wp","href":"https:\/\/api.w.org\/{rel}","templated":true}]}}