{"id":5095,"date":"2025-07-25T18:58:50","date_gmt":"2025-07-25T18:58:50","guid":{"rendered":"https:\/\/ezmolalite.com\/?post_type=product&#038;p=5095"},"modified":"2025-12-12T16:20:19","modified_gmt":"2025-12-12T16:20:19","slug":"high-waisted-denim-biker-shorts","status":"publish","type":"product","link":"https:\/\/ezmolalite.com\/fr\/product\/high-waisted-denim-biker-shorts\/","title":{"rendered":"High-Waisted Denim Biker Shorts"},"content":{"rendered":"<p data-start=\"796\" data-end=\"1057\">Adoptez un style tendance et d\u00e9contract\u00e9 avec ce <strong data-start=\"845\" data-end=\"884\">short cycliste en jean taille haute<\/strong>, con\u00e7u pour \u00e9pouser vos formes avec \u00e9l\u00e9gance. Son tissu extensible et sa coupe flatteuse en font un incontournable \u00e0 associer \u00e0 un crop top, un body ou un t-shirt oversize.<\/p>\n<p data-start=\"1059\" data-end=\"1083\"><strong data-start=\"1059\" data-end=\"1081\">Caract\u00e9ristiques :<\/strong><\/p>\n<ul data-start=\"1084\" data-end=\"1326\">\n<li data-start=\"1084\" data-end=\"1131\">\n<p data-start=\"1086\" data-end=\"1131\">Taille haute pour un effet gainant et styl\u00e9<\/p>\n<\/li>\n<li data-start=\"1132\" data-end=\"1171\">\n<p data-start=\"1134\" data-end=\"1171\">Jean stretch confortable et moulant<\/p>\n<\/li>\n<li data-start=\"1172\" data-end=\"1210\">\n<p data-start=\"1174\" data-end=\"1210\">Poches avant et arri\u00e8re classiques<\/p>\n<\/li>\n<li data-start=\"1211\" data-end=\"1263\">\n<p data-start=\"1213\" data-end=\"1263\">Longueur mi-cuisse, parfaite pour tous les looks<\/p>\n<\/li>\n<li data-start=\"1264\" data-end=\"1326\">\n<p data-start=\"1266\" data-end=\"1326\">Id\u00e9al pour les sorties d\u00e9contract\u00e9es et les journ\u00e9es d\u00e9tente<\/p>\n<\/li>\n<\/ul>\n","protected":false},"excerpt":{"rendered":"<p data-start=\"836\" data-end=\"1079\">Adoptez un style tendance et d\u00e9contract\u00e9 avec ce <strong data-start=\"845\" data-end=\"884\">short cycliste en jean taille haute<\/strong>, con\u00e7u pour \u00e9pouser vos formes avec \u00e9l\u00e9gance. Son tissu extensible et sa coupe flatteuse en font un incontournable \u00e0 associer \u00e0 un crop top, un body ou un t-shirt oversize.<\/p>\n<p data-start=\"479\" data-end=\"492\">\n","protected":false},"featured_media":5099,"comment_status":"open","ping_status":"closed","template":"","meta":{"_acf_changed":false},"product_brand":[],"product_cat":[19,61,259],"product_tag":[],"class_list":{"0":"post-5095","1":"product","2":"type-product","3":"status-publish","4":"has-post-thumbnail","6":"product_cat-women","7":"product_cat-hot-sales","8":"product_cat-women-clothes","10":"first","11":"instock","12":"sale","13":"shipping-taxable","14":"purchasable","15":"product-type-simple"},"acf":[],"_links":{"self":[{"href":"https:\/\/ezmolalite.com\/fr\/wp-json\/wp\/v2\/product\/5095","targetHints":{"allow":["GET"]}}],"collection":[{"href":"https:\/\/ezmolalite.com\/fr\/wp-json\/wp\/v2\/product"}],"about":[{"href":"https:\/\/ezmolalite.com\/fr\/wp-json\/wp\/v2\/types\/product"}],"replies":[{"embeddable":true,"href":"https:\/\/ezmolalite.com\/fr\/wp-json\/wp\/v2\/comments?post=5095"}],"version-history":[{"count":1,"href":"https:\/\/ezmolalite.com\/fr\/wp-json\/wp\/v2\/product\/5095\/revisions"}],"predecessor-version":[{"id":5101,"href":"https:\/\/ezmolalite.com\/fr\/wp-json\/wp\/v2\/product\/5095\/revisions\/5101"}],"wp:featuredmedia":[{"embeddable":true,"href":"https:\/\/ezmolalite.com\/fr\/wp-json\/wp\/v2\/media\/5099"}],"wp:attachment":[{"href":"https:\/\/ezmolalite.com\/fr\/wp-json\/wp\/v2\/media?parent=5095"}],"wp:term":[{"taxonomy":"product_brand","embeddable":true,"href":"https:\/\/ezmolalite.com\/fr\/wp-json\/wp\/v2\/product_brand?post=5095"},{"taxonomy":"product_cat","embeddable":true,"href":"https:\/\/ezmolalite.com\/fr\/wp-json\/wp\/v2\/product_cat?post=5095"},{"taxonomy":"product_tag","embeddable":true,"href":"https:\/\/ezmolalite.com\/fr\/wp-json\/wp\/v2\/product_tag?post=5095"}],"curies":[{"name":"wp","href":"https:\/\/api.w.org\/{rel}","templated":true}]}}