{"id":5102,"date":"2025-07-25T19:23:03","date_gmt":"2025-07-25T19:23:03","guid":{"rendered":"https:\/\/ezmolalite.com\/?post_type=product&#038;p=5102"},"modified":"2025-12-12T16:20:08","modified_gmt":"2025-12-12T16:20:08","slug":"tribal-inspired-knit-bodycon-dress","status":"publish","type":"product","link":"https:\/\/ezmolalite.com\/fr\/product\/tribal-inspired-knit-bodycon-dress\/","title":{"rendered":"Tribal-Inspired Knit Bodycon Dress"},"content":{"rendered":"<p data-start=\"847\" data-end=\"1096\">Affirmez votre style avec cette <strong data-start=\"879\" data-end=\"922\">robe moulante tricot\u00e9e \u00e0 motifs tribaux<\/strong>, une pi\u00e8ce \u00e9l\u00e9gante et audacieuse qui \u00e9pouse les formes avec raffinement. Son col en V, sa taille marqu\u00e9e et ses d\u00e9tails ethniques en font un incontournable chic et moderne.<\/p>\n<p data-start=\"1098\" data-end=\"1122\"><strong data-start=\"1098\" data-end=\"1120\">Caract\u00e9ristiques :<\/strong><\/p>\n<ul data-start=\"1123\" data-end=\"1391\">\n<li data-start=\"1123\" data-end=\"1183\">\n<p data-start=\"1125\" data-end=\"1183\">Motifs tribaux uniques pour une touche ethnique raffin\u00e9e<\/p>\n<\/li>\n<li data-start=\"1184\" data-end=\"1230\">\n<p data-start=\"1186\" data-end=\"1230\">Mati\u00e8re tricot\u00e9e extensible et confortable<\/p>\n<\/li>\n<li data-start=\"1231\" data-end=\"1271\">\n<p data-start=\"1233\" data-end=\"1271\">Manches courtes et col en V flatteur<\/p>\n<\/li>\n<li data-start=\"1272\" data-end=\"1321\">\n<p data-start=\"1274\" data-end=\"1321\">Longueur mi-mollet id\u00e9ale pour un look classe<\/p>\n<\/li>\n<li data-start=\"1322\" data-end=\"1391\">\n<p data-start=\"1324\" data-end=\"1391\">Disponible en noir ou blanc pour s\u2019adapter \u00e0 toutes les occasions<\/p>\n<\/li>\n<\/ul>\n","protected":false},"excerpt":{"rendered":"<p data-start=\"836\" data-end=\"1079\">Affirmez votre style avec cette <strong data-start=\"879\" data-end=\"922\">robe moulante tricot\u00e9e \u00e0 motifs tribaux<\/strong>, une pi\u00e8ce \u00e9l\u00e9gante et audacieuse qui \u00e9pouse les formes avec raffinement. Son col en V, sa taille marqu\u00e9e et ses d\u00e9tails ethniques en font un incontournable chic et moderne.<\/p>\n<p data-start=\"479\" data-end=\"492\">\n","protected":false},"featured_media":5103,"comment_status":"open","ping_status":"closed","template":"","meta":{"_acf_changed":false},"product_brand":[],"product_cat":[19,61,301,259],"product_tag":[],"class_list":{"0":"post-5102","1":"product","2":"type-product","3":"status-publish","4":"has-post-thumbnail","6":"product_cat-women","7":"product_cat-hot-sales","8":"product_cat-women-dresses","9":"product_cat-women-clothes","11":"first","12":"instock","13":"sale","14":"shipping-taxable","15":"purchasable","16":"product-type-variable"},"acf":[],"_links":{"self":[{"href":"https:\/\/ezmolalite.com\/fr\/wp-json\/wp\/v2\/product\/5102","targetHints":{"allow":["GET"]}}],"collection":[{"href":"https:\/\/ezmolalite.com\/fr\/wp-json\/wp\/v2\/product"}],"about":[{"href":"https:\/\/ezmolalite.com\/fr\/wp-json\/wp\/v2\/types\/product"}],"replies":[{"embeddable":true,"href":"https:\/\/ezmolalite.com\/fr\/wp-json\/wp\/v2\/comments?post=5102"}],"version-history":[{"count":1,"href":"https:\/\/ezmolalite.com\/fr\/wp-json\/wp\/v2\/product\/5102\/revisions"}],"predecessor-version":[{"id":5107,"href":"https:\/\/ezmolalite.com\/fr\/wp-json\/wp\/v2\/product\/5102\/revisions\/5107"}],"wp:featuredmedia":[{"embeddable":true,"href":"https:\/\/ezmolalite.com\/fr\/wp-json\/wp\/v2\/media\/5103"}],"wp:attachment":[{"href":"https:\/\/ezmolalite.com\/fr\/wp-json\/wp\/v2\/media?parent=5102"}],"wp:term":[{"taxonomy":"product_brand","embeddable":true,"href":"https:\/\/ezmolalite.com\/fr\/wp-json\/wp\/v2\/product_brand?post=5102"},{"taxonomy":"product_cat","embeddable":true,"href":"https:\/\/ezmolalite.com\/fr\/wp-json\/wp\/v2\/product_cat?post=5102"},{"taxonomy":"product_tag","embeddable":true,"href":"https:\/\/ezmolalite.com\/fr\/wp-json\/wp\/v2\/product_tag?post=5102"}],"curies":[{"name":"wp","href":"https:\/\/api.w.org\/{rel}","templated":true}]}}