{"id":5108,"date":"2025-07-25T19:48:15","date_gmt":"2025-07-25T19:48:15","guid":{"rendered":"https:\/\/ezmolalite.com\/?post_type=product&#038;p=5108"},"modified":"2025-12-12T16:19:54","modified_gmt":"2025-12-12T16:19:54","slug":"elegant-backless-tie-dye-maxi-dress","status":"publish","type":"product","link":"https:\/\/ezmolalite.com\/fr\/product\/elegant-backless-tie-dye-maxi-dress\/","title":{"rendered":"Elegant Backless Tie-Dye Maxi Dress"},"content":{"rendered":"<p data-start=\"797\" data-end=\"1031\">Faites sensation avec cette <strong data-start=\"825\" data-end=\"868\">robe longue \u00e0 manches longues et dos nu<\/strong>, qui allie myst\u00e8re, glamour et \u00e9l\u00e9gance. Son col montant \u00e0 l&rsquo;avant contraste joliment avec le dos enti\u00e8rement ouvert et nou\u00e9, pour une allure \u00e0 couper le souffle.<\/p>\n<p data-start=\"1033\" data-end=\"1057\"><strong data-start=\"1033\" data-end=\"1055\">Caract\u00e9ristiques :<\/strong><\/p>\n<ul data-start=\"1058\" data-end=\"1315\">\n<li data-start=\"1058\" data-end=\"1104\">\n<p data-start=\"1060\" data-end=\"1104\">Tissu tie-dye aux tons terreux et raffin\u00e9s<\/p>\n<\/li>\n<li data-start=\"1105\" data-end=\"1157\">\n<p data-start=\"1107\" data-end=\"1157\">Manches longues \u00e9vas\u00e9es pour un style dramatique<\/p>\n<\/li>\n<li data-start=\"1158\" data-end=\"1208\">\n<p data-start=\"1160\" data-end=\"1208\">Coupe moulante et longueur maxi ultra f\u00e9minine<\/p>\n<\/li>\n<li data-start=\"1209\" data-end=\"1251\">\n<p data-start=\"1211\" data-end=\"1251\">Dos nu avec fermeture \u00e0 n\u0153ud ajustable<\/p>\n<\/li>\n<li data-start=\"1252\" data-end=\"1315\">\n<p data-start=\"1254\" data-end=\"1315\">Fente arri\u00e8re subtile pour plus de confort et de sensualit\u00e9<\/p>\n<\/li>\n<\/ul>\n","protected":false},"excerpt":{"rendered":"<p data-start=\"836\" data-end=\"1079\">Faites sensation avec cette <strong data-start=\"825\" data-end=\"868\">robe longue \u00e0 manches longues et dos nu<\/strong>, qui allie myst\u00e8re, glamour et \u00e9l\u00e9gance. Son col montant \u00e0 l&rsquo;avant contraste joliment avec le dos enti\u00e8rement ouvert et nou\u00e9, pour une allure \u00e0 couper le souffle.<\/p>\n<p data-start=\"479\" data-end=\"492\">\n","protected":false},"featured_media":5111,"comment_status":"open","ping_status":"closed","template":"","meta":{"_acf_changed":false},"product_brand":[],"product_cat":[19,61,73,301,347,259],"product_tag":[],"class_list":{"0":"post-5108","1":"product","2":"type-product","3":"status-publish","4":"has-post-thumbnail","6":"product_cat-women","7":"product_cat-hot-sales","8":"product_cat-new-arrivals","9":"product_cat-women-dresses","10":"product_cat-speciale-fete","11":"product_cat-women-clothes","13":"first","14":"instock","15":"sale","16":"shipping-taxable","17":"purchasable","18":"product-type-simple"},"acf":[],"_links":{"self":[{"href":"https:\/\/ezmolalite.com\/fr\/wp-json\/wp\/v2\/product\/5108","targetHints":{"allow":["GET"]}}],"collection":[{"href":"https:\/\/ezmolalite.com\/fr\/wp-json\/wp\/v2\/product"}],"about":[{"href":"https:\/\/ezmolalite.com\/fr\/wp-json\/wp\/v2\/types\/product"}],"replies":[{"embeddable":true,"href":"https:\/\/ezmolalite.com\/fr\/wp-json\/wp\/v2\/comments?post=5108"}],"version-history":[{"count":1,"href":"https:\/\/ezmolalite.com\/fr\/wp-json\/wp\/v2\/product\/5108\/revisions"}],"predecessor-version":[{"id":5114,"href":"https:\/\/ezmolalite.com\/fr\/wp-json\/wp\/v2\/product\/5108\/revisions\/5114"}],"wp:featuredmedia":[{"embeddable":true,"href":"https:\/\/ezmolalite.com\/fr\/wp-json\/wp\/v2\/media\/5111"}],"wp:attachment":[{"href":"https:\/\/ezmolalite.com\/fr\/wp-json\/wp\/v2\/media?parent=5108"}],"wp:term":[{"taxonomy":"product_brand","embeddable":true,"href":"https:\/\/ezmolalite.com\/fr\/wp-json\/wp\/v2\/product_brand?post=5108"},{"taxonomy":"product_cat","embeddable":true,"href":"https:\/\/ezmolalite.com\/fr\/wp-json\/wp\/v2\/product_cat?post=5108"},{"taxonomy":"product_tag","embeddable":true,"href":"https:\/\/ezmolalite.com\/fr\/wp-json\/wp\/v2\/product_tag?post=5108"}],"curies":[{"name":"wp","href":"https:\/\/api.w.org\/{rel}","templated":true}]}}