{"id":5115,"date":"2025-07-25T19:55:33","date_gmt":"2025-07-25T19:55:33","guid":{"rendered":"https:\/\/ezmolalite.com\/?post_type=product&#038;p=5115"},"modified":"2025-12-12T16:19:39","modified_gmt":"2025-12-12T16:19:39","slug":"black-long-sleeve-bodycon-midi-dress","status":"publish","type":"product","link":"https:\/\/ezmolalite.com\/fr\/product\/black-long-sleeve-bodycon-midi-dress\/","title":{"rendered":"Black Long-Sleeve Bodycon Midi Dress"},"content":{"rendered":"<p data-start=\"757\" data-end=\"1016\">Affirmez votre \u00e9l\u00e9gance avec cette sublime <strong data-start=\"800\" data-end=\"837\">robe noire midi \u00e0 manches longues<\/strong>, con\u00e7ue pour sublimer les courbes avec raffinement. Son encolure originale et sa coupe structur\u00e9e en font une pi\u00e8ce id\u00e9ale pour les soir\u00e9es, d\u00eeners ou rendez-vous professionnels.<\/p>\n<p data-start=\"1018\" data-end=\"1042\"><strong data-start=\"1018\" data-end=\"1040\">Caract\u00e9ristiques :<\/strong><\/p>\n<ul data-start=\"1043\" data-end=\"1257\">\n<li data-start=\"1043\" data-end=\"1071\">\n<p data-start=\"1045\" data-end=\"1071\">Coupe moulante flatteuse<\/p>\n<\/li>\n<li data-start=\"1072\" data-end=\"1111\">\n<p data-start=\"1074\" data-end=\"1111\">Encolure originale \u00e0 d\u00e9coupe styl\u00e9e<\/p>\n<\/li>\n<li data-start=\"1112\" data-end=\"1164\">\n<p data-start=\"1114\" data-end=\"1164\">Manches longues pour une allure chic et affirm\u00e9e<\/p>\n<\/li>\n<li data-start=\"1165\" data-end=\"1219\">\n<p data-start=\"1167\" data-end=\"1219\">Longueur midi : parfaite pour toutes les occasions<\/p>\n<\/li>\n<li data-start=\"1220\" data-end=\"1257\">\n<p data-start=\"1222\" data-end=\"1257\">Style polyvalent et ultra \u00e9l\u00e9gant<\/p>\n<\/li>\n<\/ul>\n","protected":false},"excerpt":{"rendered":"<p data-start=\"836\" data-end=\"1079\">Affirmez votre \u00e9l\u00e9gance avec cette sublime <strong data-start=\"800\" data-end=\"837\">robe noire midi \u00e0 manches longues<\/strong>, con\u00e7ue pour sublimer les courbes avec raffinement. Son encolure originale et sa coupe structur\u00e9e en font une pi\u00e8ce id\u00e9ale pour les soir\u00e9es, d\u00eeners ou rendez-vous professionnels.<\/p>\n<p data-start=\"479\" data-end=\"492\">\n","protected":false},"featured_media":5117,"comment_status":"open","ping_status":"closed","template":"","meta":{"_acf_changed":false},"product_brand":[],"product_cat":[19,61,62,301,259],"product_tag":[],"class_list":{"0":"post-5115","1":"product","2":"type-product","3":"status-publish","4":"has-post-thumbnail","6":"product_cat-women","7":"product_cat-hot-sales","8":"product_cat-slider","9":"product_cat-women-dresses","10":"product_cat-women-clothes","12":"first","13":"instock","14":"sale","15":"shipping-taxable","16":"purchasable","17":"product-type-simple"},"acf":[],"_links":{"self":[{"href":"https:\/\/ezmolalite.com\/fr\/wp-json\/wp\/v2\/product\/5115","targetHints":{"allow":["GET"]}}],"collection":[{"href":"https:\/\/ezmolalite.com\/fr\/wp-json\/wp\/v2\/product"}],"about":[{"href":"https:\/\/ezmolalite.com\/fr\/wp-json\/wp\/v2\/types\/product"}],"replies":[{"embeddable":true,"href":"https:\/\/ezmolalite.com\/fr\/wp-json\/wp\/v2\/comments?post=5115"}],"version-history":[{"count":1,"href":"https:\/\/ezmolalite.com\/fr\/wp-json\/wp\/v2\/product\/5115\/revisions"}],"predecessor-version":[{"id":5118,"href":"https:\/\/ezmolalite.com\/fr\/wp-json\/wp\/v2\/product\/5115\/revisions\/5118"}],"wp:featuredmedia":[{"embeddable":true,"href":"https:\/\/ezmolalite.com\/fr\/wp-json\/wp\/v2\/media\/5117"}],"wp:attachment":[{"href":"https:\/\/ezmolalite.com\/fr\/wp-json\/wp\/v2\/media?parent=5115"}],"wp:term":[{"taxonomy":"product_brand","embeddable":true,"href":"https:\/\/ezmolalite.com\/fr\/wp-json\/wp\/v2\/product_brand?post=5115"},{"taxonomy":"product_cat","embeddable":true,"href":"https:\/\/ezmolalite.com\/fr\/wp-json\/wp\/v2\/product_cat?post=5115"},{"taxonomy":"product_tag","embeddable":true,"href":"https:\/\/ezmolalite.com\/fr\/wp-json\/wp\/v2\/product_tag?post=5115"}],"curies":[{"name":"wp","href":"https:\/\/api.w.org\/{rel}","templated":true}]}}