{"id":5119,"date":"2025-07-25T20:02:20","date_gmt":"2025-07-25T20:02:20","guid":{"rendered":"https:\/\/ezmolalite.com\/?post_type=product&#038;p=5119"},"modified":"2025-12-12T16:19:27","modified_gmt":"2025-12-12T16:19:27","slug":"strappy-backless-light-blue-denim-jumpsuit","status":"publish","type":"product","link":"https:\/\/ezmolalite.com\/fr\/product\/strappy-backless-light-blue-denim-jumpsuit\/","title":{"rendered":"Strappy Backless Light Blue Denim Jumpsuit"},"content":{"rendered":"<p data-start=\"802\" data-end=\"1050\">Affichez un look audacieux avec cette <strong data-start=\"840\" data-end=\"874\">combinaison en jean bleu clair<\/strong>, moulante et ultra tendance. Avec son dos nu lac\u00e9 et ses bretelles crois\u00e9es, elle sublime la silhouette tout en ajoutant une touche glamour \u00e0 vos tenues de jour comme de nuit.<\/p>\n<p data-start=\"1052\" data-end=\"1067\"><strong data-start=\"1052\" data-end=\"1065\">D\u00e9tails :<\/strong><\/p>\n<ul data-start=\"1068\" data-end=\"1292\">\n<li data-start=\"1068\" data-end=\"1111\">\n<p data-start=\"1070\" data-end=\"1111\">Jean stretch pour un ajustement parfait<\/p>\n<\/li>\n<li data-start=\"1112\" data-end=\"1159\">\n<p data-start=\"1114\" data-end=\"1159\">Encolure droite avec fines bretelles nou\u00e9es<\/p>\n<\/li>\n<li data-start=\"1160\" data-end=\"1198\">\n<p data-start=\"1162\" data-end=\"1198\">Dos nu crois\u00e9 avec la\u00e7age r\u00e9glable<\/p>\n<\/li>\n<li data-start=\"1199\" data-end=\"1231\">\n<p data-start=\"1201\" data-end=\"1231\">Fermeture zipp\u00e9e \u00e0 l\u2019arri\u00e8re<\/p>\n<\/li>\n<li data-start=\"1232\" data-end=\"1292\">\n<p data-start=\"1234\" data-end=\"1292\">Parfaite pour une soir\u00e9e, un festival ou un look affirm\u00e9<\/p>\n<\/li>\n<\/ul>\n","protected":false},"excerpt":{"rendered":"<p data-start=\"802\" data-end=\"1050\">Affichez un look audacieux avec cette <strong data-start=\"840\" data-end=\"874\">combinaison en jean bleu clair<\/strong>, moulante et ultra tendance. Avec son dos nu lac\u00e9 et ses bretelles crois\u00e9es, elle sublime la silhouette tout en ajoutant une touche glamour \u00e0 vos tenues de jour comme de nuit.<\/p>\n<p data-start=\"479\" data-end=\"492\">\n","protected":false},"featured_media":5121,"comment_status":"open","ping_status":"closed","template":"","meta":{"_acf_changed":false},"product_brand":[],"product_cat":[19,61,347,259],"product_tag":[],"class_list":{"0":"post-5119","1":"product","2":"type-product","3":"status-publish","4":"has-post-thumbnail","6":"product_cat-women","7":"product_cat-hot-sales","8":"product_cat-speciale-fete","9":"product_cat-women-clothes","11":"first","12":"instock","13":"sale","14":"shipping-taxable","15":"purchasable","16":"product-type-simple"},"acf":[],"_links":{"self":[{"href":"https:\/\/ezmolalite.com\/fr\/wp-json\/wp\/v2\/product\/5119","targetHints":{"allow":["GET"]}}],"collection":[{"href":"https:\/\/ezmolalite.com\/fr\/wp-json\/wp\/v2\/product"}],"about":[{"href":"https:\/\/ezmolalite.com\/fr\/wp-json\/wp\/v2\/types\/product"}],"replies":[{"embeddable":true,"href":"https:\/\/ezmolalite.com\/fr\/wp-json\/wp\/v2\/comments?post=5119"}],"version-history":[{"count":1,"href":"https:\/\/ezmolalite.com\/fr\/wp-json\/wp\/v2\/product\/5119\/revisions"}],"predecessor-version":[{"id":5122,"href":"https:\/\/ezmolalite.com\/fr\/wp-json\/wp\/v2\/product\/5119\/revisions\/5122"}],"wp:featuredmedia":[{"embeddable":true,"href":"https:\/\/ezmolalite.com\/fr\/wp-json\/wp\/v2\/media\/5121"}],"wp:attachment":[{"href":"https:\/\/ezmolalite.com\/fr\/wp-json\/wp\/v2\/media?parent=5119"}],"wp:term":[{"taxonomy":"product_brand","embeddable":true,"href":"https:\/\/ezmolalite.com\/fr\/wp-json\/wp\/v2\/product_brand?post=5119"},{"taxonomy":"product_cat","embeddable":true,"href":"https:\/\/ezmolalite.com\/fr\/wp-json\/wp\/v2\/product_cat?post=5119"},{"taxonomy":"product_tag","embeddable":true,"href":"https:\/\/ezmolalite.com\/fr\/wp-json\/wp\/v2\/product_tag?post=5119"}],"curies":[{"name":"wp","href":"https:\/\/api.w.org\/{rel}","templated":true}]}}