{"id":5123,"date":"2025-07-25T20:20:20","date_gmt":"2025-07-25T20:20:20","guid":{"rendered":"https:\/\/ezmolalite.com\/?post_type=product&#038;p=5123"},"modified":"2025-12-12T16:19:09","modified_gmt":"2025-12-12T16:19:09","slug":"leopard-print-two-piece-set","status":"publish","type":"product","link":"https:\/\/ezmolalite.com\/fr\/product\/leopard-print-two-piece-set\/","title":{"rendered":"Leopard Print Two-Piece Set"},"content":{"rendered":"<p data-start=\"653\" data-end=\"930\">Affirmez votre style sauvage avec cet <strong data-start=\"691\" data-end=\"723\">ensemble deux pi\u00e8ces l\u00e9opard<\/strong>, compos\u00e9 d\u2019un crop top \u00e0 manches longues et d\u2019un pantalon taille haute \u00e9vas\u00e9. Sa mati\u00e8re extensible \u00e9pouse les formes tout en offrant un confort absolu. Parfait pour un look d\u00e9contract\u00e9 mais ultra tendance.<\/p>\n<p data-start=\"932\" data-end=\"947\"><strong data-start=\"932\" data-end=\"945\">D\u00e9tails :<\/strong><\/p>\n<ul data-start=\"948\" data-end=\"1153\">\n<li data-start=\"948\" data-end=\"977\">\n<p data-start=\"950\" data-end=\"977\">Imprim\u00e9 l\u00e9opard audacieux<\/p>\n<\/li>\n<li data-start=\"978\" data-end=\"1020\">\n<p data-start=\"980\" data-end=\"1020\">Crop top \u00e0 col en V et manches longues<\/p>\n<\/li>\n<li data-start=\"1021\" data-end=\"1061\">\n<p data-start=\"1023\" data-end=\"1061\">Pantalon taille haute \u00e0 coupe \u00e9vas\u00e9e<\/p>\n<\/li>\n<li data-start=\"1062\" data-end=\"1094\">\n<p data-start=\"1064\" data-end=\"1094\">Tissu doux, l\u00e9ger et stretch<\/p>\n<\/li>\n<li data-start=\"1095\" data-end=\"1153\">\n<p data-start=\"1097\" data-end=\"1153\">\u00c0 porter avec baskets ou talons pour varier les styles<\/p>\n<\/li>\n<\/ul>\n","protected":false},"excerpt":{"rendered":"<p data-start=\"802\" data-end=\"1050\">Affirmez votre style sauvage avec cet <strong data-start=\"691\" data-end=\"723\">ensemble deux pi\u00e8ces l\u00e9opard<\/strong>, compos\u00e9 d\u2019un crop top \u00e0 manches longues et d\u2019un pantalon taille haute \u00e9vas\u00e9. Sa mati\u00e8re extensible \u00e9pouse les formes tout en offrant un confort absolu. Parfait pour un look d\u00e9contract\u00e9 mais ultra tendance.<\/p>\n<p data-start=\"479\" data-end=\"492\">\n","protected":false},"featured_media":5125,"comment_status":"open","ping_status":"closed","template":"","meta":{"_acf_changed":false},"product_brand":[],"product_cat":[19,61,62,259],"product_tag":[],"class_list":{"0":"post-5123","1":"product","2":"type-product","3":"status-publish","4":"has-post-thumbnail","6":"product_cat-women","7":"product_cat-hot-sales","8":"product_cat-slider","9":"product_cat-women-clothes","11":"first","12":"instock","13":"sale","14":"shipping-taxable","15":"purchasable","16":"product-type-simple"},"acf":[],"_links":{"self":[{"href":"https:\/\/ezmolalite.com\/fr\/wp-json\/wp\/v2\/product\/5123","targetHints":{"allow":["GET"]}}],"collection":[{"href":"https:\/\/ezmolalite.com\/fr\/wp-json\/wp\/v2\/product"}],"about":[{"href":"https:\/\/ezmolalite.com\/fr\/wp-json\/wp\/v2\/types\/product"}],"replies":[{"embeddable":true,"href":"https:\/\/ezmolalite.com\/fr\/wp-json\/wp\/v2\/comments?post=5123"}],"version-history":[{"count":1,"href":"https:\/\/ezmolalite.com\/fr\/wp-json\/wp\/v2\/product\/5123\/revisions"}],"predecessor-version":[{"id":5128,"href":"https:\/\/ezmolalite.com\/fr\/wp-json\/wp\/v2\/product\/5123\/revisions\/5128"}],"wp:featuredmedia":[{"embeddable":true,"href":"https:\/\/ezmolalite.com\/fr\/wp-json\/wp\/v2\/media\/5125"}],"wp:attachment":[{"href":"https:\/\/ezmolalite.com\/fr\/wp-json\/wp\/v2\/media?parent=5123"}],"wp:term":[{"taxonomy":"product_brand","embeddable":true,"href":"https:\/\/ezmolalite.com\/fr\/wp-json\/wp\/v2\/product_brand?post=5123"},{"taxonomy":"product_cat","embeddable":true,"href":"https:\/\/ezmolalite.com\/fr\/wp-json\/wp\/v2\/product_cat?post=5123"},{"taxonomy":"product_tag","embeddable":true,"href":"https:\/\/ezmolalite.com\/fr\/wp-json\/wp\/v2\/product_tag?post=5123"}],"curies":[{"name":"wp","href":"https:\/\/api.w.org\/{rel}","templated":true}]}}