{"id":5129,"date":"2025-07-25T20:29:35","date_gmt":"2025-07-25T20:29:35","guid":{"rendered":"https:\/\/ezmolalite.com\/?post_type=product&#038;p=5129"},"modified":"2025-12-12T16:18:40","modified_gmt":"2025-12-12T16:18:40","slug":"african-print-halter-mini-dress","status":"publish","type":"product","link":"https:\/\/ezmolalite.com\/fr\/product\/african-print-halter-mini-dress\/","title":{"rendered":"African Print Halter Mini Dress"},"content":{"rendered":"<p data-start=\"682\" data-end=\"929\">Faites sensation avec cette <strong data-start=\"710\" data-end=\"734\">robe courte \u00e0 dos nu<\/strong>, mettant en valeur un imprim\u00e9 africain \u00e9clatant en jaune et bleu marine. Sa coupe moulante et son dos enti\u00e8rement ouvert subliment les courbes tout en offrant un look audacieux et ultra f\u00e9minin.<\/p>\n<p data-start=\"931\" data-end=\"946\"><strong data-start=\"931\" data-end=\"944\">D\u00e9tails :<\/strong><\/p>\n<ul data-start=\"947\" data-end=\"1103\">\n<li data-start=\"947\" data-end=\"983\">\n<p data-start=\"949\" data-end=\"983\">Imprim\u00e9 africain vif et original<\/p>\n<\/li>\n<li data-start=\"984\" data-end=\"1023\">\n<p data-start=\"986\" data-end=\"1023\">Encolure dos nu avec attache au cou<\/p>\n<\/li>\n<li data-start=\"1024\" data-end=\"1054\">\n<p data-start=\"1026\" data-end=\"1054\">Coupe ajust\u00e9e et flatteuse<\/p>\n<\/li>\n<li data-start=\"1055\" data-end=\"1072\">\n<p data-start=\"1057\" data-end=\"1072\">Longueur mini<\/p>\n<\/li>\n<li data-start=\"1073\" data-end=\"1103\">\n<p data-start=\"1075\" data-end=\"1103\">Tissu l\u00e9ger et confortable<\/p>\n<\/li>\n<\/ul>\n","protected":false},"excerpt":{"rendered":"<p data-start=\"802\" data-end=\"1050\">Faites sensation avec cette <strong data-start=\"710\" data-end=\"734\">robe courte \u00e0 dos nu<\/strong>, mettant en valeur un imprim\u00e9 africain \u00e9clatant en jaune et bleu marine. Sa coupe moulante et son dos enti\u00e8rement ouvert subliment les courbes tout en offrant un look audacieux et ultra f\u00e9minin<\/p>\n<p data-start=\"479\" data-end=\"492\">\n","protected":false},"featured_media":5132,"comment_status":"open","ping_status":"closed","template":"","meta":{"_acf_changed":false},"product_brand":[],"product_cat":[19,61,62,301,259],"product_tag":[],"class_list":{"0":"post-5129","1":"product","2":"type-product","3":"status-publish","4":"has-post-thumbnail","6":"product_cat-women","7":"product_cat-hot-sales","8":"product_cat-slider","9":"product_cat-women-dresses","10":"product_cat-women-clothes","12":"first","13":"instock","14":"sale","15":"shipping-taxable","16":"purchasable","17":"product-type-simple"},"acf":[],"_links":{"self":[{"href":"https:\/\/ezmolalite.com\/fr\/wp-json\/wp\/v2\/product\/5129","targetHints":{"allow":["GET"]}}],"collection":[{"href":"https:\/\/ezmolalite.com\/fr\/wp-json\/wp\/v2\/product"}],"about":[{"href":"https:\/\/ezmolalite.com\/fr\/wp-json\/wp\/v2\/types\/product"}],"replies":[{"embeddable":true,"href":"https:\/\/ezmolalite.com\/fr\/wp-json\/wp\/v2\/comments?post=5129"}],"version-history":[{"count":2,"href":"https:\/\/ezmolalite.com\/fr\/wp-json\/wp\/v2\/product\/5129\/revisions"}],"predecessor-version":[{"id":5135,"href":"https:\/\/ezmolalite.com\/fr\/wp-json\/wp\/v2\/product\/5129\/revisions\/5135"}],"wp:featuredmedia":[{"embeddable":true,"href":"https:\/\/ezmolalite.com\/fr\/wp-json\/wp\/v2\/media\/5132"}],"wp:attachment":[{"href":"https:\/\/ezmolalite.com\/fr\/wp-json\/wp\/v2\/media?parent=5129"}],"wp:term":[{"taxonomy":"product_brand","embeddable":true,"href":"https:\/\/ezmolalite.com\/fr\/wp-json\/wp\/v2\/product_brand?post=5129"},{"taxonomy":"product_cat","embeddable":true,"href":"https:\/\/ezmolalite.com\/fr\/wp-json\/wp\/v2\/product_cat?post=5129"},{"taxonomy":"product_tag","embeddable":true,"href":"https:\/\/ezmolalite.com\/fr\/wp-json\/wp\/v2\/product_tag?post=5129"}],"curies":[{"name":"wp","href":"https:\/\/api.w.org\/{rel}","templated":true}]}}