{"id":5134,"date":"2025-07-25T21:20:56","date_gmt":"2025-07-25T21:20:56","guid":{"rendered":"https:\/\/ezmolalite.com\/?post_type=product&#038;p=5134"},"modified":"2025-12-12T16:18:03","modified_gmt":"2025-12-12T16:18:03","slug":"olive-green-halter-maxi-dress","status":"publish","type":"product","link":"https:\/\/ezmolalite.com\/fr\/product\/olive-green-halter-maxi-dress\/","title":{"rendered":"Olive Green Halter Maxi Dress"},"content":{"rendered":"<p data-start=\"724\" data-end=\"947\">Sublimez vos soir\u00e9es avec cette <strong data-start=\"756\" data-end=\"789\">robe longue dos nu vert olive<\/strong>, aussi \u00e9l\u00e9gante que raffin\u00e9e. Son d\u00e9collet\u00e9 drap\u00e9, sa coupe fluide et son dos ouvert cr\u00e9ent une allure envo\u00fbtante pour vos sorties sp\u00e9ciales ou d\u00eeners chics.<\/p>\n<p data-start=\"949\" data-end=\"964\"><strong data-start=\"949\" data-end=\"962\">D\u00e9tails :<\/strong><\/p>\n<ul data-start=\"965\" data-end=\"1137\">\n<li data-start=\"965\" data-end=\"1007\">\n<p data-start=\"967\" data-end=\"1007\">Encolure am\u00e9ricaine avec drap\u00e9 \u00e9l\u00e9gant<\/p>\n<\/li>\n<li data-start=\"1008\" data-end=\"1037\">\n<p data-start=\"1010\" data-end=\"1037\">Dos nu avec liens \u00e0 nouer<\/p>\n<\/li>\n<li data-start=\"1038\" data-end=\"1064\">\n<p data-start=\"1040\" data-end=\"1064\">Coupe longue et fluide<\/p>\n<\/li>\n<li data-start=\"1065\" data-end=\"1103\">\n<p data-start=\"1067\" data-end=\"1103\">Imprim\u00e9 marbr\u00e9 dans les tons verts<\/p>\n<\/li>\n<li data-start=\"1104\" data-end=\"1137\">\n<p data-start=\"1106\" data-end=\"1137\">Tissu satin\u00e9 doux et lumineux<\/p>\n<\/li>\n<\/ul>\n","protected":false},"excerpt":{"rendered":"<p data-start=\"724\" data-end=\"947\">Sublimez vos soir\u00e9es avec cette <strong data-start=\"756\" data-end=\"789\">robe longue dos nu vert olive<\/strong>, aussi \u00e9l\u00e9gante que raffin\u00e9e. Son d\u00e9collet\u00e9 drap\u00e9, sa coupe fluide et son dos ouvert cr\u00e9ent une allure envo\u00fbtante pour vos sorties sp\u00e9ciales ou d\u00eeners chics.<\/p>\n<p data-start=\"479\" data-end=\"492\">\n","protected":false},"featured_media":5141,"comment_status":"open","ping_status":"closed","template":"","meta":{"_acf_changed":false},"product_brand":[],"product_cat":[19,61,73,301,347,259],"product_tag":[],"class_list":{"0":"post-5134","1":"product","2":"type-product","3":"status-publish","4":"has-post-thumbnail","6":"product_cat-women","7":"product_cat-hot-sales","8":"product_cat-new-arrivals","9":"product_cat-women-dresses","10":"product_cat-speciale-fete","11":"product_cat-women-clothes","13":"first","14":"instock","15":"sale","16":"shipping-taxable","17":"purchasable","18":"product-type-simple"},"acf":[],"_links":{"self":[{"href":"https:\/\/ezmolalite.com\/fr\/wp-json\/wp\/v2\/product\/5134","targetHints":{"allow":["GET"]}}],"collection":[{"href":"https:\/\/ezmolalite.com\/fr\/wp-json\/wp\/v2\/product"}],"about":[{"href":"https:\/\/ezmolalite.com\/fr\/wp-json\/wp\/v2\/types\/product"}],"replies":[{"embeddable":true,"href":"https:\/\/ezmolalite.com\/fr\/wp-json\/wp\/v2\/comments?post=5134"}],"version-history":[{"count":3,"href":"https:\/\/ezmolalite.com\/fr\/wp-json\/wp\/v2\/product\/5134\/revisions"}],"predecessor-version":[{"id":5146,"href":"https:\/\/ezmolalite.com\/fr\/wp-json\/wp\/v2\/product\/5134\/revisions\/5146"}],"wp:featuredmedia":[{"embeddable":true,"href":"https:\/\/ezmolalite.com\/fr\/wp-json\/wp\/v2\/media\/5141"}],"wp:attachment":[{"href":"https:\/\/ezmolalite.com\/fr\/wp-json\/wp\/v2\/media?parent=5134"}],"wp:term":[{"taxonomy":"product_brand","embeddable":true,"href":"https:\/\/ezmolalite.com\/fr\/wp-json\/wp\/v2\/product_brand?post=5134"},{"taxonomy":"product_cat","embeddable":true,"href":"https:\/\/ezmolalite.com\/fr\/wp-json\/wp\/v2\/product_cat?post=5134"},{"taxonomy":"product_tag","embeddable":true,"href":"https:\/\/ezmolalite.com\/fr\/wp-json\/wp\/v2\/product_tag?post=5134"}],"curies":[{"name":"wp","href":"https:\/\/api.w.org\/{rel}","templated":true}]}}