{"id":5145,"date":"2025-07-25T21:45:56","date_gmt":"2025-07-25T21:45:56","guid":{"rendered":"https:\/\/ezmolalite.com\/?post_type=product&#038;p=5145"},"modified":"2025-12-12T16:17:47","modified_gmt":"2025-12-12T16:17:47","slug":"cindy-two-piece-smart-casual-set","status":"publish","type":"product","link":"https:\/\/ezmolalite.com\/fr\/product\/cindy-two-piece-smart-casual-set\/","title":{"rendered":"Cindy Two-Piece Smart Casual Set"},"content":{"rendered":"<p data-start=\"873\" data-end=\"1229\">Adoptez un look chic sans effort avec l\u2019ensemble <strong data-start=\"922\" data-end=\"948\">Cindy D\u00e9contract\u00e9 Chic<\/strong>, compos\u00e9 d\u2019une chemise ray\u00e9e classique et d\u2019un pantalon palazzo \u00e9l\u00e9gant. D\u00e9clin\u00e9 en trois palettes modernes \u2014 bleu marine, gris clair et orange br\u00fbl\u00e9 \u2014 cet ensemble polyvalent allie style et confort. Le pull contrast\u00e9 port\u00e9 sur les \u00e9paules apporte une touche preppy tr\u00e8s tendance.<\/p>\n<p data-start=\"1231\" data-end=\"1246\"><strong data-start=\"1231\" data-end=\"1244\">D\u00e9tails :<\/strong><\/p>\n<ul data-start=\"1247\" data-end=\"1501\">\n<li data-start=\"1247\" data-end=\"1298\">\n<p data-start=\"1249\" data-end=\"1298\">Chemise \u00e0 rayures avec col classique et boutons<\/p>\n<\/li>\n<li data-start=\"1299\" data-end=\"1333\">\n<p data-start=\"1301\" data-end=\"1333\">Pantalon coupe large et fluide<\/p>\n<\/li>\n<li data-start=\"1334\" data-end=\"1380\">\n<p data-start=\"1336\" data-end=\"1380\">Pull l\u00e9ger contrast\u00e9 port\u00e9 sur les \u00e9paules<\/p>\n<\/li>\n<li data-start=\"1381\" data-end=\"1441\">\n<p data-start=\"1383\" data-end=\"1441\">Couleurs disponibles : bleu marine, gris clair et orange<\/p>\n<\/li>\n<li data-start=\"1442\" data-end=\"1501\">\n<p data-start=\"1444\" data-end=\"1501\">Id\u00e9al pour le bureau, un brunch ou vos sorties en ville<\/p>\n<\/li>\n<\/ul>\n","protected":false},"excerpt":{"rendered":"<p data-start=\"724\" data-end=\"947\">Adoptez un look chic sans effort avec l\u2019ensemble <strong data-start=\"922\" data-end=\"948\">Cindy D\u00e9contract\u00e9 Chic<\/strong>, compos\u00e9 d\u2019une chemise ray\u00e9e classique et d\u2019un pantalon palazzo \u00e9l\u00e9gant. D\u00e9clin\u00e9 en trois palettes modernes \u2014 bleu marine, gris clair et orange br\u00fbl\u00e9 \u2014 cet ensemble polyvalent allie style et confort. Le pull contrast\u00e9 port\u00e9 sur les \u00e9paules apporte une touche preppy tr\u00e8s tendance.<\/p>\n<p data-start=\"479\" data-end=\"492\">\n","protected":false},"featured_media":5152,"comment_status":"open","ping_status":"closed","template":"","meta":{"_acf_changed":false},"product_brand":[],"product_cat":[19,347,259],"product_tag":[],"class_list":{"0":"post-5145","1":"product","2":"type-product","3":"status-publish","4":"has-post-thumbnail","6":"product_cat-women","7":"product_cat-speciale-fete","8":"product_cat-women-clothes","10":"first","11":"instock","12":"shipping-taxable","13":"purchasable","14":"product-type-variable"},"acf":[],"_links":{"self":[{"href":"https:\/\/ezmolalite.com\/fr\/wp-json\/wp\/v2\/product\/5145","targetHints":{"allow":["GET"]}}],"collection":[{"href":"https:\/\/ezmolalite.com\/fr\/wp-json\/wp\/v2\/product"}],"about":[{"href":"https:\/\/ezmolalite.com\/fr\/wp-json\/wp\/v2\/types\/product"}],"replies":[{"embeddable":true,"href":"https:\/\/ezmolalite.com\/fr\/wp-json\/wp\/v2\/comments?post=5145"}],"version-history":[{"count":1,"href":"https:\/\/ezmolalite.com\/fr\/wp-json\/wp\/v2\/product\/5145\/revisions"}],"predecessor-version":[{"id":5154,"href":"https:\/\/ezmolalite.com\/fr\/wp-json\/wp\/v2\/product\/5145\/revisions\/5154"}],"wp:featuredmedia":[{"embeddable":true,"href":"https:\/\/ezmolalite.com\/fr\/wp-json\/wp\/v2\/media\/5152"}],"wp:attachment":[{"href":"https:\/\/ezmolalite.com\/fr\/wp-json\/wp\/v2\/media?parent=5145"}],"wp:term":[{"taxonomy":"product_brand","embeddable":true,"href":"https:\/\/ezmolalite.com\/fr\/wp-json\/wp\/v2\/product_brand?post=5145"},{"taxonomy":"product_cat","embeddable":true,"href":"https:\/\/ezmolalite.com\/fr\/wp-json\/wp\/v2\/product_cat?post=5145"},{"taxonomy":"product_tag","embeddable":true,"href":"https:\/\/ezmolalite.com\/fr\/wp-json\/wp\/v2\/product_tag?post=5145"}],"curies":[{"name":"wp","href":"https:\/\/api.w.org\/{rel}","templated":true}]}}