{"id":5155,"date":"2025-07-25T22:15:05","date_gmt":"2025-07-25T22:15:05","guid":{"rendered":"https:\/\/ezmolalite.com\/?post_type=product&#038;p=5155"},"modified":"2025-07-25T22:25:43","modified_gmt":"2025-07-25T22:25:43","slug":"sky-blue-elegance-belted-pencil-dress","status":"publish","type":"product","link":"https:\/\/ezmolalite.com\/fr\/product\/sky-blue-elegance-belted-pencil-dress\/","title":{"rendered":"Sky Blue Elegance Belted Pencil Dress"},"content":{"rendered":"<p data-start=\"743\" data-end=\"1064\">Faites sensation avec cette <strong data-start=\"771\" data-end=\"798\">robe bleu ciel \u00e9l\u00e9gante<\/strong>, con\u00e7ue pour mettre en valeur votre silhouette tout en restant raffin\u00e9e. Son col style cape structur\u00e9 et sa ceinture assortie \u00e0 nouer \u00e0 la taille en font une pi\u00e8ce chic et f\u00e9minine. Id\u00e9ale pour des occasions comme un mariage, une sortie \u00e0 l\u2019\u00e9glise ou une r\u00e9ception.<\/p>\n<p data-start=\"1066\" data-end=\"1081\"><strong data-start=\"1066\" data-end=\"1079\">D\u00e9tails :<\/strong><\/p>\n<ul data-start=\"1082\" data-end=\"1256\">\n<li data-start=\"1082\" data-end=\"1110\">\n<p data-start=\"1084\" data-end=\"1110\">Encolure cape structur\u00e9e<\/p>\n<\/li>\n<li data-start=\"1111\" data-end=\"1140\">\n<p data-start=\"1113\" data-end=\"1140\">Ceinture assortie \u00e0 nouer<\/p>\n<\/li>\n<li data-start=\"1141\" data-end=\"1167\">\n<p data-start=\"1143\" data-end=\"1167\">Coupe crayon mi-longue<\/p>\n<\/li>\n<li data-start=\"1168\" data-end=\"1200\">\n<p data-start=\"1170\" data-end=\"1200\">Perles discr\u00e8tes sur la jupe<\/p>\n<\/li>\n<li data-start=\"1201\" data-end=\"1256\">\n<p data-start=\"1203\" data-end=\"1256\">Parfaite pour : Mariage, \u00e9glise, \u00e9v\u00e9nements formels<\/p>\n<\/li>\n<\/ul>\n","protected":false},"excerpt":{"rendered":"<p data-start=\"743\" data-end=\"1064\">Faites sensation avec cette <strong data-start=\"771\" data-end=\"798\">robe bleu ciel \u00e9l\u00e9gante<\/strong>, con\u00e7ue pour mettre en valeur votre silhouette tout en restant raffin\u00e9e. Son col style cape structur\u00e9 et sa ceinture assortie \u00e0 nouer \u00e0 la taille en font une pi\u00e8ce chic et f\u00e9minine. Id\u00e9ale pour des occasions comme un mariage, une sortie \u00e0 l\u2019\u00e9glise ou une r\u00e9ception.<\/p>\n<p data-start=\"1066\" data-end=\"1081\">\n<p data-start=\"479\" data-end=\"492\">\n","protected":false},"featured_media":5159,"comment_status":"open","ping_status":"closed","template":"","meta":{"_acf_changed":false},"product_brand":[],"product_cat":[19,73,301,259],"product_tag":[],"class_list":{"0":"post-5155","1":"product","2":"type-product","3":"status-publish","4":"has-post-thumbnail","6":"product_cat-women","7":"product_cat-new-arrivals","8":"product_cat-women-dresses","9":"product_cat-women-clothes","11":"first","12":"instock","13":"shipping-taxable","14":"purchasable","15":"product-type-simple"},"acf":[],"_links":{"self":[{"href":"https:\/\/ezmolalite.com\/fr\/wp-json\/wp\/v2\/product\/5155","targetHints":{"allow":["GET"]}}],"collection":[{"href":"https:\/\/ezmolalite.com\/fr\/wp-json\/wp\/v2\/product"}],"about":[{"href":"https:\/\/ezmolalite.com\/fr\/wp-json\/wp\/v2\/types\/product"}],"replies":[{"embeddable":true,"href":"https:\/\/ezmolalite.com\/fr\/wp-json\/wp\/v2\/comments?post=5155"}],"version-history":[{"count":1,"href":"https:\/\/ezmolalite.com\/fr\/wp-json\/wp\/v2\/product\/5155\/revisions"}],"predecessor-version":[{"id":5160,"href":"https:\/\/ezmolalite.com\/fr\/wp-json\/wp\/v2\/product\/5155\/revisions\/5160"}],"wp:featuredmedia":[{"embeddable":true,"href":"https:\/\/ezmolalite.com\/fr\/wp-json\/wp\/v2\/media\/5159"}],"wp:attachment":[{"href":"https:\/\/ezmolalite.com\/fr\/wp-json\/wp\/v2\/media?parent=5155"}],"wp:term":[{"taxonomy":"product_brand","embeddable":true,"href":"https:\/\/ezmolalite.com\/fr\/wp-json\/wp\/v2\/product_brand?post=5155"},{"taxonomy":"product_cat","embeddable":true,"href":"https:\/\/ezmolalite.com\/fr\/wp-json\/wp\/v2\/product_cat?post=5155"},{"taxonomy":"product_tag","embeddable":true,"href":"https:\/\/ezmolalite.com\/fr\/wp-json\/wp\/v2\/product_tag?post=5155"}],"curies":[{"name":"wp","href":"https:\/\/api.w.org\/{rel}","templated":true}]}}