{"id":5161,"date":"2025-07-28T16:48:27","date_gmt":"2025-07-28T16:48:27","guid":{"rendered":"https:\/\/ezmolalite.com\/?post_type=product&#038;p=5161"},"modified":"2025-07-28T16:55:52","modified_gmt":"2025-07-28T16:55:52","slug":"high-waisted-wide-leg-jeans","status":"publish","type":"product","link":"https:\/\/ezmolalite.com\/fr\/product\/high-waisted-wide-leg-jeans\/","title":{"rendered":"High-Waisted Wide-Leg Jeans"},"content":{"rendered":"<p data-start=\"697\" data-end=\"1007\">Adoptez un style d\u00e9contract\u00e9 et tendance avec ce <strong data-start=\"746\" data-end=\"781\">jean taille haute \u00e0 jambe large<\/strong> ! Ajust\u00e9 \u00e0 la taille et aux hanches pour sublimer vos courbes, il s\u2019\u00e9vase \u00e9l\u00e9gamment jusqu\u2019aux chevilles pour un look \u00e0 la fois confortable et styl\u00e9. \u00c0 associer avec un haut moulant et des talons pour un effet waouh garanti !<\/p>\n<p data-start=\"1009\" data-end=\"1024\"><strong data-start=\"1009\" data-end=\"1022\">D\u00e9tails :<\/strong><\/p>\n<ul data-start=\"1025\" data-end=\"1179\">\n<li data-start=\"1025\" data-end=\"1041\">\n<p data-start=\"1027\" data-end=\"1041\">Taille haute<\/p>\n<\/li>\n<li data-start=\"1042\" data-end=\"1063\">\n<p data-start=\"1044\" data-end=\"1063\">Coupe jambe large<\/p>\n<\/li>\n<li data-start=\"1064\" data-end=\"1084\">\n<p data-start=\"1066\" data-end=\"1084\">Denim bleu fonc\u00e9<\/p>\n<\/li>\n<li data-start=\"1085\" data-end=\"1102\">\n<p data-start=\"1087\" data-end=\"1102\">Effet galbant<\/p>\n<\/li>\n<li data-start=\"1103\" data-end=\"1179\">\n<p data-start=\"1105\" data-end=\"1179\">Id\u00e9al pour : Sorties d\u00e9contract\u00e9es, brunch, shopping ou look casual chic<\/p>\n<\/li>\n<\/ul>\n","protected":false},"excerpt":{"rendered":"<p data-start=\"743\" data-end=\"1064\">Adoptez un style d\u00e9contract\u00e9 et tendance avec ce <strong data-start=\"746\" data-end=\"781\">jean taille haute \u00e0 jambe large<\/strong> ! Ajust\u00e9 \u00e0 la taille et aux hanches pour sublimer vos courbes, il s\u2019\u00e9vase \u00e9l\u00e9gamment jusqu\u2019aux chevilles pour un look \u00e0 la fois confortable et styl\u00e9. \u00c0 associer avec un haut moulant et des talons pour un effet waouh garanti !<\/p>\n<p data-start=\"479\" data-end=\"492\">\n","protected":false},"featured_media":5162,"comment_status":"open","ping_status":"closed","template":"","meta":{"_acf_changed":false},"product_brand":[],"product_cat":[19,73,259],"product_tag":[],"class_list":{"0":"post-5161","1":"product","2":"type-product","3":"status-publish","4":"has-post-thumbnail","6":"product_cat-women","7":"product_cat-new-arrivals","8":"product_cat-women-clothes","10":"first","11":"instock","12":"sale","13":"shipping-taxable","14":"purchasable","15":"product-type-simple"},"acf":[],"_links":{"self":[{"href":"https:\/\/ezmolalite.com\/fr\/wp-json\/wp\/v2\/product\/5161","targetHints":{"allow":["GET"]}}],"collection":[{"href":"https:\/\/ezmolalite.com\/fr\/wp-json\/wp\/v2\/product"}],"about":[{"href":"https:\/\/ezmolalite.com\/fr\/wp-json\/wp\/v2\/types\/product"}],"replies":[{"embeddable":true,"href":"https:\/\/ezmolalite.com\/fr\/wp-json\/wp\/v2\/comments?post=5161"}],"version-history":[{"count":1,"href":"https:\/\/ezmolalite.com\/fr\/wp-json\/wp\/v2\/product\/5161\/revisions"}],"predecessor-version":[{"id":5164,"href":"https:\/\/ezmolalite.com\/fr\/wp-json\/wp\/v2\/product\/5161\/revisions\/5164"}],"wp:featuredmedia":[{"embeddable":true,"href":"https:\/\/ezmolalite.com\/fr\/wp-json\/wp\/v2\/media\/5162"}],"wp:attachment":[{"href":"https:\/\/ezmolalite.com\/fr\/wp-json\/wp\/v2\/media?parent=5161"}],"wp:term":[{"taxonomy":"product_brand","embeddable":true,"href":"https:\/\/ezmolalite.com\/fr\/wp-json\/wp\/v2\/product_brand?post=5161"},{"taxonomy":"product_cat","embeddable":true,"href":"https:\/\/ezmolalite.com\/fr\/wp-json\/wp\/v2\/product_cat?post=5161"},{"taxonomy":"product_tag","embeddable":true,"href":"https:\/\/ezmolalite.com\/fr\/wp-json\/wp\/v2\/product_tag?post=5161"}],"curies":[{"name":"wp","href":"https:\/\/api.w.org\/{rel}","templated":true}]}}