{"id":5165,"date":"2025-07-28T16:56:28","date_gmt":"2025-07-28T16:56:28","guid":{"rendered":"https:\/\/ezmolalite.com\/?post_type=product&#038;p=5165"},"modified":"2025-07-28T17:06:44","modified_gmt":"2025-07-28T17:06:44","slug":"2-piece-long-sleeve-activewear-set","status":"publish","type":"product","link":"https:\/\/ezmolalite.com\/fr\/product\/2-piece-long-sleeve-activewear-set\/","title":{"rendered":"2-Piece Long Sleeve Activewear Set"},"content":{"rendered":"<p data-start=\"717\" data-end=\"949\">Soyez styl\u00e9e \u00e0 la salle de sport ou au quotidien avec cet <strong data-start=\"775\" data-end=\"823\">ensemble de sport 2 pi\u00e8ces \u00e0 manches longues<\/strong> ! Compos\u00e9 d\u2019un crop top ajust\u00e9 \u00e0 manches contrast\u00e9es et d\u2019un short taille haute assorti, il allie confort, style et maintien.<\/p>\n<p data-start=\"951\" data-end=\"978\"><strong data-start=\"951\" data-end=\"976\">Coloris disponibles :<\/strong><\/p>\n<ul data-start=\"979\" data-end=\"1012\">\n<li data-start=\"979\" data-end=\"995\">\n<p data-start=\"981\" data-end=\"995\">Rose &amp; Blanc<\/p>\n<\/li>\n<li data-start=\"996\" data-end=\"1012\">\n<p data-start=\"998\" data-end=\"1012\">Noir &amp; Blanc<\/p>\n<\/li>\n<\/ul>\n<p data-start=\"1014\" data-end=\"1029\"><strong data-start=\"1014\" data-end=\"1027\">D\u00e9tails :<\/strong><\/p>\n<ul data-start=\"1030\" data-end=\"1172\">\n<li data-start=\"1030\" data-end=\"1058\">\n<p data-start=\"1032\" data-end=\"1058\">Tissu extensible et doux<\/p>\n<\/li>\n<li data-start=\"1059\" data-end=\"1089\">\n<p data-start=\"1061\" data-end=\"1089\">Crop top \u00e0 manches longues<\/p>\n<\/li>\n<li data-start=\"1090\" data-end=\"1112\">\n<p data-start=\"1092\" data-end=\"1112\">Short taille haute<\/p>\n<\/li>\n<li data-start=\"1113\" data-end=\"1172\">\n<p data-start=\"1115\" data-end=\"1172\">Parfait pour : sport, yoga, d\u00e9tente ou look d\u00e9contract\u00e9<\/p>\n<\/li>\n<\/ul>\n","protected":false},"excerpt":{"rendered":"<p data-start=\"717\" data-end=\"949\">Soyez styl\u00e9e \u00e0 la salle de sport ou au quotidien avec cet <strong data-start=\"775\" data-end=\"823\">ensemble de sport 2 pi\u00e8ces \u00e0 manches longues<\/strong> ! Compos\u00e9 d\u2019un crop top ajust\u00e9 \u00e0 manches contrast\u00e9es et d\u2019un short taille haute assorti, il allie confort, style et maintien.<\/p>\n<p data-start=\"479\" data-end=\"492\">\n","protected":false},"featured_media":5171,"comment_status":"open","ping_status":"closed","template":"","meta":{"_acf_changed":false},"product_brand":[],"product_cat":[19,73,259],"product_tag":[],"class_list":{"0":"post-5165","1":"product","2":"type-product","3":"status-publish","4":"has-post-thumbnail","6":"product_cat-women","7":"product_cat-new-arrivals","8":"product_cat-women-clothes","10":"first","11":"instock","12":"sale","13":"shipping-taxable","14":"purchasable","15":"product-type-variable"},"acf":[],"_links":{"self":[{"href":"https:\/\/ezmolalite.com\/fr\/wp-json\/wp\/v2\/product\/5165","targetHints":{"allow":["GET"]}}],"collection":[{"href":"https:\/\/ezmolalite.com\/fr\/wp-json\/wp\/v2\/product"}],"about":[{"href":"https:\/\/ezmolalite.com\/fr\/wp-json\/wp\/v2\/types\/product"}],"replies":[{"embeddable":true,"href":"https:\/\/ezmolalite.com\/fr\/wp-json\/wp\/v2\/comments?post=5165"}],"version-history":[{"count":1,"href":"https:\/\/ezmolalite.com\/fr\/wp-json\/wp\/v2\/product\/5165\/revisions"}],"predecessor-version":[{"id":5173,"href":"https:\/\/ezmolalite.com\/fr\/wp-json\/wp\/v2\/product\/5165\/revisions\/5173"}],"wp:featuredmedia":[{"embeddable":true,"href":"https:\/\/ezmolalite.com\/fr\/wp-json\/wp\/v2\/media\/5171"}],"wp:attachment":[{"href":"https:\/\/ezmolalite.com\/fr\/wp-json\/wp\/v2\/media?parent=5165"}],"wp:term":[{"taxonomy":"product_brand","embeddable":true,"href":"https:\/\/ezmolalite.com\/fr\/wp-json\/wp\/v2\/product_brand?post=5165"},{"taxonomy":"product_cat","embeddable":true,"href":"https:\/\/ezmolalite.com\/fr\/wp-json\/wp\/v2\/product_cat?post=5165"},{"taxonomy":"product_tag","embeddable":true,"href":"https:\/\/ezmolalite.com\/fr\/wp-json\/wp\/v2\/product_tag?post=5165"}],"curies":[{"name":"wp","href":"https:\/\/api.w.org\/{rel}","templated":true}]}}