{"id":5180,"date":"2025-07-28T17:56:19","date_gmt":"2025-07-28T17:56:19","guid":{"rendered":"https:\/\/ezmolalite.com\/?post_type=product&#038;p=5180"},"modified":"2025-07-28T18:02:06","modified_gmt":"2025-07-28T18:02:06","slug":"elegant-contrast-collar-bodycon-dress","status":"publish","type":"product","link":"https:\/\/ezmolalite.com\/fr\/product\/elegant-contrast-collar-bodycon-dress\/","title":{"rendered":"Elegant Contrast Collar Bodycon Dress"},"content":{"rendered":"<p data-start=\"806\" data-end=\"1060\">Adoptez un look chic et intemporel avec cette <strong data-start=\"852\" data-end=\"883\">robe crayon \u00e0 col contrast\u00e9<\/strong>, con\u00e7ue pour mettre en valeur votre silhouette tout en affichant un style sophistiqu\u00e9. Son col blanc asym\u00e9trique et ses poignets \u00e0 boutons dor\u00e9s ajoutent une touche d\u2019\u00e9l\u00e9gance.<\/p>\n<p data-start=\"1062\" data-end=\"1089\"><strong data-start=\"1062\" data-end=\"1087\">Coloris disponibles :<\/strong><\/p>\n<ul data-start=\"1090\" data-end=\"1142\">\n<li data-start=\"1090\" data-end=\"1119\">\n<p data-start=\"1092\" data-end=\"1119\">Noir classique avec blanc<\/p>\n<\/li>\n<li data-start=\"1120\" data-end=\"1142\">\n<p data-start=\"1122\" data-end=\"1142\">Fuchsia avec blanc<\/p>\n<\/li>\n<\/ul>\n<p data-start=\"1144\" data-end=\"1159\"><strong data-start=\"1144\" data-end=\"1157\">D\u00e9tails :<\/strong><\/p>\n<ul data-start=\"1160\" data-end=\"1382\">\n<li data-start=\"1160\" data-end=\"1200\">\n<p data-start=\"1162\" data-end=\"1200\">Encolure bateau avec col asym\u00e9trique<\/p>\n<\/li>\n<li data-start=\"1201\" data-end=\"1242\">\n<p data-start=\"1203\" data-end=\"1242\">Manches longues et poignets \u00e0 boutons<\/p>\n<\/li>\n<li data-start=\"1243\" data-end=\"1290\">\n<p data-start=\"1245\" data-end=\"1290\">Tissu extensible pour un ajustement parfait<\/p>\n<\/li>\n<li data-start=\"1291\" data-end=\"1323\">\n<p data-start=\"1293\" data-end=\"1323\">Coupe crayon longueur genoux<\/p>\n<\/li>\n<li data-start=\"1324\" data-end=\"1382\">\n<p data-start=\"1326\" data-end=\"1382\">Parfaite pour le bureau, l\u2019\u00e9glise ou une sortie formelle<\/p>\n<\/li>\n<\/ul>\n","protected":false},"excerpt":{"rendered":"<p data-start=\"782\" data-end=\"1019\">Adoptez un look chic et intemporel avec cette <strong data-start=\"852\" data-end=\"883\">robe crayon \u00e0 col contrast\u00e9<\/strong>, con\u00e7ue pour mettre en valeur votre silhouette tout en affichant un style sophistiqu\u00e9. Son col blanc asym\u00e9trique et ses poignets \u00e0 boutons dor\u00e9s ajoutent une touche d\u2019\u00e9l\u00e9gance.<\/p>\n<p data-start=\"479\" data-end=\"492\">\n","protected":false},"featured_media":5183,"comment_status":"open","ping_status":"closed","template":"","meta":{"_acf_changed":false},"product_brand":[],"product_cat":[19,73,301,259],"product_tag":[],"class_list":{"0":"post-5180","1":"product","2":"type-product","3":"status-publish","4":"has-post-thumbnail","6":"product_cat-women","7":"product_cat-new-arrivals","8":"product_cat-women-dresses","9":"product_cat-women-clothes","11":"first","12":"instock","13":"sale","14":"shipping-taxable","15":"purchasable","16":"product-type-variable"},"acf":[],"_links":{"self":[{"href":"https:\/\/ezmolalite.com\/fr\/wp-json\/wp\/v2\/product\/5180","targetHints":{"allow":["GET"]}}],"collection":[{"href":"https:\/\/ezmolalite.com\/fr\/wp-json\/wp\/v2\/product"}],"about":[{"href":"https:\/\/ezmolalite.com\/fr\/wp-json\/wp\/v2\/types\/product"}],"replies":[{"embeddable":true,"href":"https:\/\/ezmolalite.com\/fr\/wp-json\/wp\/v2\/comments?post=5180"}],"version-history":[{"count":1,"href":"https:\/\/ezmolalite.com\/fr\/wp-json\/wp\/v2\/product\/5180\/revisions"}],"predecessor-version":[{"id":5186,"href":"https:\/\/ezmolalite.com\/fr\/wp-json\/wp\/v2\/product\/5180\/revisions\/5186"}],"wp:featuredmedia":[{"embeddable":true,"href":"https:\/\/ezmolalite.com\/fr\/wp-json\/wp\/v2\/media\/5183"}],"wp:attachment":[{"href":"https:\/\/ezmolalite.com\/fr\/wp-json\/wp\/v2\/media?parent=5180"}],"wp:term":[{"taxonomy":"product_brand","embeddable":true,"href":"https:\/\/ezmolalite.com\/fr\/wp-json\/wp\/v2\/product_brand?post=5180"},{"taxonomy":"product_cat","embeddable":true,"href":"https:\/\/ezmolalite.com\/fr\/wp-json\/wp\/v2\/product_cat?post=5180"},{"taxonomy":"product_tag","embeddable":true,"href":"https:\/\/ezmolalite.com\/fr\/wp-json\/wp\/v2\/product_tag?post=5180"}],"curies":[{"name":"wp","href":"https:\/\/api.w.org\/{rel}","templated":true}]}}