{"id":5262,"date":"2025-08-05T17:13:32","date_gmt":"2025-08-05T17:13:32","guid":{"rendered":"https:\/\/ezmolalite.com\/?post_type=product&#038;p=5262"},"modified":"2025-12-12T16:13:29","modified_gmt":"2025-12-12T16:13:29","slug":"balenciaga-speed-2-0-knit-sock-sneakers-2","status":"publish","type":"product","link":"https:\/\/ezmolalite.com\/fr\/product\/balenciaga-speed-2-0-knit-sock-sneakers-2\/","title":{"rendered":"Balenciaga Speed 2.0 Knit Sock Sneakers"},"content":{"rendered":"<p data-start=\"258\" data-end=\"663\">Alliez <strong data-start=\"265\" data-end=\"290\">confort haut de gamme<\/strong> et <strong data-start=\"294\" data-end=\"316\">style contemporain<\/strong> avec les baskets <strong data-start=\"334\" data-end=\"358\">Balenciaga Speed 2.0<\/strong>, une v\u00e9ritable ic\u00f4ne du streetwear de luxe. Con\u00e7ues en tissu stretch beige, elles \u00e9pousent parfaitement la forme du pied pour un effet seconde peau. La semelle segment\u00e9e innovante <strong data-start=\"539\" data-end=\"552\">Speed 2.0<\/strong> offre une flexibilit\u00e9 et une l\u00e9g\u00e8ret\u00e9 exceptionnelles, tout en affichant une silhouette audacieuse et moderne.<\/p>\n<h4 data-start=\"831\" data-end=\"869\"><strong data-start=\"835\" data-end=\"869\">Caract\u00e9ristiques principales :<\/strong><\/h4>\n<ul data-start=\"870\" data-end=\"1248\">\n<li data-start=\"870\" data-end=\"926\">\n<p data-start=\"872\" data-end=\"926\">Marque <strong data-start=\"879\" data-end=\"893\">Balenciaga<\/strong> imprim\u00e9e sur le c\u00f4t\u00e9 ext\u00e9rieur<\/p>\n<\/li>\n<li data-start=\"927\" data-end=\"992\">\n<p data-start=\"929\" data-end=\"992\">Tige en <strong data-start=\"937\" data-end=\"966\">maille stretch respirante<\/strong> pour un confort optimal<\/p>\n<\/li>\n<li data-start=\"993\" data-end=\"1062\">\n<p data-start=\"995\" data-end=\"1062\">Semelle <strong data-start=\"1003\" data-end=\"1026\">Speed 2.0 segment\u00e9e<\/strong> : flexibilit\u00e9, l\u00e9g\u00e8ret\u00e9 et amorti<\/p>\n<\/li>\n<li data-start=\"1063\" data-end=\"1114\">\n<p data-start=\"1065\" data-end=\"1114\">Design chaussette sans lacets, facile \u00e0 enfiler<\/p>\n<\/li>\n<li data-start=\"1115\" data-end=\"1167\">\n<p data-start=\"1117\" data-end=\"1167\">Col c\u00f4tel\u00e9 pour un maintien ajust\u00e9 \u00e0 la cheville<\/p>\n<\/li>\n<\/ul>\n<h4 data-start=\"1255\" data-end=\"1277\"><strong data-start=\"1259\" data-end=\"1275\">Id\u00e9al pour :<\/strong><\/h4>\n<p data-start=\"1278\" data-end=\"1456\">Celles et ceux qui recherchent une <strong data-start=\"1313\" data-end=\"1342\">chaussure de luxe moderne<\/strong>, confortable et polyvalente. Parfaite avec un jogging, un pantalon cargo, ou un look plus habill\u00e9 et d\u00e9contract\u00e9.<\/p>\n","protected":false},"excerpt":{"rendered":"<p data-start=\"255\" data-end=\"413\">Alliez <strong data-start=\"265\" data-end=\"290\">confort haut de gamme<\/strong> et <strong data-start=\"294\" data-end=\"316\">style contemporain<\/strong> avec les baskets <strong data-start=\"334\" data-end=\"358\">Balenciaga Speed 2.0<\/strong>, une v\u00e9ritable ic\u00f4ne du streetwear de luxe. Con\u00e7ues en tissu stretch beige, elles \u00e9pousent parfaitement la forme du pied pour un effet seconde peau. La semelle segment\u00e9e innovante <strong data-start=\"539\" data-end=\"552\">Speed 2.0<\/strong> offre une flexibilit\u00e9 et une l\u00e9g\u00e8ret\u00e9 exceptionnelles, tout en affichant une silhouette audacieuse et moderne.<\/p>\n<p data-start=\"479\" data-end=\"492\">\n","protected":false},"featured_media":5207,"comment_status":"open","ping_status":"closed","template":"","meta":{"_acf_changed":false},"product_brand":[282],"product_cat":[256,274,19,80],"product_tag":[63],"class_list":{"0":"post-5262","1":"product","2":"type-product","3":"status-publish","4":"has-post-thumbnail","6":"product_brand-balenciaga","7":"product_cat-women-shoes","8":"product_cat-chaussures-hoome-mens-shoes","9":"product_cat-women","10":"product_cat-sports","11":"product_tag-shoes","13":"first","14":"instock","15":"sale","16":"shipping-taxable","17":"purchasable","18":"product-type-variable"},"acf":[],"_links":{"self":[{"href":"https:\/\/ezmolalite.com\/fr\/wp-json\/wp\/v2\/product\/5262","targetHints":{"allow":["GET"]}}],"collection":[{"href":"https:\/\/ezmolalite.com\/fr\/wp-json\/wp\/v2\/product"}],"about":[{"href":"https:\/\/ezmolalite.com\/fr\/wp-json\/wp\/v2\/types\/product"}],"replies":[{"embeddable":true,"href":"https:\/\/ezmolalite.com\/fr\/wp-json\/wp\/v2\/comments?post=5262"}],"version-history":[{"count":1,"href":"https:\/\/ezmolalite.com\/fr\/wp-json\/wp\/v2\/product\/5262\/revisions"}],"predecessor-version":[{"id":6111,"href":"https:\/\/ezmolalite.com\/fr\/wp-json\/wp\/v2\/product\/5262\/revisions\/6111"}],"wp:featuredmedia":[{"embeddable":true,"href":"https:\/\/ezmolalite.com\/fr\/wp-json\/wp\/v2\/media\/5207"}],"wp:attachment":[{"href":"https:\/\/ezmolalite.com\/fr\/wp-json\/wp\/v2\/media?parent=5262"}],"wp:term":[{"taxonomy":"product_brand","embeddable":true,"href":"https:\/\/ezmolalite.com\/fr\/wp-json\/wp\/v2\/product_brand?post=5262"},{"taxonomy":"product_cat","embeddable":true,"href":"https:\/\/ezmolalite.com\/fr\/wp-json\/wp\/v2\/product_cat?post=5262"},{"taxonomy":"product_tag","embeddable":true,"href":"https:\/\/ezmolalite.com\/fr\/wp-json\/wp\/v2\/product_tag?post=5262"}],"curies":[{"name":"wp","href":"https:\/\/api.w.org\/{rel}","templated":true}]}}