{"id":5342,"date":"2025-08-05T19:50:37","date_gmt":"2025-08-05T19:50:37","guid":{"rendered":"https:\/\/ezmolalite.com\/?post_type=product&#038;p=5342"},"modified":"2025-12-12T16:12:04","modified_gmt":"2025-12-12T16:12:04","slug":"adidas-yeezy-boost-350-v2-flax","status":"publish","type":"product","link":"https:\/\/ezmolalite.com\/fr\/product\/adidas-yeezy-boost-350-v2-flax\/","title":{"rendered":"Adidas Yeezy Boost 350 V2 \u201cFlax\u201d"},"content":{"rendered":"<h3 data-start=\"231\" data-end=\"265\"><strong data-start=\"235\" data-end=\"263\">Description du produit :<\/strong><\/h3>\n<p data-start=\"266\" data-end=\"563\">Affichez un style iconique avec les <strong data-start=\"302\" data-end=\"338\">Adidas Yeezy Boost 350 V2 \u201cFlax\u201d<\/strong>, une paire phare de la c\u00e9l\u00e8bre collaboration entre Kanye West et Adidas. Dot\u00e9es d\u2019une <strong data-start=\"425\" data-end=\"452\">tige en Primeknit<\/strong>\u00a0et d\u2019une <strong data-start=\"462\" data-end=\"498\">bande lat\u00e9rale semi-transparente<\/strong>, ces sneakers allient minimalisme futuriste et \u00e9l\u00e9gance urbaine.<\/p>\n<p data-start=\"565\" data-end=\"772\">La semelle interm\u00e9diaire int\u00e9grale en <strong data-start=\"603\" data-end=\"625\">technologie BOOST\u2122<\/strong> garantit un confort in\u00e9gal\u00e9 et un excellent retour d\u2019\u00e9nergie, id\u00e9ale pour un usage quotidien ou pour compl\u00e9ter une tenue streetwear haut de gamme.<\/p>\n<hr data-start=\"774\" data-end=\"777\" \/>\n<h3 data-start=\"779\" data-end=\"817\"><strong data-start=\"783\" data-end=\"817\">Caract\u00e9ristiques principales :<\/strong><\/h3>\n<ul data-start=\"818\" data-end=\"1254\">\n<li data-start=\"818\" data-end=\"889\">\n<p data-start=\"820\" data-end=\"889\">Tige en <strong data-start=\"828\" data-end=\"847\">Primeknit<\/strong>\u00a0(coloris \u201cFlax\u201d) : souple et respirante<\/p>\n<\/li>\n<li data-start=\"890\" data-end=\"938\">\n<p data-start=\"892\" data-end=\"938\">Bande lat\u00e9rale <strong data-start=\"907\" data-end=\"936\">transparente embl\u00e9matique<\/strong><\/p>\n<\/li>\n<li data-start=\"939\" data-end=\"1013\">\n<p data-start=\"941\" data-end=\"1013\">Semelle BOOST\u2122 sur toute la longueur : confort et amorti exceptionnels<\/p>\n<\/li>\n<li data-start=\"1014\" data-end=\"1091\">\n<p data-start=\"1016\" data-end=\"1091\">Ajustement type chaussette avec languette arri\u00e8re pour un enfilage facile<\/p>\n<\/li>\n<li data-start=\"1092\" data-end=\"1155\">\n<p data-start=\"1094\" data-end=\"1155\">Semelle ext\u00e9rieure nervur\u00e9e pour une <strong data-start=\"1131\" data-end=\"1153\">adh\u00e9rence optimale<\/strong><\/p>\n<\/li>\n<li data-start=\"1156\" data-end=\"1184\">\n<p data-start=\"1158\" data-end=\"1184\">Ultra-l\u00e9g\u00e8res et styl\u00e9es<\/p>\n<\/li>\n<li data-start=\"1185\" data-end=\"1254\">\n<p data-start=\"1187\" data-end=\"1254\"><strong data-start=\"1187\" data-end=\"1206\">\u00c9dition limit\u00e9e<\/strong> \u2013 tr\u00e8s recherch\u00e9e sur le march\u00e9 de la revente<\/p>\n<\/li>\n<\/ul>\n<hr data-start=\"1256\" data-end=\"1259\" \/>\n<h3 data-start=\"1261\" data-end=\"1283\"><strong data-start=\"1265\" data-end=\"1281\">Id\u00e9al pour :<\/strong><\/h3>\n<p data-start=\"1284\" data-end=\"1422\">Les collectionneurs, amateurs de sneakers et passionn\u00e9s de mode urbaine \u00e0 la recherche d\u2019une <strong data-start=\"1377\" data-end=\"1421\">pi\u00e8ce exclusive, confortable et tendance<\/strong>.<\/p>\n","protected":false},"excerpt":{"rendered":"<p data-start=\"266\" data-end=\"563\">Affichez un style iconique avec les <strong data-start=\"302\" data-end=\"338\">Adidas Yeezy Boost 350 V2 \u201cFlax\u201d<\/strong>, une paire phare de la c\u00e9l\u00e8bre collaboration entre Kanye West et Adidas. Dot\u00e9es d\u2019une <strong data-start=\"425\" data-end=\"452\">tige en Primeknit<\/strong>\u00a0et d\u2019une <strong data-start=\"462\" data-end=\"498\">bande lat\u00e9rale semi-transparente<\/strong>, ces sneakers allient minimalisme futuriste et \u00e9l\u00e9gance urbaine.<\/p>\n<p data-start=\"565\" data-end=\"772\">La semelle interm\u00e9diaire int\u00e9grale en <strong data-start=\"603\" data-end=\"625\">technologie BOOST\u2122<\/strong> garantit un confort in\u00e9gal\u00e9 et un excellent retour d\u2019\u00e9nergie, id\u00e9ale pour un usage quotidien ou pour compl\u00e9ter une tenue streetwear haut de gamme.<\/p>\n<p data-start=\"479\" data-end=\"492\">\n","protected":false},"featured_media":5361,"comment_status":"open","ping_status":"closed","template":"","meta":{"_acf_changed":false},"product_brand":[230],"product_cat":[256,274,19],"product_tag":[63],"class_list":{"0":"post-5342","1":"product","2":"type-product","3":"status-publish","4":"has-post-thumbnail","6":"product_brand-adidas","7":"product_cat-women-shoes","8":"product_cat-chaussures-hoome-mens-shoes","9":"product_cat-women","10":"product_tag-shoes","12":"first","13":"instock","14":"shipping-taxable","15":"purchasable","16":"product-type-variable"},"acf":[],"_links":{"self":[{"href":"https:\/\/ezmolalite.com\/fr\/wp-json\/wp\/v2\/product\/5342","targetHints":{"allow":["GET"]}}],"collection":[{"href":"https:\/\/ezmolalite.com\/fr\/wp-json\/wp\/v2\/product"}],"about":[{"href":"https:\/\/ezmolalite.com\/fr\/wp-json\/wp\/v2\/types\/product"}],"replies":[{"embeddable":true,"href":"https:\/\/ezmolalite.com\/fr\/wp-json\/wp\/v2\/comments?post=5342"}],"version-history":[{"count":2,"href":"https:\/\/ezmolalite.com\/fr\/wp-json\/wp\/v2\/product\/5342\/revisions"}],"predecessor-version":[{"id":5395,"href":"https:\/\/ezmolalite.com\/fr\/wp-json\/wp\/v2\/product\/5342\/revisions\/5395"}],"wp:featuredmedia":[{"embeddable":true,"href":"https:\/\/ezmolalite.com\/fr\/wp-json\/wp\/v2\/media\/5361"}],"wp:attachment":[{"href":"https:\/\/ezmolalite.com\/fr\/wp-json\/wp\/v2\/media?parent=5342"}],"wp:term":[{"taxonomy":"product_brand","embeddable":true,"href":"https:\/\/ezmolalite.com\/fr\/wp-json\/wp\/v2\/product_brand?post=5342"},{"taxonomy":"product_cat","embeddable":true,"href":"https:\/\/ezmolalite.com\/fr\/wp-json\/wp\/v2\/product_cat?post=5342"},{"taxonomy":"product_tag","embeddable":true,"href":"https:\/\/ezmolalite.com\/fr\/wp-json\/wp\/v2\/product_tag?post=5342"}],"curies":[{"name":"wp","href":"https:\/\/api.w.org\/{rel}","templated":true}]}}