{"id":5639,"date":"2025-12-09T14:40:56","date_gmt":"2025-12-09T14:40:56","guid":{"rendered":"https:\/\/ezmolalite.com\/?post_type=product&#038;p=5639"},"modified":"2025-12-09T14:47:56","modified_gmt":"2025-12-09T14:47:56","slug":"2-pieces-melangee-ensoleillee-pour-femme","status":"publish","type":"product","link":"https:\/\/ezmolalite.com\/fr\/product\/2-pieces-melangee-ensoleillee-pour-femme\/","title":{"rendered":"2 Pi\u00e8ces M\u00e9lang\u00e9e Ensoleill\u00e9e pour femme"},"content":{"rendered":"<p>Belle ensemble 2 pi\u00e8ces pour dames. Style \u00e9l\u00e9gant et disponible en diff\u00e9rentes tailles<\/p>\n","protected":false},"excerpt":{"rendered":"<p>Belle ensemble 2 pi\u00e8ces pour dames. Style \u00e9l\u00e9gant et disponible en diff\u00e9rentes tailles<\/p>\n","protected":false},"featured_media":5645,"comment_status":"open","ping_status":"closed","template":"","meta":{"_acf_changed":false},"product_brand":[],"product_cat":[19,61,73,259],"product_tag":[334,40],"class_list":{"0":"post-5639","1":"product","2":"type-product","3":"status-publish","4":"has-post-thumbnail","6":"product_cat-women","7":"product_cat-hot-sales","8":"product_cat-new-arrivals","9":"product_cat-women-clothes","10":"product_tag-2-pieces","11":"product_tag-women","13":"first","14":"instock","15":"shipping-taxable","16":"purchasable","17":"product-type-variable"},"acf":[],"_links":{"self":[{"href":"https:\/\/ezmolalite.com\/fr\/wp-json\/wp\/v2\/product\/5639","targetHints":{"allow":["GET"]}}],"collection":[{"href":"https:\/\/ezmolalite.com\/fr\/wp-json\/wp\/v2\/product"}],"about":[{"href":"https:\/\/ezmolalite.com\/fr\/wp-json\/wp\/v2\/types\/product"}],"replies":[{"embeddable":true,"href":"https:\/\/ezmolalite.com\/fr\/wp-json\/wp\/v2\/comments?post=5639"}],"version-history":[{"count":1,"href":"https:\/\/ezmolalite.com\/fr\/wp-json\/wp\/v2\/product\/5639\/revisions"}],"predecessor-version":[{"id":5647,"href":"https:\/\/ezmolalite.com\/fr\/wp-json\/wp\/v2\/product\/5639\/revisions\/5647"}],"wp:featuredmedia":[{"embeddable":true,"href":"https:\/\/ezmolalite.com\/fr\/wp-json\/wp\/v2\/media\/5645"}],"wp:attachment":[{"href":"https:\/\/ezmolalite.com\/fr\/wp-json\/wp\/v2\/media?parent=5639"}],"wp:term":[{"taxonomy":"product_brand","embeddable":true,"href":"https:\/\/ezmolalite.com\/fr\/wp-json\/wp\/v2\/product_brand?post=5639"},{"taxonomy":"product_cat","embeddable":true,"href":"https:\/\/ezmolalite.com\/fr\/wp-json\/wp\/v2\/product_cat?post=5639"},{"taxonomy":"product_tag","embeddable":true,"href":"https:\/\/ezmolalite.com\/fr\/wp-json\/wp\/v2\/product_tag?post=5639"}],"curies":[{"name":"wp","href":"https:\/\/api.w.org\/{rel}","templated":true}]}}