{"id":5649,"date":"2025-12-09T14:51:03","date_gmt":"2025-12-09T14:51:03","guid":{"rendered":"https:\/\/ezmolalite.com\/?post_type=product&#038;p=5649"},"modified":"2025-12-09T14:53:22","modified_gmt":"2025-12-09T14:53:22","slug":"ensemble-design-de-style-fleuri-2-pieces-pour-femmes","status":"publish","type":"product","link":"https:\/\/ezmolalite.com\/fr\/product\/ensemble-design-de-style-fleuri-2-pieces-pour-femmes\/","title":{"rendered":"Ensemble design de style fleuri 2 pi\u00e8ces pour femmes"},"content":{"rendered":"<p>Belle ensemble 2 pi\u00e8ces pour dames. Style \u00e9l\u00e9gant et disponible en diff\u00e9rentes tailles<\/p>\n","protected":false},"excerpt":{"rendered":"<p>Belle ensemble 2 pi\u00e8ces pour dames. Style \u00e9l\u00e9gant et disponible en diff\u00e9rentes tailles<\/p>\n","protected":false},"featured_media":5655,"comment_status":"open","ping_status":"closed","template":"","meta":{"_acf_changed":false},"product_brand":[],"product_cat":[19,61,73,259],"product_tag":[334,40],"class_list":{"0":"post-5649","1":"product","2":"type-product","3":"status-publish","4":"has-post-thumbnail","6":"product_cat-women","7":"product_cat-hot-sales","8":"product_cat-new-arrivals","9":"product_cat-women-clothes","10":"product_tag-2-pieces","11":"product_tag-women","13":"first","14":"instock","15":"shipping-taxable","16":"purchasable","17":"product-type-variable"},"acf":[],"_links":{"self":[{"href":"https:\/\/ezmolalite.com\/fr\/wp-json\/wp\/v2\/product\/5649","targetHints":{"allow":["GET"]}}],"collection":[{"href":"https:\/\/ezmolalite.com\/fr\/wp-json\/wp\/v2\/product"}],"about":[{"href":"https:\/\/ezmolalite.com\/fr\/wp-json\/wp\/v2\/types\/product"}],"replies":[{"embeddable":true,"href":"https:\/\/ezmolalite.com\/fr\/wp-json\/wp\/v2\/comments?post=5649"}],"version-history":[{"count":1,"href":"https:\/\/ezmolalite.com\/fr\/wp-json\/wp\/v2\/product\/5649\/revisions"}],"predecessor-version":[{"id":5657,"href":"https:\/\/ezmolalite.com\/fr\/wp-json\/wp\/v2\/product\/5649\/revisions\/5657"}],"wp:featuredmedia":[{"embeddable":true,"href":"https:\/\/ezmolalite.com\/fr\/wp-json\/wp\/v2\/media\/5655"}],"wp:attachment":[{"href":"https:\/\/ezmolalite.com\/fr\/wp-json\/wp\/v2\/media?parent=5649"}],"wp:term":[{"taxonomy":"product_brand","embeddable":true,"href":"https:\/\/ezmolalite.com\/fr\/wp-json\/wp\/v2\/product_brand?post=5649"},{"taxonomy":"product_cat","embeddable":true,"href":"https:\/\/ezmolalite.com\/fr\/wp-json\/wp\/v2\/product_cat?post=5649"},{"taxonomy":"product_tag","embeddable":true,"href":"https:\/\/ezmolalite.com\/fr\/wp-json\/wp\/v2\/product_tag?post=5649"}],"curies":[{"name":"wp","href":"https:\/\/api.w.org\/{rel}","templated":true}]}}