{"id":5658,"date":"2025-12-09T14:55:00","date_gmt":"2025-12-09T14:55:00","guid":{"rendered":"https:\/\/ezmolalite.com\/?post_type=product&#038;p=5658"},"modified":"2025-12-09T14:58:10","modified_gmt":"2025-12-09T14:58:10","slug":"ensemble-2-pieces-de-vetements-en-melange-vert-noir","status":"publish","type":"product","link":"https:\/\/ezmolalite.com\/fr\/product\/ensemble-2-pieces-de-vetements-en-melange-vert-noir\/","title":{"rendered":"Ensemble 2 pi\u00e8ces de v\u00eatements en m\u00e9lange vert-noir"},"content":{"rendered":"<p>Belle ensemble 2 pi\u00e8ces pour dames. Style \u00e9l\u00e9gant et disponible en diff\u00e9rentes tailles<\/p>\n","protected":false},"excerpt":{"rendered":"<p>Belle ensemble 2 pi\u00e8ces pour dames. Style \u00e9l\u00e9gant et disponible en diff\u00e9rentes tailles<\/p>\n","protected":false},"featured_media":5664,"comment_status":"open","ping_status":"closed","template":"","meta":{"_acf_changed":false},"product_brand":[],"product_cat":[19,61,73,259],"product_tag":[334,34,40],"class_list":{"0":"post-5658","1":"product","2":"type-product","3":"status-publish","4":"has-post-thumbnail","6":"product_cat-women","7":"product_cat-hot-sales","8":"product_cat-new-arrivals","9":"product_cat-women-clothes","10":"product_tag-2-pieces","11":"product_tag-fashion","12":"product_tag-women","14":"first","15":"instock","16":"shipping-taxable","17":"purchasable","18":"product-type-variable"},"acf":[],"_links":{"self":[{"href":"https:\/\/ezmolalite.com\/fr\/wp-json\/wp\/v2\/product\/5658","targetHints":{"allow":["GET"]}}],"collection":[{"href":"https:\/\/ezmolalite.com\/fr\/wp-json\/wp\/v2\/product"}],"about":[{"href":"https:\/\/ezmolalite.com\/fr\/wp-json\/wp\/v2\/types\/product"}],"replies":[{"embeddable":true,"href":"https:\/\/ezmolalite.com\/fr\/wp-json\/wp\/v2\/comments?post=5658"}],"version-history":[{"count":1,"href":"https:\/\/ezmolalite.com\/fr\/wp-json\/wp\/v2\/product\/5658\/revisions"}],"predecessor-version":[{"id":5665,"href":"https:\/\/ezmolalite.com\/fr\/wp-json\/wp\/v2\/product\/5658\/revisions\/5665"}],"wp:featuredmedia":[{"embeddable":true,"href":"https:\/\/ezmolalite.com\/fr\/wp-json\/wp\/v2\/media\/5664"}],"wp:attachment":[{"href":"https:\/\/ezmolalite.com\/fr\/wp-json\/wp\/v2\/media?parent=5658"}],"wp:term":[{"taxonomy":"product_brand","embeddable":true,"href":"https:\/\/ezmolalite.com\/fr\/wp-json\/wp\/v2\/product_brand?post=5658"},{"taxonomy":"product_cat","embeddable":true,"href":"https:\/\/ezmolalite.com\/fr\/wp-json\/wp\/v2\/product_cat?post=5658"},{"taxonomy":"product_tag","embeddable":true,"href":"https:\/\/ezmolalite.com\/fr\/wp-json\/wp\/v2\/product_tag?post=5658"}],"curies":[{"name":"wp","href":"https:\/\/api.w.org\/{rel}","templated":true}]}}