{"id":5716,"date":"2025-12-09T15:45:46","date_gmt":"2025-12-09T15:45:46","guid":{"rendered":"https:\/\/ezmolalite.com\/?post_type=product&#038;p=5716"},"modified":"2025-12-09T15:48:39","modified_gmt":"2025-12-09T15:48:39","slug":"vetements-2-pieces-elangant-et-chic","status":"publish","type":"product","link":"https:\/\/ezmolalite.com\/fr\/product\/vetements-2-pieces-elangant-et-chic\/","title":{"rendered":"V\u00eatements 2 pi\u00e8ces Elangant et Chic"},"content":{"rendered":"<p>Belle robe 2 pi\u00e8ces dames. Style \u00e9l\u00e9gant et disponible en diff\u00e9rentes tailles<\/p>\n","protected":false},"excerpt":{"rendered":"<p>Belle robe 2 pi\u00e8ces dames. Style \u00e9l\u00e9gant et disponible en diff\u00e9rentes tailles<\/p>\n","protected":false},"featured_media":5724,"comment_status":"open","ping_status":"closed","template":"","meta":{"_acf_changed":false},"product_brand":[],"product_cat":[19,61,73,301,259],"product_tag":[334,34,40],"class_list":{"0":"post-5716","1":"product","2":"type-product","3":"status-publish","4":"has-post-thumbnail","6":"product_cat-women","7":"product_cat-hot-sales","8":"product_cat-new-arrivals","9":"product_cat-women-dresses","10":"product_cat-women-clothes","11":"product_tag-2-pieces","12":"product_tag-fashion","13":"product_tag-women","15":"first","16":"instock","17":"shipping-taxable","18":"purchasable","19":"product-type-variable","20":"has-default-attributes"},"acf":[],"_links":{"self":[{"href":"https:\/\/ezmolalite.com\/fr\/wp-json\/wp\/v2\/product\/5716","targetHints":{"allow":["GET"]}}],"collection":[{"href":"https:\/\/ezmolalite.com\/fr\/wp-json\/wp\/v2\/product"}],"about":[{"href":"https:\/\/ezmolalite.com\/fr\/wp-json\/wp\/v2\/types\/product"}],"replies":[{"embeddable":true,"href":"https:\/\/ezmolalite.com\/fr\/wp-json\/wp\/v2\/comments?post=5716"}],"version-history":[{"count":1,"href":"https:\/\/ezmolalite.com\/fr\/wp-json\/wp\/v2\/product\/5716\/revisions"}],"predecessor-version":[{"id":5725,"href":"https:\/\/ezmolalite.com\/fr\/wp-json\/wp\/v2\/product\/5716\/revisions\/5725"}],"wp:featuredmedia":[{"embeddable":true,"href":"https:\/\/ezmolalite.com\/fr\/wp-json\/wp\/v2\/media\/5724"}],"wp:attachment":[{"href":"https:\/\/ezmolalite.com\/fr\/wp-json\/wp\/v2\/media?parent=5716"}],"wp:term":[{"taxonomy":"product_brand","embeddable":true,"href":"https:\/\/ezmolalite.com\/fr\/wp-json\/wp\/v2\/product_brand?post=5716"},{"taxonomy":"product_cat","embeddable":true,"href":"https:\/\/ezmolalite.com\/fr\/wp-json\/wp\/v2\/product_cat?post=5716"},{"taxonomy":"product_tag","embeddable":true,"href":"https:\/\/ezmolalite.com\/fr\/wp-json\/wp\/v2\/product_tag?post=5716"}],"curies":[{"name":"wp","href":"https:\/\/api.w.org\/{rel}","templated":true}]}}