{"id":5726,"date":"2025-12-09T15:48:47","date_gmt":"2025-12-09T15:48:47","guid":{"rendered":"https:\/\/ezmolalite.com\/?post_type=product&#038;p=5726"},"modified":"2025-12-09T15:53:15","modified_gmt":"2025-12-09T15:53:15","slug":"robe-de-classe-et-elegance","status":"publish","type":"product","link":"https:\/\/ezmolalite.com\/fr\/product\/robe-de-classe-et-elegance\/","title":{"rendered":"Robe de Classe et \u00e9l\u00e9gance"},"content":{"rendered":"<p>Belle robe dames. Style \u00e9l\u00e9gant et disponible en diff\u00e9rentes tailles<\/p>\n","protected":false},"excerpt":{"rendered":"<p>Belle robe dames. Style \u00e9l\u00e9gant et disponible en diff\u00e9rentes tailles<\/p>\n","protected":false},"featured_media":5731,"comment_status":"open","ping_status":"closed","template":"","meta":{"_acf_changed":false},"product_brand":[],"product_cat":[19,61,73,301,259],"product_tag":[334,34,40],"class_list":{"0":"post-5726","1":"product","2":"type-product","3":"status-publish","4":"has-post-thumbnail","6":"product_cat-women","7":"product_cat-hot-sales","8":"product_cat-new-arrivals","9":"product_cat-women-dresses","10":"product_cat-women-clothes","11":"product_tag-2-pieces","12":"product_tag-fashion","13":"product_tag-women","15":"first","16":"instock","17":"shipping-taxable","18":"purchasable","19":"product-type-variable","20":"has-default-attributes"},"acf":[],"_links":{"self":[{"href":"https:\/\/ezmolalite.com\/fr\/wp-json\/wp\/v2\/product\/5726","targetHints":{"allow":["GET"]}}],"collection":[{"href":"https:\/\/ezmolalite.com\/fr\/wp-json\/wp\/v2\/product"}],"about":[{"href":"https:\/\/ezmolalite.com\/fr\/wp-json\/wp\/v2\/types\/product"}],"replies":[{"embeddable":true,"href":"https:\/\/ezmolalite.com\/fr\/wp-json\/wp\/v2\/comments?post=5726"}],"version-history":[{"count":1,"href":"https:\/\/ezmolalite.com\/fr\/wp-json\/wp\/v2\/product\/5726\/revisions"}],"predecessor-version":[{"id":5736,"href":"https:\/\/ezmolalite.com\/fr\/wp-json\/wp\/v2\/product\/5726\/revisions\/5736"}],"wp:featuredmedia":[{"embeddable":true,"href":"https:\/\/ezmolalite.com\/fr\/wp-json\/wp\/v2\/media\/5731"}],"wp:attachment":[{"href":"https:\/\/ezmolalite.com\/fr\/wp-json\/wp\/v2\/media?parent=5726"}],"wp:term":[{"taxonomy":"product_brand","embeddable":true,"href":"https:\/\/ezmolalite.com\/fr\/wp-json\/wp\/v2\/product_brand?post=5726"},{"taxonomy":"product_cat","embeddable":true,"href":"https:\/\/ezmolalite.com\/fr\/wp-json\/wp\/v2\/product_cat?post=5726"},{"taxonomy":"product_tag","embeddable":true,"href":"https:\/\/ezmolalite.com\/fr\/wp-json\/wp\/v2\/product_tag?post=5726"}],"curies":[{"name":"wp","href":"https:\/\/api.w.org\/{rel}","templated":true}]}}