{"id":5780,"date":"2025-12-09T16:52:08","date_gmt":"2025-12-09T16:52:08","guid":{"rendered":"https:\/\/ezmolalite.com\/?post_type=product&#038;p=5780"},"modified":"2025-12-09T16:54:50","modified_gmt":"2025-12-09T16:54:50","slug":"vetements-2-pieces-pour-femmes","status":"publish","type":"product","link":"https:\/\/ezmolalite.com\/fr\/product\/vetements-2-pieces-pour-femmes\/","title":{"rendered":"V\u00eatements 2 pi\u00e8ces pour femmes"},"content":{"rendered":"<p>V\u00eatements 2 pi\u00e8ces les femmes. Style \u00e9l\u00e9gant et disponible en diff\u00e9rentes tailles<\/p>\n","protected":false},"excerpt":{"rendered":"<p>V\u00eatements 2 pi\u00e8ces les femmes. Style \u00e9l\u00e9gant et disponible en diff\u00e9rentes tailles<\/p>\n","protected":false},"featured_media":5785,"comment_status":"open","ping_status":"closed","template":"","meta":{"_acf_changed":false},"product_brand":[],"product_cat":[19,61,301,259],"product_tag":[334,34,40],"class_list":{"0":"post-5780","1":"product","2":"type-product","3":"status-publish","4":"has-post-thumbnail","6":"product_cat-women","7":"product_cat-hot-sales","8":"product_cat-women-dresses","9":"product_cat-women-clothes","10":"product_tag-2-pieces","11":"product_tag-fashion","12":"product_tag-women","14":"first","15":"instock","16":"shipping-taxable","17":"purchasable","18":"product-type-variable","19":"has-default-attributes"},"acf":[],"_links":{"self":[{"href":"https:\/\/ezmolalite.com\/fr\/wp-json\/wp\/v2\/product\/5780","targetHints":{"allow":["GET"]}}],"collection":[{"href":"https:\/\/ezmolalite.com\/fr\/wp-json\/wp\/v2\/product"}],"about":[{"href":"https:\/\/ezmolalite.com\/fr\/wp-json\/wp\/v2\/types\/product"}],"replies":[{"embeddable":true,"href":"https:\/\/ezmolalite.com\/fr\/wp-json\/wp\/v2\/comments?post=5780"}],"version-history":[{"count":1,"href":"https:\/\/ezmolalite.com\/fr\/wp-json\/wp\/v2\/product\/5780\/revisions"}],"predecessor-version":[{"id":5789,"href":"https:\/\/ezmolalite.com\/fr\/wp-json\/wp\/v2\/product\/5780\/revisions\/5789"}],"wp:featuredmedia":[{"embeddable":true,"href":"https:\/\/ezmolalite.com\/fr\/wp-json\/wp\/v2\/media\/5785"}],"wp:attachment":[{"href":"https:\/\/ezmolalite.com\/fr\/wp-json\/wp\/v2\/media?parent=5780"}],"wp:term":[{"taxonomy":"product_brand","embeddable":true,"href":"https:\/\/ezmolalite.com\/fr\/wp-json\/wp\/v2\/product_brand?post=5780"},{"taxonomy":"product_cat","embeddable":true,"href":"https:\/\/ezmolalite.com\/fr\/wp-json\/wp\/v2\/product_cat?post=5780"},{"taxonomy":"product_tag","embeddable":true,"href":"https:\/\/ezmolalite.com\/fr\/wp-json\/wp\/v2\/product_tag?post=5780"}],"curies":[{"name":"wp","href":"https:\/\/api.w.org\/{rel}","templated":true}]}}