{"id":6086,"date":"2025-12-11T18:58:48","date_gmt":"2025-12-11T18:58:48","guid":{"rendered":"https:\/\/ezmolalite.com\/?post_type=product&#038;p=6086"},"modified":"2025-12-11T19:01:59","modified_gmt":"2025-12-11T19:01:59","slug":"sandales-ysl-a-bout-ouvert-pour-femmes","status":"publish","type":"product","link":"https:\/\/ezmolalite.com\/fr\/product\/sandales-ysl-a-bout-ouvert-pour-femmes\/","title":{"rendered":"Sandales YSL \u00e0 bout ouvert pour femmes"},"content":{"rendered":"<p>Sandales YSL \u00e0 bout ouvert pour femmes. Qualit\u00e9 et style.<\/p>\n","protected":false},"excerpt":{"rendered":"<p>Sandales YSL \u00e0 bout ouvert pour femmes. Qualit\u00e9 et style.<\/p>\n","protected":false},"featured_media":6067,"comment_status":"open","ping_status":"closed","template":"","meta":{"_acf_changed":false},"product_brand":[296],"product_cat":[256,19,61,73,62,347],"product_tag":[41,351,132,353,352],"class_list":{"0":"post-6086","1":"product","2":"type-product","3":"status-publish","4":"has-post-thumbnail","6":"product_brand-yves-st-laurent","7":"product_cat-women-shoes","8":"product_cat-women","9":"product_cat-hot-sales","10":"product_cat-new-arrivals","11":"product_cat-slider","12":"product_cat-speciale-fete","13":"product_tag-brown","14":"product_tag-femme","15":"product_tag-maron","16":"product_tag-sandales","17":"product_tag-slippers","19":"first","20":"instock","21":"shipping-taxable","22":"purchasable","23":"product-type-simple"},"acf":[],"_links":{"self":[{"href":"https:\/\/ezmolalite.com\/fr\/wp-json\/wp\/v2\/product\/6086","targetHints":{"allow":["GET"]}}],"collection":[{"href":"https:\/\/ezmolalite.com\/fr\/wp-json\/wp\/v2\/product"}],"about":[{"href":"https:\/\/ezmolalite.com\/fr\/wp-json\/wp\/v2\/types\/product"}],"replies":[{"embeddable":true,"href":"https:\/\/ezmolalite.com\/fr\/wp-json\/wp\/v2\/comments?post=6086"}],"version-history":[{"count":1,"href":"https:\/\/ezmolalite.com\/fr\/wp-json\/wp\/v2\/product\/6086\/revisions"}],"predecessor-version":[{"id":6087,"href":"https:\/\/ezmolalite.com\/fr\/wp-json\/wp\/v2\/product\/6086\/revisions\/6087"}],"wp:featuredmedia":[{"embeddable":true,"href":"https:\/\/ezmolalite.com\/fr\/wp-json\/wp\/v2\/media\/6067"}],"wp:attachment":[{"href":"https:\/\/ezmolalite.com\/fr\/wp-json\/wp\/v2\/media?parent=6086"}],"wp:term":[{"taxonomy":"product_brand","embeddable":true,"href":"https:\/\/ezmolalite.com\/fr\/wp-json\/wp\/v2\/product_brand?post=6086"},{"taxonomy":"product_cat","embeddable":true,"href":"https:\/\/ezmolalite.com\/fr\/wp-json\/wp\/v2\/product_cat?post=6086"},{"taxonomy":"product_tag","embeddable":true,"href":"https:\/\/ezmolalite.com\/fr\/wp-json\/wp\/v2\/product_tag?post=6086"}],"curies":[{"name":"wp","href":"https:\/\/api.w.org\/{rel}","templated":true}]}}