{"id":6093,"date":"2025-12-11T19:05:53","date_gmt":"2025-12-11T19:05:53","guid":{"rendered":"https:\/\/ezmolalite.com\/?post_type=product&#038;p=6093"},"modified":"2025-12-11T19:08:30","modified_gmt":"2025-12-11T19:08:30","slug":"talons-hauts-a-bouts-ouverts","status":"publish","type":"product","link":"https:\/\/ezmolalite.com\/fr\/product\/talons-hauts-a-bouts-ouverts\/","title":{"rendered":"Talons hauts \u00e0 bouts ouverts"},"content":{"rendered":"<p>Talons hauts \u00e0 bouts ouverts. Qualit\u00e9 et style.<\/p>\n","protected":false},"excerpt":{"rendered":"<p>Talons hauts \u00e0 bouts ouverts. Qualit\u00e9 et style.<\/p>\n","protected":false},"featured_media":6066,"comment_status":"open","ping_status":"closed","template":"","meta":{"_acf_changed":false},"product_brand":[232],"product_cat":[256,19,61,73,62,347],"product_tag":[351,97,98,350,354],"class_list":{"0":"post-6093","1":"product","2":"type-product","3":"status-publish","4":"has-post-thumbnail","6":"product_brand-gucci","7":"product_cat-women-shoes","8":"product_cat-women","9":"product_cat-hot-sales","10":"product_cat-new-arrivals","11":"product_cat-slider","12":"product_cat-speciale-fete","13":"product_tag-femme","14":"product_tag-heels","15":"product_tag-red","16":"product_tag-rouge","17":"product_tag-talons","19":"first","20":"instock","21":"sale","22":"shipping-taxable","23":"purchasable","24":"product-type-simple"},"acf":[],"_links":{"self":[{"href":"https:\/\/ezmolalite.com\/fr\/wp-json\/wp\/v2\/product\/6093","targetHints":{"allow":["GET"]}}],"collection":[{"href":"https:\/\/ezmolalite.com\/fr\/wp-json\/wp\/v2\/product"}],"about":[{"href":"https:\/\/ezmolalite.com\/fr\/wp-json\/wp\/v2\/types\/product"}],"replies":[{"embeddable":true,"href":"https:\/\/ezmolalite.com\/fr\/wp-json\/wp\/v2\/comments?post=6093"}],"version-history":[{"count":1,"href":"https:\/\/ezmolalite.com\/fr\/wp-json\/wp\/v2\/product\/6093\/revisions"}],"predecessor-version":[{"id":6094,"href":"https:\/\/ezmolalite.com\/fr\/wp-json\/wp\/v2\/product\/6093\/revisions\/6094"}],"wp:featuredmedia":[{"embeddable":true,"href":"https:\/\/ezmolalite.com\/fr\/wp-json\/wp\/v2\/media\/6066"}],"wp:attachment":[{"href":"https:\/\/ezmolalite.com\/fr\/wp-json\/wp\/v2\/media?parent=6093"}],"wp:term":[{"taxonomy":"product_brand","embeddable":true,"href":"https:\/\/ezmolalite.com\/fr\/wp-json\/wp\/v2\/product_brand?post=6093"},{"taxonomy":"product_cat","embeddable":true,"href":"https:\/\/ezmolalite.com\/fr\/wp-json\/wp\/v2\/product_cat?post=6093"},{"taxonomy":"product_tag","embeddable":true,"href":"https:\/\/ezmolalite.com\/fr\/wp-json\/wp\/v2\/product_tag?post=6093"}],"curies":[{"name":"wp","href":"https:\/\/api.w.org\/{rel}","templated":true}]}}